{"id":4558,"date":"2022-02-11T18:45:32","date_gmt":"2022-02-11T18:45:32","guid":{"rendered":"https:\/\/www.seochc.on.ca\/?page_id=4558"},"modified":"2025-10-22T15:09:41","modified_gmt":"2025-10-22T19:09:41","slug":"anonymous-hiv-testing","status":"publish","type":"page","link":"https:\/\/www.seochc.on.ca\/fr\/programs-and-services\/practical-support-and-counselling\/anonymous-hiv-testing\/","title":{"rendered":"D\u00e9pistage anonyme du VIH"},"content":{"rendered":"<div data-elementor-type=\"wp-page\" data-elementor-id=\"4558\" class=\"elementor elementor-4558\">\n\t\t\t\t\t\t<section class=\"elementor-section elementor-top-section elementor-element elementor-element-4c276b29 elementor-section-boxed elementor-section-height-default elementor-section-height-default\" data-id=\"4c276b29\" data-element_type=\"section\" data-e-type=\"section\">\n\t\t\t\t\t\t<div class=\"elementor-container elementor-column-gap-default\">\n\t\t\t\t\t<div class=\"elementor-column elementor-col-100 elementor-top-column elementor-element elementor-element-7126a53\" data-id=\"7126a53\" data-element_type=\"column\" data-e-type=\"column\">\n\t\t\t<div class=\"elementor-widget-wrap elementor-element-populated\">\n\t\t\t\t\t\t<div class=\"elementor-element elementor-element-18f90e3f elementor-widget elementor-widget-text-editor\" data-id=\"18f90e3f\" data-element_type=\"widget\" data-e-type=\"widget\" data-widget_type=\"text-editor.default\">\n\t\t\t\t<div class=\"elementor-widget-container\">\n\t\t\t\t\t\t\t\t\t<div class=\"wp-block-image\">\n<figure class=\"alignright size-medium\"><img fetchpriority=\"high\" decoding=\"async\" width=\"300\" height=\"199\" class=\"wp-image-5211\" src=\"https:\/\/www.seochc.on.ca\/wp-content\/uploads\/2022\/03\/anonymous-hiv-testing_inset-image-300x199.jpg\" alt=\"Blood sample vial with HIV test written on label.\" srcset=\"https:\/\/www.seochc.on.ca\/wp-content\/uploads\/2022\/03\/anonymous-hiv-testing_inset-image-300x199.jpg 300w, https:\/\/www.seochc.on.ca\/wp-content\/uploads\/2022\/03\/anonymous-hiv-testing_inset-image-768x509.jpg 768w, https:\/\/www.seochc.on.ca\/wp-content\/uploads\/2022\/03\/anonymous-hiv-testing_inset-image.jpg 800w\" sizes=\"(max-width: 300px) 100vw, 300px\" \/><\/figure>\n<\/div>\n<p><!-- \/wp:image --><\/p>\n<p><!-- wp:paragraph --><\/p>\n<p>Le d\u00e9pistage anonyme du VIH est propos\u00e9 \u00e0 tout le monde. Des services de conseil avant et apr\u00e8s le test sont propos\u00e9s dans le cadre de ce service. Le test de d\u00e9pistage du VIH est un test rapide administr\u00e9 au point de service (POC).<\/p>\n<p>Possibilit\u00e9 d'orientation vers les kits VIH et IST Get-a-Kit (non anonyme)<\/p>\n<p><!-- \/wp:paragraph --><\/p>\n<p><!-- wp:heading {\"style\":{\"color\":{\"background\":\"#10a1ea\"}},\"textColor\":\"white\",\"fontSize\":\"medium\"} --><\/p>\n<h2 class=\"has-white-color has-text-color has-background has-medium-font-size\" style=\"background-color: #10a1ea;\">Crit\u00e8res d'\u00e9ligibilit\u00e9<\/h2>\n<p><!-- \/wp:heading --><\/p>\n<p><!-- wp:paragraph --><\/p>\n<p>Ce service est accessible \u00e0 toute personne qui souhaite ou doit subir un test de d\u00e9pistage du VIH.<\/p>\n<p><!-- \/wp:paragraph --><\/p>\n<p><!-- wp:heading {\"style\":{\"color\":{\"background\":\"#10a1ea\"}},\"textColor\":\"white\",\"fontSize\":\"medium\"} --><\/p>\n<h2 class=\"has-white-color has-text-color has-background has-medium-font-size\" style=\"background-color: #10a1ea;\">Heures d'ouverture<\/h2>\n<p><!-- \/wp:heading --><\/p>\n<p><!-- wp:paragraph --><\/p>\n<p><!-- \/wp:paragraph --><\/p>\n<p><!-- wp:paragraph --><\/p>\n<p>Mardi, mercredi et vendredi de 13h00 \u00e0 16h00<\/p>\n<p>Aucun rendez-vous n'est n\u00e9cessaire. Demandez \u00e0 voir un agent d'accueil pour un test.<\/p>\n<p>Sur rendez-vous du lundi au vendredi de 8h30 \u00e0 16h00<\/p>\n<p><!-- \/wp:paragraph --><\/p>\n<p><!-- wp:heading {\"style\":{\"color\":{\"background\":\"#10a1ea\"}},\"textColor\":\"white\",\"fontSize\":\"medium\"} --><\/p>\n<h2 class=\"has-white-color has-text-color has-background has-medium-font-size\" style=\"background-color: #10a1ea;\">Localisation<\/h2>\n<div>\n<p><!-- \/wp:heading --><\/p>\n<p><!-- wp:paragraph --><\/p>\n<p>1355 Bank St., Suite 600, Ottawa, ON<\/p>\n<p><img decoding=\"async\" class=\"aligncenter wp-image-7318\" src=\"https:\/\/www.seochc.on.ca\/wp-content\/uploads\/2021\/02\/GetaKitFlyer_Dec2022_page-0001.jpg\" alt=\"\" width=\"900\" height=\"1165\" srcset=\"https:\/\/www.seochc.on.ca\/wp-content\/uploads\/2021\/02\/GetaKitFlyer_Dec2022_page-0001.jpg 1275w, https:\/\/www.seochc.on.ca\/wp-content\/uploads\/2021\/02\/GetaKitFlyer_Dec2022_page-0001-232x300.jpg 232w, https:\/\/www.seochc.on.ca\/wp-content\/uploads\/2021\/02\/GetaKitFlyer_Dec2022_page-0001-791x1024.jpg 791w, https:\/\/www.seochc.on.ca\/wp-content\/uploads\/2021\/02\/GetaKitFlyer_Dec2022_page-0001-768x994.jpg 768w, https:\/\/www.seochc.on.ca\/wp-content\/uploads\/2021\/02\/GetaKitFlyer_Dec2022_page-0001-1187x1536.jpg 1187w, https:\/\/www.seochc.on.ca\/wp-content\/uploads\/2021\/02\/GetaKitFlyer_Dec2022_page-0001-9x12.jpg 9w\" sizes=\"(max-width: 900px) 100vw, 900px\" \/><\/p>\n<p><!-- \/wp:paragraph --><\/p>\n<\/div>\t\t\t\t\t\t\t\t<\/div>\n\t\t\t\t<\/div>\n\t\t\t\t\t<\/div>\n\t\t<\/div>\n\t\t\t\t\t<\/div>\n\t\t<\/section>\n\t\t\t\t<section class=\"elementor-section elementor-top-section elementor-element elementor-element-1546fb9 elementor-section-boxed elementor-section-height-default elementor-section-height-default\" data-id=\"1546fb9\" data-element_type=\"section\" data-e-type=\"section\">\n\t\t\t\t\t\t<div class=\"elementor-container elementor-column-gap-default\">\n\t\t\t\t\t<div class=\"elementor-column elementor-col-100 elementor-top-column elementor-element elementor-element-48e3568\" data-id=\"48e3568\" data-element_type=\"column\" data-e-type=\"column\">\n\t\t\t<div class=\"elementor-widget-wrap elementor-element-populated\">\n\t\t\t\t\t\t\t<\/div>\n\t\t<\/div>\n\t\t\t\t\t<\/div>\n\t\t<\/section>\n\t\t\t\t<\/div>","protected":false},"excerpt":{"rendered":"<p>Anonymous HIV testing offered to anyone. Pre and post counselling is offered as part of this service. The HIV test is a rapid test administered at point-of-care (POC). Referral to Get-a-Kit HIV and STI kits possible (not anonymous) Eligibility Criteria This service is available to anyone and everyone who needs or wants to be tested [&hellip;]<\/p>\n","protected":false},"author":1,"featured_media":5210,"parent":4542,"menu_order":0,"comment_status":"closed","ping_status":"closed","template":"template_program-page_psac.php","meta":{"_monsterinsights_skip_tracking":false,"_monsterinsights_sitenote_active":false,"_monsterinsights_sitenote_note":"","_monsterinsights_sitenote_category":0,"footnotes":"","_links_to":"","_links_to_target":""},"class_list":["post-4558","page","type-page","status-publish","has-post-thumbnail","hentry"],"aioseo_notices":[],"publishpress_future_workflow_manual_trigger":{"enabledWorkflows":[]},"rttpg_featured_image_url":{"full":["https:\/\/www.seochc.on.ca\/wp-content\/uploads\/2022\/03\/anonymous-hiv-testing_featured-image.jpg",1200,630,false],"landscape":["https:\/\/www.seochc.on.ca\/wp-content\/uploads\/2022\/03\/anonymous-hiv-testing_featured-image.jpg",1200,630,false],"portraits":["https:\/\/www.seochc.on.ca\/wp-content\/uploads\/2022\/03\/anonymous-hiv-testing_featured-image.jpg",1200,630,false],"thumbnail":["https:\/\/www.seochc.on.ca\/wp-content\/uploads\/2022\/03\/anonymous-hiv-testing_featured-image-150x150.jpg",150,150,true],"medium":["https:\/\/www.seochc.on.ca\/wp-content\/uploads\/2022\/03\/anonymous-hiv-testing_featured-image-300x158.jpg",300,158,true],"large":["https:\/\/www.seochc.on.ca\/wp-content\/uploads\/2022\/03\/anonymous-hiv-testing_featured-image-1024x538.jpg",1024,538,true],"1536x1536":["https:\/\/www.seochc.on.ca\/wp-content\/uploads\/2022\/03\/anonymous-hiv-testing_featured-image.jpg",1200,630,false],"2048x2048":["https:\/\/www.seochc.on.ca\/wp-content\/uploads\/2022\/03\/anonymous-hiv-testing_featured-image.jpg",1200,630,false],"trp-custom-language-flag":["https:\/\/www.seochc.on.ca\/wp-content\/uploads\/2022\/03\/anonymous-hiv-testing_featured-image.jpg",18,9,false],"rt_custom":["https:\/\/www.seochc.on.ca\/wp-content\/uploads\/2022\/03\/anonymous-hiv-testing_featured-image.jpg",1200,630,false]},"rttpg_author":{"display_name":"mastercontroller","author_link":"https:\/\/www.seochc.on.ca\/fr\/author\/mastercontroller\/"},"rttpg_comment":0,"rttpg_category":null,"rttpg_excerpt":"Anonymous HIV testing offered to anyone. Pre and post counselling is offered as part of this service. The HIV test is a rapid test administered at point-of-care (POC). Referral to Get-a-Kit HIV and STI kits possible (not anonymous) Eligibility Criteria This service is available to anyone and everyone who needs or wants to be tested&hellip;","_links":{"self":[{"href":"https:\/\/www.seochc.on.ca\/fr\/wp-json\/wp\/v2\/pages\/4558","targetHints":{"allow":["GET"]}}],"collection":[{"href":"https:\/\/www.seochc.on.ca\/fr\/wp-json\/wp\/v2\/pages"}],"about":[{"href":"https:\/\/www.seochc.on.ca\/fr\/wp-json\/wp\/v2\/types\/page"}],"author":[{"embeddable":true,"href":"https:\/\/www.seochc.on.ca\/fr\/wp-json\/wp\/v2\/users\/1"}],"replies":[{"embeddable":true,"href":"https:\/\/www.seochc.on.ca\/fr\/wp-json\/wp\/v2\/comments?post=4558"}],"version-history":[{"count":24,"href":"https:\/\/www.seochc.on.ca\/fr\/wp-json\/wp\/v2\/pages\/4558\/revisions"}],"predecessor-version":[{"id":9690,"href":"https:\/\/www.seochc.on.ca\/fr\/wp-json\/wp\/v2\/pages\/4558\/revisions\/9690"}],"up":[{"embeddable":true,"href":"https:\/\/www.seochc.on.ca\/fr\/wp-json\/wp\/v2\/pages\/4542"}],"wp:featuredmedia":[{"embeddable":true,"href":"https:\/\/www.seochc.on.ca\/fr\/wp-json\/wp\/v2\/media\/5210"}],"wp:attachment":[{"href":"https:\/\/www.seochc.on.ca\/fr\/wp-json\/wp\/v2\/media?parent=4558"}],"curies":[{"name":"wp","href":"https:\/\/api.w.org\/{rel}","templated":true}]}}