{"id":4560,"date":"2022-02-11T18:47:03","date_gmt":"2022-02-11T18:47:03","guid":{"rendered":"https:\/\/www.seochc.on.ca\/?page_id=4560"},"modified":"2025-10-22T13:44:29","modified_gmt":"2025-10-22T17:44:29","slug":"harm-reduction-supplies","status":"publish","type":"page","link":"https:\/\/www.seochc.on.ca\/fr\/programs-and-services\/practical-support-and-counselling\/harm-reduction-supplies\/","title":{"rendered":"Fournitures pour la r\u00e9duction des risques"},"content":{"rendered":"<div class=\"wp-block-image\">\n<figure class=\"alignright size-medium\"><img fetchpriority=\"high\" decoding=\"async\" width=\"300\" height=\"200\" src=\"https:\/\/www.seochc.on.ca\/wp-content\/uploads\/2022\/03\/harm-reduction-supplies_inset-image-300x200.jpg\" alt=\"Closeup of a hand passing a loaded syringe to another hand.\" class=\"wp-image-5230\" srcset=\"https:\/\/www.seochc.on.ca\/wp-content\/uploads\/2022\/03\/harm-reduction-supplies_inset-image-300x200.jpg 300w, https:\/\/www.seochc.on.ca\/wp-content\/uploads\/2022\/03\/harm-reduction-supplies_inset-image-768x513.jpg 768w, https:\/\/www.seochc.on.ca\/wp-content\/uploads\/2022\/03\/harm-reduction-supplies_inset-image.jpg 800w\" sizes=\"(max-width: 300px) 100vw, 300px\" \/><\/figure>\n<\/div>\n\n\n<p>Le programme anonyme d'\u00e9change de seringues et d'inhalation plus s\u00fbre (NESI) offre des services de r\u00e9duction des risques aux personnes qui consomment des drogues. Ces services comprennent l'achat de mat\u00e9riel d'inhalation et d'injection plus s\u00fbr, la collecte et l'\u00e9limination du mat\u00e9riel usag\u00e9 dans un environnement o\u00f9 l'on ne porte pas de jugement et o\u00f9 l'on se sent soutenu.<\/p>\n\n\n\n<p>Des kits de Naloxone sont disponibles.<\/p>\n\n\n\n<p>Ce programme fournit des informations sur les ressources communautaires et oriente vers des services communautaires, sanitaires et sociaux.<\/p>\n\n\n\n<h2 class=\"wp-block-heading has-white-color has-text-color has-background has-medium-font-size\" style=\"background-color:#10a1ea\">Crit\u00e8res d'\u00e9ligibilit\u00e9<\/h2>\n\n\n\n<p>Toute personne qui consomme des drogues et qui vit dans la r\u00e9gion d'Ottawa.<\/p>\n\n\n\n<h2 class=\"wp-block-heading has-white-color has-text-color has-background has-medium-font-size\" style=\"background-color:#10a1ea\">Heures d'ouverture<\/h2>\n\n\n\n<p>Du lundi au vendredi de 13h00 \u00e0 16h00<\/p>\n\n\n\n<h2 class=\"wp-block-heading has-white-color has-text-color has-background has-medium-font-size\" style=\"background-color:#10a1ea\">Localisation<\/h2>\n\n\n\n<p>1355 Bank St., Suite 600, Ottawa, ON<\/p>","protected":false},"excerpt":{"rendered":"<p>The anonymous needle exchange &amp; safer inhalation (NESI) Program offers harm reduction services for people who use drugs. Supports include safer inhalation &amp; injection supplies, collection and disposal of used equipment in a non-judgmental and supportive environment. Naloxone kits available. This program provides information on community resources and offers referrals to community, health and social [&hellip;]<\/p>\n","protected":false},"author":1,"featured_media":5231,"parent":4542,"menu_order":0,"comment_status":"closed","ping_status":"closed","template":"template_program-page_psac.php","meta":{"_monsterinsights_skip_tracking":false,"_monsterinsights_sitenote_active":false,"_monsterinsights_sitenote_note":"","_monsterinsights_sitenote_category":0,"footnotes":"","_links_to":"","_links_to_target":""},"class_list":["post-4560","page","type-page","status-publish","has-post-thumbnail","hentry"],"aioseo_notices":[],"publishpress_future_workflow_manual_trigger":{"enabledWorkflows":[]},"rttpg_featured_image_url":{"full":["https:\/\/www.seochc.on.ca\/wp-content\/uploads\/2022\/03\/harm-reduction-supplies_featured-image.jpg",1200,630,false],"landscape":["https:\/\/www.seochc.on.ca\/wp-content\/uploads\/2022\/03\/harm-reduction-supplies_featured-image.jpg",1200,630,false],"portraits":["https:\/\/www.seochc.on.ca\/wp-content\/uploads\/2022\/03\/harm-reduction-supplies_featured-image.jpg",1200,630,false],"thumbnail":["https:\/\/www.seochc.on.ca\/wp-content\/uploads\/2022\/03\/harm-reduction-supplies_featured-image-150x150.jpg",150,150,true],"medium":["https:\/\/www.seochc.on.ca\/wp-content\/uploads\/2022\/03\/harm-reduction-supplies_featured-image-300x158.jpg",300,158,true],"large":["https:\/\/www.seochc.on.ca\/wp-content\/uploads\/2022\/03\/harm-reduction-supplies_featured-image-1024x538.jpg",1024,538,true],"1536x1536":["https:\/\/www.seochc.on.ca\/wp-content\/uploads\/2022\/03\/harm-reduction-supplies_featured-image.jpg",1200,630,false],"2048x2048":["https:\/\/www.seochc.on.ca\/wp-content\/uploads\/2022\/03\/harm-reduction-supplies_featured-image.jpg",1200,630,false],"trp-custom-language-flag":["https:\/\/www.seochc.on.ca\/wp-content\/uploads\/2022\/03\/harm-reduction-supplies_featured-image.jpg",18,9,false],"rt_custom":["https:\/\/www.seochc.on.ca\/wp-content\/uploads\/2022\/03\/harm-reduction-supplies_featured-image.jpg",1200,630,false]},"rttpg_author":{"display_name":"mastercontroller","author_link":"https:\/\/www.seochc.on.ca\/fr\/author\/mastercontroller\/"},"rttpg_comment":0,"rttpg_category":null,"rttpg_excerpt":"The anonymous needle exchange &amp; safer inhalation (NESI) Program offers harm reduction services for people who use drugs. Supports include safer inhalation &amp; injection supplies, collection and disposal of used equipment in a non-judgmental and supportive environment. Naloxone kits available. This program provides information on community resources and offers referrals to community, health and social&hellip;","_links":{"self":[{"href":"https:\/\/www.seochc.on.ca\/fr\/wp-json\/wp\/v2\/pages\/4560","targetHints":{"allow":["GET"]}}],"collection":[{"href":"https:\/\/www.seochc.on.ca\/fr\/wp-json\/wp\/v2\/pages"}],"about":[{"href":"https:\/\/www.seochc.on.ca\/fr\/wp-json\/wp\/v2\/types\/page"}],"author":[{"embeddable":true,"href":"https:\/\/www.seochc.on.ca\/fr\/wp-json\/wp\/v2\/users\/1"}],"replies":[{"embeddable":true,"href":"https:\/\/www.seochc.on.ca\/fr\/wp-json\/wp\/v2\/comments?post=4560"}],"version-history":[{"count":5,"href":"https:\/\/www.seochc.on.ca\/fr\/wp-json\/wp\/v2\/pages\/4560\/revisions"}],"predecessor-version":[{"id":9684,"href":"https:\/\/www.seochc.on.ca\/fr\/wp-json\/wp\/v2\/pages\/4560\/revisions\/9684"}],"up":[{"embeddable":true,"href":"https:\/\/www.seochc.on.ca\/fr\/wp-json\/wp\/v2\/pages\/4542"}],"wp:featuredmedia":[{"embeddable":true,"href":"https:\/\/www.seochc.on.ca\/fr\/wp-json\/wp\/v2\/media\/5231"}],"wp:attachment":[{"href":"https:\/\/www.seochc.on.ca\/fr\/wp-json\/wp\/v2\/media?parent=4560"}],"curies":[{"name":"wp","href":"https:\/\/api.w.org\/{rel}","templated":true}]}}