{"id":4564,"date":"2022-02-11T18:47:46","date_gmt":"2022-02-11T18:47:46","guid":{"rendered":"https:\/\/www.seochc.on.ca\/?page_id=4564"},"modified":"2025-10-16T11:26:17","modified_gmt":"2025-10-16T15:26:17","slug":"youth-services","status":"publish","type":"page","link":"https:\/\/www.seochc.on.ca\/fr\/programs-and-services\/community-services\/youth-services\/","title":{"rendered":"Services \u00e0 la jeunesse"},"content":{"rendered":"<div class=\"wp-block-image\">\n<figure class=\"alignright size-medium\"><img fetchpriority=\"high\" decoding=\"async\" width=\"268\" height=\"300\" src=\"https:\/\/www.seochc.on.ca\/wp-content\/uploads\/2022\/03\/youth-services_inset-image-1-268x300.jpg\" alt=\"three youths from seochc posing for portraits\" class=\"wp-image-4983\" srcset=\"https:\/\/www.seochc.on.ca\/wp-content\/uploads\/2022\/03\/youth-services_inset-image-1-268x300.jpg 268w, https:\/\/www.seochc.on.ca\/wp-content\/uploads\/2022\/03\/youth-services_inset-image-1-768x858.jpg 768w, https:\/\/www.seochc.on.ca\/wp-content\/uploads\/2022\/03\/youth-services_inset-image-1.jpg 800w\" sizes=\"(max-width: 268px) 100vw, 268px\" \/><\/figure>\n<\/div>\n\n\n<p>Nous offrons une gamme de services \u00e0 la jeunesse et de programmes de promotion de la sant\u00e9 pour les enfants d'Ottawa qui s'attaquent aux d\u00e9terminants sociaux de la sant\u00e9. Ces services et programmes comprennent des haltes-accueil pour les jeunes, des clubs d'aide aux devoirs, des programmes de loisirs, des programmes de parcs d'\u00e9t\u00e9, du soutien \u00e0 l'emploi, du mentorat et bien plus encore. Nos programmes pour les jeunes sont con\u00e7us pour ne pas pr\u00e9senter d'obstacles et pour faire participer les enfants et les jeunes les plus vuln\u00e9rables qui vivent dans la r\u00e9gion d'Ottawa.<\/p>\n\n\n\n<h2 class=\"wp-block-heading has-white-color has-text-color has-background has-medium-font-size\" style=\"background-color:#10a1ea\">Crit\u00e8res d'\u00e9ligibilit\u00e9<\/h2>\n\n\n\n<p>Nos services \u00e0 la jeunesse s'adressent aux enfants et aux jeunes \u00e2g\u00e9s de 12 \u00e0 18 ans qui vivent dans la r\u00e9gion du sud-est d'Ottawa.<\/p>\n\n\n\n<p>Pour plus d'informations sur les ateliers, les possibilit\u00e9s de formation ou les projets \u00e0 venir, veuillez contacter notre promotrice de la sant\u00e9 pour les jeunes : (613) 737-7195, poste 3240<\/p>\n\n\n\n<h2 class=\"wp-block-heading has-white-color has-text-color has-background has-medium-font-size\" style=\"background-color:#10a1ea\">Heures d'ouverture<\/h2>\n\n\n\n<div class=\"wp-block-group is-vertical is-layout-flex wp-container-core-group-is-layout-8cf370e7 wp-block-group-is-layout-flex\">\n<div class=\"wp-block-group is-vertical is-layout-flex wp-container-core-group-is-layout-8cf370e7 wp-block-group-is-layout-flex\">\n<p><\/p>\n\n\n\n<p>Hunt Club Riverside :<\/p>\n\n\n\n<p><strong>Espace jeunesse<\/strong> : Vendredi de 17h \u00e0 21h<\/p>\n<\/div>\n\n\n\n<p><strong>Les filles en mouvement<\/strong> : Les mercredis de 18 \u00e0 20 heures<\/p>\n<\/div>\n\n\n\n<div class=\"wp-block-group is-vertical is-layout-flex wp-container-core-group-is-layout-8cf370e7 wp-block-group-is-layout-flex\">\n<p><\/p>\n\n\n\n<p><\/p>\n\n\n\n<p>BGC Taggart Park Family Club House<\/p>\n\n\n\n<p><strong>Point chaud<\/strong>: Jeudi de 18 \u00e0 20 heures<\/p>\n<\/div>\n\n\n\n<p><\/p>\n\n\n\n<h2 class=\"wp-block-heading has-white-color has-text-color has-background has-medium-font-size\" style=\"background-color:#10a1ea\">Localisation<\/h2>\n\n\n\n<p>Hunt Club Youth Youth Zone :<br>3320 Paul Anka Drive (Centre communautaire Hunt Club Riverside)<\/p>\n\n\n\n<p>BGC Taggart Park Family Club House :<br>1770 Heatherington Rd<\/p>\n\n\n\n<div class=\"wp-block-columns is-layout-flex wp-container-core-columns-is-layout-9d6595d7 wp-block-columns-is-layout-flex\">\n<div class=\"wp-block-column is-layout-flow wp-block-column-is-layout-flow\">\n<figure class=\"wp-block-image size-large\"><img decoding=\"async\" width=\"725\" height=\"1024\" src=\"https:\/\/www.seochc.on.ca\/wp-content\/uploads\/2022\/03\/youth-services_inset-image-2-725x1024.jpg\" alt=\"Boy with pink hoodie leaning back with arms folded.\" class=\"wp-image-4990\" srcset=\"https:\/\/www.seochc.on.ca\/wp-content\/uploads\/2022\/03\/youth-services_inset-image-2-725x1024.jpg 725w, https:\/\/www.seochc.on.ca\/wp-content\/uploads\/2022\/03\/youth-services_inset-image-2-212x300.jpg 212w, https:\/\/www.seochc.on.ca\/wp-content\/uploads\/2022\/03\/youth-services_inset-image-2-768x1085.jpg 768w, https:\/\/www.seochc.on.ca\/wp-content\/uploads\/2022\/03\/youth-services_inset-image-2.jpg 800w\" sizes=\"(max-width: 725px) 100vw, 725px\" \/><\/figure>\n<\/div>\n\n\n\n<div class=\"wp-block-column is-layout-flow wp-block-column-is-layout-flow\">\n<figure class=\"wp-block-image size-large\"><img decoding=\"async\" width=\"725\" height=\"1024\" src=\"https:\/\/www.seochc.on.ca\/wp-content\/uploads\/2022\/03\/youth-services_inset-image-3-725x1024.jpg\" alt=\"Girl wearing hijab resting her head on her hands.\" class=\"wp-image-4991\" srcset=\"https:\/\/www.seochc.on.ca\/wp-content\/uploads\/2022\/03\/youth-services_inset-image-3-725x1024.jpg 725w, https:\/\/www.seochc.on.ca\/wp-content\/uploads\/2022\/03\/youth-services_inset-image-3-212x300.jpg 212w, https:\/\/www.seochc.on.ca\/wp-content\/uploads\/2022\/03\/youth-services_inset-image-3-768x1085.jpg 768w, https:\/\/www.seochc.on.ca\/wp-content\/uploads\/2022\/03\/youth-services_inset-image-3.jpg 800w\" sizes=\"(max-width: 725px) 100vw, 725px\" \/><\/figure>\n<\/div>\n\n\n\n<div class=\"wp-block-column is-layout-flow wp-block-column-is-layout-flow\">\n<figure class=\"wp-block-image size-large\"><img loading=\"lazy\" decoding=\"async\" width=\"725\" height=\"1024\" src=\"https:\/\/www.seochc.on.ca\/wp-content\/uploads\/2022\/03\/youth-services_inset-image-4-725x1024.jpg\" alt=\"Boy staring up into the distant right.\" class=\"wp-image-4988\" srcset=\"https:\/\/www.seochc.on.ca\/wp-content\/uploads\/2022\/03\/youth-services_inset-image-4-725x1024.jpg 725w, https:\/\/www.seochc.on.ca\/wp-content\/uploads\/2022\/03\/youth-services_inset-image-4-212x300.jpg 212w, https:\/\/www.seochc.on.ca\/wp-content\/uploads\/2022\/03\/youth-services_inset-image-4-768x1085.jpg 768w, https:\/\/www.seochc.on.ca\/wp-content\/uploads\/2022\/03\/youth-services_inset-image-4.jpg 800w\" sizes=\"(max-width: 725px) 100vw, 725px\" \/><\/figure>\n<\/div>\n\n\n\n<div class=\"wp-block-column is-layout-flow wp-block-column-is-layout-flow\">\n<figure class=\"wp-block-image size-large\"><img loading=\"lazy\" decoding=\"async\" width=\"725\" height=\"1024\" src=\"https:\/\/www.seochc.on.ca\/wp-content\/uploads\/2022\/03\/youth-services_inset-image-5-725x1024.jpg\" alt=\"Girl wearing hijab resting her chin on clasped hands. \" class=\"wp-image-4987\" srcset=\"https:\/\/www.seochc.on.ca\/wp-content\/uploads\/2022\/03\/youth-services_inset-image-5-725x1024.jpg 725w, https:\/\/www.seochc.on.ca\/wp-content\/uploads\/2022\/03\/youth-services_inset-image-5-212x300.jpg 212w, https:\/\/www.seochc.on.ca\/wp-content\/uploads\/2022\/03\/youth-services_inset-image-5-768x1085.jpg 768w, https:\/\/www.seochc.on.ca\/wp-content\/uploads\/2022\/03\/youth-services_inset-image-5.jpg 800w\" sizes=\"(max-width: 725px) 100vw, 725px\" \/><\/figure>\n<\/div>\n<\/div>\n\n\n\n<p><\/p>","protected":false},"excerpt":{"rendered":"<p>We offer a range of Youth Services and Health Promotion programs for children in Ottawa that address the social determinants of health. These services and programs include youth drop-ins, homework clubs, recreation programs, summer park programs, employment support, mentoring and much more. Our Youth programs are designed to be barrier free and engage more vulnerable [&hellip;]<\/p>\n","protected":false},"author":1,"featured_media":4993,"parent":4562,"menu_order":0,"comment_status":"closed","ping_status":"closed","template":"template_program-page_cs.php","meta":{"_monsterinsights_skip_tracking":false,"_monsterinsights_sitenote_active":false,"_monsterinsights_sitenote_note":"","_monsterinsights_sitenote_category":0,"footnotes":"","_links_to":"","_links_to_target":""},"class_list":["post-4564","page","type-page","status-publish","has-post-thumbnail","hentry"],"aioseo_notices":[],"publishpress_future_workflow_manual_trigger":{"enabledWorkflows":[]},"rttpg_featured_image_url":{"full":["https:\/\/www.seochc.on.ca\/wp-content\/uploads\/2022\/03\/youth-services_featured-image.jpg",1200,630,false],"landscape":["https:\/\/www.seochc.on.ca\/wp-content\/uploads\/2022\/03\/youth-services_featured-image.jpg",1200,630,false],"portraits":["https:\/\/www.seochc.on.ca\/wp-content\/uploads\/2022\/03\/youth-services_featured-image.jpg",1200,630,false],"thumbnail":["https:\/\/www.seochc.on.ca\/wp-content\/uploads\/2022\/03\/youth-services_featured-image-150x150.jpg",150,150,true],"medium":["https:\/\/www.seochc.on.ca\/wp-content\/uploads\/2022\/03\/youth-services_featured-image-300x158.jpg",300,158,true],"large":["https:\/\/www.seochc.on.ca\/wp-content\/uploads\/2022\/03\/youth-services_featured-image-1024x538.jpg",1024,538,true],"1536x1536":["https:\/\/www.seochc.on.ca\/wp-content\/uploads\/2022\/03\/youth-services_featured-image.jpg",1200,630,false],"2048x2048":["https:\/\/www.seochc.on.ca\/wp-content\/uploads\/2022\/03\/youth-services_featured-image.jpg",1200,630,false],"trp-custom-language-flag":["https:\/\/www.seochc.on.ca\/wp-content\/uploads\/2022\/03\/youth-services_featured-image.jpg",18,9,false],"rt_custom":["https:\/\/www.seochc.on.ca\/wp-content\/uploads\/2022\/03\/youth-services_featured-image.jpg",1200,630,false]},"rttpg_author":{"display_name":"mastercontroller","author_link":"https:\/\/www.seochc.on.ca\/fr\/author\/mastercontroller\/"},"rttpg_comment":0,"rttpg_category":null,"rttpg_excerpt":"We offer a range of Youth Services and Health Promotion programs for children in Ottawa that address the social determinants of health. These services and programs include youth drop-ins, homework clubs, recreation programs, summer park programs, employment support, mentoring and much more. Our Youth programs are designed to be barrier free and engage more vulnerable&hellip;","_links":{"self":[{"href":"https:\/\/www.seochc.on.ca\/fr\/wp-json\/wp\/v2\/pages\/4564","targetHints":{"allow":["GET"]}}],"collection":[{"href":"https:\/\/www.seochc.on.ca\/fr\/wp-json\/wp\/v2\/pages"}],"about":[{"href":"https:\/\/www.seochc.on.ca\/fr\/wp-json\/wp\/v2\/types\/page"}],"author":[{"embeddable":true,"href":"https:\/\/www.seochc.on.ca\/fr\/wp-json\/wp\/v2\/users\/1"}],"replies":[{"embeddable":true,"href":"https:\/\/www.seochc.on.ca\/fr\/wp-json\/wp\/v2\/comments?post=4564"}],"version-history":[{"count":10,"href":"https:\/\/www.seochc.on.ca\/fr\/wp-json\/wp\/v2\/pages\/4564\/revisions"}],"predecessor-version":[{"id":9631,"href":"https:\/\/www.seochc.on.ca\/fr\/wp-json\/wp\/v2\/pages\/4564\/revisions\/9631"}],"up":[{"embeddable":true,"href":"https:\/\/www.seochc.on.ca\/fr\/wp-json\/wp\/v2\/pages\/4562"}],"wp:featuredmedia":[{"embeddable":true,"href":"https:\/\/www.seochc.on.ca\/fr\/wp-json\/wp\/v2\/media\/4993"}],"wp:attachment":[{"href":"https:\/\/www.seochc.on.ca\/fr\/wp-json\/wp\/v2\/media?parent=4564"}],"curies":[{"name":"wp","href":"https:\/\/api.w.org\/{rel}","templated":true}]}}