{"id":4578,"date":"2022-02-11T18:50:56","date_gmt":"2022-02-11T18:50:56","guid":{"rendered":"https:\/\/www.seochc.on.ca\/?page_id=4578"},"modified":"2025-10-17T13:12:11","modified_gmt":"2025-10-17T17:12:11","slug":"primary-care-outreach","status":"publish","type":"page","link":"https:\/\/www.seochc.on.ca\/fr\/programs-and-services\/community-services\/primary-care-outreach\/","title":{"rendered":"Sensibilisation aux soins primaires"},"content":{"rendered":"<div class=\"wp-block-image\">\n<figure class=\"alignright size-medium\"><img fetchpriority=\"high\" decoding=\"async\" width=\"300\" height=\"200\" src=\"https:\/\/www.seochc.on.ca\/wp-content\/uploads\/2022\/03\/primary-care-outreach_inset-image-1-300x200.jpg\" alt=\"Medical professional tests blood pressure of elderly man.\" class=\"wp-image-4978\" srcset=\"https:\/\/www.seochc.on.ca\/wp-content\/uploads\/2022\/03\/primary-care-outreach_inset-image-1-300x200.jpg 300w, https:\/\/www.seochc.on.ca\/wp-content\/uploads\/2022\/03\/primary-care-outreach_inset-image-1-768x512.jpg 768w, https:\/\/www.seochc.on.ca\/wp-content\/uploads\/2022\/03\/primary-care-outreach_inset-image-1.jpg 800w\" sizes=\"(max-width: 300px) 100vw, 300px\" \/><\/figure>\n<\/div>\n\n\n<p>Des infirmi\u00e8res dipl\u00f4m\u00e9es et des agents de sant\u00e9 communautaire offrent des services gratuits \u00e0 domicile aux personnes \u00e2g\u00e9es de 65 ans et plus. L'objectif est d'aider les personnes \u00e2g\u00e9es isol\u00e9es et vuln\u00e9rables, qui vivent \u00e0 domicile, \u00e0 acc\u00e9der aux soins et aux ressources n\u00e9cessaires pour assurer leur bien-\u00eatre et vivre en toute s\u00e9curit\u00e9.<\/p>\n\n\n\n<p><\/p>\n\n\n\n<h2 class=\"wp-block-heading has-white-color has-text-color has-background has-medium-font-size\" style=\"background-color:#10a1ea\">Crit\u00e8res d'\u00e9ligibilit\u00e9<\/h2>\n\n\n\n<p>Les personnes \u00e2g\u00e9es de plus de 65 ans pr\u00e9sentant un ou plusieurs des crit\u00e8res suivants :<\/p>\n\n\n<div class=\"wp-block-image\">\n<figure class=\"alignright size-medium\"><img decoding=\"async\" width=\"300\" height=\"200\" src=\"https:\/\/www.seochc.on.ca\/wp-content\/uploads\/2022\/03\/primary-care-outreach_inset-image-2-300x200.jpg\" alt=\"Medical professional writing on paper document while elderly woman looks on.\" class=\"wp-image-4979\" srcset=\"https:\/\/www.seochc.on.ca\/wp-content\/uploads\/2022\/03\/primary-care-outreach_inset-image-2-300x200.jpg 300w, https:\/\/www.seochc.on.ca\/wp-content\/uploads\/2022\/03\/primary-care-outreach_inset-image-2-768x512.jpg 768w, https:\/\/www.seochc.on.ca\/wp-content\/uploads\/2022\/03\/primary-care-outreach_inset-image-2.jpg 800w\" sizes=\"(max-width: 300px) 100vw, 300px\" \/><\/figure>\n<\/div>\n\n\n<ul class=\"wp-block-list\">\n<li>Vit seul ou est isol\u00e9<\/li>\n\n\n\n<li>Peu de r\u00e9seau de soutien (amis\/famille)<\/li>\n\n\n\n<li>Risque d'expulsion\/obstacles financiers<\/li>\n\n\n\n<li>Maladie\/douleur chronique<\/li>\n\n\n\n<li>Visites r\u00e9centes aux urgences<\/li>\n\n\n\n<li>R\u00e9admission \u00e0 l'h\u00f4pital dans les 30 jours suivant la sortie<\/li>\n\n\n\n<li>Changement r\u00e9cent dans la m\u00e9moire\/la cognition<\/li>\n\n\n\n<li>Chutes au cours des 3 derniers mois<\/li>\n\n\n\n<li>Changements r\u00e9cents d'humeur ou de comportement<\/li>\n\n\n\n<li>Nouveau diagnostic m\u00e9dical au cours des 3 derniers mois<\/li>\n\n\n\n<li>Perte de poids +10 lbs en moins de 2 mois<\/li>\n\n\n\n<li>\u201cAbsence aux rendez-vous m\u00e9dicaux<\/li>\n\n\n\n<li>Inqui\u00e9tudes concernant la s\u00e9curit\u00e9 g\u00e9n\u00e9rale et\/ou les abus<\/li>\n<\/ul>\n\n\n\n<h2 class=\"wp-block-heading has-white-color has-text-color has-background has-medium-font-size\" style=\"background-color:#10a1ea\">Heures d'ouverture<\/h2>\n\n\n\n<p><strong>Informations de contact :<br><\/strong>Appelez le : 1 (844) 726-5115 pour en savoir plus sur Primary Care Outreach ou demander de l'aide.&nbsp;<\/p>\n\n\n\n<p>Du lundi au vendredi de 8h30 \u00e0 16h30<\/p>\n\n\n\n<p><a href=\"https:\/\/launch.caredove.com\/service\/referralform\/27171\" target=\"_blank\" rel=\"noopener\" title=\"Consulter ici\">Consulter ici<\/a><\/p>\n\n\n\n<h2 class=\"wp-block-heading has-white-color has-text-color has-background has-medium-font-size\" style=\"background-color:#10a1ea\">Localisation<\/h2>\n\n\n\n<p>Domicile du client, divers lieux communautaires, et\/ou 1355 rue Bank, Ottawa, ON<\/p>","protected":false},"excerpt":{"rendered":"<p>Registered Nurses and Community Health Workers offer free in-home services for seniors, aged 65 and above. The goal is to help link isolated and vulnerable seniors, who are living at home to access the care and resources required to support wellbeing and to live safely. Eligibility Criteria Seniors over 65 years of age with one [&hellip;]<\/p>\n","protected":false},"author":1,"featured_media":4980,"parent":4562,"menu_order":0,"comment_status":"closed","ping_status":"closed","template":"template_program-page_pc.php","meta":{"_monsterinsights_skip_tracking":false,"_monsterinsights_sitenote_active":false,"_monsterinsights_sitenote_note":"","_monsterinsights_sitenote_category":0,"footnotes":"","_links_to":"","_links_to_target":""},"class_list":["post-4578","page","type-page","status-publish","has-post-thumbnail","hentry"],"aioseo_notices":[],"publishpress_future_workflow_manual_trigger":{"enabledWorkflows":[]},"rttpg_featured_image_url":{"full":["https:\/\/www.seochc.on.ca\/wp-content\/uploads\/2022\/03\/primary-care-outreach_featured-image.jpg",1200,630,false],"landscape":["https:\/\/www.seochc.on.ca\/wp-content\/uploads\/2022\/03\/primary-care-outreach_featured-image.jpg",1200,630,false],"portraits":["https:\/\/www.seochc.on.ca\/wp-content\/uploads\/2022\/03\/primary-care-outreach_featured-image.jpg",1200,630,false],"thumbnail":["https:\/\/www.seochc.on.ca\/wp-content\/uploads\/2022\/03\/primary-care-outreach_featured-image-150x150.jpg",150,150,true],"medium":["https:\/\/www.seochc.on.ca\/wp-content\/uploads\/2022\/03\/primary-care-outreach_featured-image-300x158.jpg",300,158,true],"large":["https:\/\/www.seochc.on.ca\/wp-content\/uploads\/2022\/03\/primary-care-outreach_featured-image-1024x538.jpg",1024,538,true],"1536x1536":["https:\/\/www.seochc.on.ca\/wp-content\/uploads\/2022\/03\/primary-care-outreach_featured-image.jpg",1200,630,false],"2048x2048":["https:\/\/www.seochc.on.ca\/wp-content\/uploads\/2022\/03\/primary-care-outreach_featured-image.jpg",1200,630,false],"trp-custom-language-flag":["https:\/\/www.seochc.on.ca\/wp-content\/uploads\/2022\/03\/primary-care-outreach_featured-image.jpg",18,9,false],"rt_custom":["https:\/\/www.seochc.on.ca\/wp-content\/uploads\/2022\/03\/primary-care-outreach_featured-image.jpg",1200,630,false]},"rttpg_author":{"display_name":"mastercontroller","author_link":"https:\/\/www.seochc.on.ca\/fr\/author\/mastercontroller\/"},"rttpg_comment":0,"rttpg_category":null,"rttpg_excerpt":"Registered Nurses and Community Health Workers offer free in-home services for seniors, aged 65 and above. The goal is to help link isolated and vulnerable seniors, who are living at home to access the care and resources required to support wellbeing and to live safely. Eligibility Criteria Seniors over 65 years of age with one&hellip;","_links":{"self":[{"href":"https:\/\/www.seochc.on.ca\/fr\/wp-json\/wp\/v2\/pages\/4578","targetHints":{"allow":["GET"]}}],"collection":[{"href":"https:\/\/www.seochc.on.ca\/fr\/wp-json\/wp\/v2\/pages"}],"about":[{"href":"https:\/\/www.seochc.on.ca\/fr\/wp-json\/wp\/v2\/types\/page"}],"author":[{"embeddable":true,"href":"https:\/\/www.seochc.on.ca\/fr\/wp-json\/wp\/v2\/users\/1"}],"replies":[{"embeddable":true,"href":"https:\/\/www.seochc.on.ca\/fr\/wp-json\/wp\/v2\/comments?post=4578"}],"version-history":[{"count":12,"href":"https:\/\/www.seochc.on.ca\/fr\/wp-json\/wp\/v2\/pages\/4578\/revisions"}],"predecessor-version":[{"id":9644,"href":"https:\/\/www.seochc.on.ca\/fr\/wp-json\/wp\/v2\/pages\/4578\/revisions\/9644"}],"up":[{"embeddable":true,"href":"https:\/\/www.seochc.on.ca\/fr\/wp-json\/wp\/v2\/pages\/4562"}],"wp:featuredmedia":[{"embeddable":true,"href":"https:\/\/www.seochc.on.ca\/fr\/wp-json\/wp\/v2\/media\/4980"}],"wp:attachment":[{"href":"https:\/\/www.seochc.on.ca\/fr\/wp-json\/wp\/v2\/media?parent=4578"}],"curies":[{"name":"wp","href":"https:\/\/api.w.org\/{rel}","templated":true}]}}