{"id":4596,"date":"2022-02-11T18:54:20","date_gmt":"2022-02-11T18:54:20","guid":{"rendered":"https:\/\/www.seochc.on.ca\/?page_id=4596"},"modified":"2022-05-16T11:40:36","modified_gmt":"2022-05-16T15:40:36","slug":"healthy-living-initiative","status":"publish","type":"page","link":"https:\/\/www.seochc.on.ca\/fr\/programs-and-services\/multicultural-programming\/healthy-living-initiative\/","title":{"rendered":"Initiative en faveur d'un mode de vie sain"},"content":{"rendered":"<div class=\"wp-block-image\"><figure class=\"alignright size-medium\"><img fetchpriority=\"high\" decoding=\"async\" width=\"300\" height=\"200\" src=\"https:\/\/www.seochc.on.ca\/wp-content\/uploads\/2022\/03\/healthy-living-initiative_inset-image-300x200.jpg\" alt=\"Two girls interacting with Zoom call on computer display.\" class=\"wp-image-4961\" srcset=\"https:\/\/www.seochc.on.ca\/wp-content\/uploads\/2022\/03\/healthy-living-initiative_inset-image-300x200.jpg 300w, https:\/\/www.seochc.on.ca\/wp-content\/uploads\/2022\/03\/healthy-living-initiative_inset-image-768x513.jpg 768w, https:\/\/www.seochc.on.ca\/wp-content\/uploads\/2022\/03\/healthy-living-initiative_inset-image.jpg 800w\" sizes=\"(max-width: 300px) 100vw, 300px\" \/><\/figure><\/div>\n\n\n\n<p>Notre initiative de vie saine est une s\u00e9rie d'ateliers communautaires destin\u00e9s \u00e0 divers groupes multiculturels afin de promouvoir une meilleure sant\u00e9, de sensibiliser aux maladies chroniques et aux moyens de les pr\u00e9venir. Ces ateliers sont organis\u00e9s en collaboration avec la Coalition canadienne pour la sant\u00e9 arabe (CCSA), le Somali Centre for Family Services et d'autres partenaires.<\/p>\n\n\n\n<p>D'autres sujets sont \u00e9galement abord\u00e9s :<\/p>\n\n\n\n<ul class=\"wp-block-list\"><li>Le diab\u00e8te et le ramadan<\/li><li>Pr\u00e9vention du diab\u00e8te<\/li><li>Directives de d\u00e9pistage du cancer en Ontario, et bien plus encore<\/li><\/ul>\n\n\n\n<h2 class=\"has-white-color has-text-color has-background has-medium-font-size wp-block-heading\" style=\"background-color:#10a1ea\">Crit\u00e8res d'\u00e9ligibilit\u00e9<\/h2>\n\n\n\n<p>Toute personne ou organisation communautaire repr\u00e9sentant les int\u00e9r\u00eats multiculturels de la communaut\u00e9. Contactez-nous pour demander un atelier sur la promotion d'une meilleure sant\u00e9 et la pr\u00e9vention des maladies chroniques.<\/p>\n\n\n\n<h2 class=\"has-white-color has-text-color has-background has-medium-font-size wp-block-heading\" style=\"background-color:#10a1ea\">Heures d'ouverture<\/h2>\n\n\n\n<p>En semaine, le soir et le week-end<\/p>\n\n\n\n<p>Appeler <strong>613-737-7195, poste 2331<\/strong><\/p>\n\n\n\n<h2 class=\"has-white-color has-text-color has-background has-medium-font-size wp-block-heading\" style=\"background-color:#10a1ea\">Localisation<\/h2>\n\n\n\n<p>Le service peut \u00eatre fourni dans des lieux communautaires, tels que des mosqu\u00e9es, des \u00e9glises ou des centres communautaires.<\/p>","protected":false},"excerpt":{"rendered":"<p>Our Healthy Living Initiative is a series of community-based workshops for various multicultural groups to promote better health, raise awareness about chronic diseases and how to prevent them. These workshops are brought to you in collaboration with the Canadian Arab Health Coalition (CAHC), Somali Centre for Family Services and other partners. Other topics addressed include: [&hellip;]<\/p>\n","protected":false},"author":1,"featured_media":4960,"parent":4594,"menu_order":0,"comment_status":"closed","ping_status":"closed","template":"template_program-page_mp.php","meta":{"_monsterinsights_skip_tracking":false,"_monsterinsights_sitenote_active":false,"_monsterinsights_sitenote_note":"","_monsterinsights_sitenote_category":0,"footnotes":"","_links_to":"","_links_to_target":""},"class_list":["post-4596","page","type-page","status-publish","has-post-thumbnail","hentry"],"aioseo_notices":[],"publishpress_future_workflow_manual_trigger":{"enabledWorkflows":[]},"rttpg_featured_image_url":{"full":["https:\/\/www.seochc.on.ca\/wp-content\/uploads\/2022\/03\/healthy-living-initiative_featured-image.jpg",1200,630,false],"landscape":["https:\/\/www.seochc.on.ca\/wp-content\/uploads\/2022\/03\/healthy-living-initiative_featured-image.jpg",1200,630,false],"portraits":["https:\/\/www.seochc.on.ca\/wp-content\/uploads\/2022\/03\/healthy-living-initiative_featured-image.jpg",1200,630,false],"thumbnail":["https:\/\/www.seochc.on.ca\/wp-content\/uploads\/2022\/03\/healthy-living-initiative_featured-image-150x150.jpg",150,150,true],"medium":["https:\/\/www.seochc.on.ca\/wp-content\/uploads\/2022\/03\/healthy-living-initiative_featured-image-300x158.jpg",300,158,true],"large":["https:\/\/www.seochc.on.ca\/wp-content\/uploads\/2022\/03\/healthy-living-initiative_featured-image-1024x538.jpg",1024,538,true],"1536x1536":["https:\/\/www.seochc.on.ca\/wp-content\/uploads\/2022\/03\/healthy-living-initiative_featured-image.jpg",1200,630,false],"2048x2048":["https:\/\/www.seochc.on.ca\/wp-content\/uploads\/2022\/03\/healthy-living-initiative_featured-image.jpg",1200,630,false],"trp-custom-language-flag":["https:\/\/www.seochc.on.ca\/wp-content\/uploads\/2022\/03\/healthy-living-initiative_featured-image.jpg",18,9,false],"rt_custom":["https:\/\/www.seochc.on.ca\/wp-content\/uploads\/2022\/03\/healthy-living-initiative_featured-image.jpg",1200,630,false]},"rttpg_author":{"display_name":"mastercontroller","author_link":"https:\/\/www.seochc.on.ca\/fr\/author\/mastercontroller\/"},"rttpg_comment":0,"rttpg_category":null,"rttpg_excerpt":"Our Healthy Living Initiative is a series of community-based workshops for various multicultural groups to promote better health, raise awareness about chronic diseases and how to prevent them. These workshops are brought to you in collaboration with the Canadian Arab Health Coalition (CAHC), Somali Centre for Family Services and other partners. Other topics addressed include:&hellip;","_links":{"self":[{"href":"https:\/\/www.seochc.on.ca\/fr\/wp-json\/wp\/v2\/pages\/4596","targetHints":{"allow":["GET"]}}],"collection":[{"href":"https:\/\/www.seochc.on.ca\/fr\/wp-json\/wp\/v2\/pages"}],"about":[{"href":"https:\/\/www.seochc.on.ca\/fr\/wp-json\/wp\/v2\/types\/page"}],"author":[{"embeddable":true,"href":"https:\/\/www.seochc.on.ca\/fr\/wp-json\/wp\/v2\/users\/1"}],"replies":[{"embeddable":true,"href":"https:\/\/www.seochc.on.ca\/fr\/wp-json\/wp\/v2\/comments?post=4596"}],"version-history":[{"count":5,"href":"https:\/\/www.seochc.on.ca\/fr\/wp-json\/wp\/v2\/pages\/4596\/revisions"}],"predecessor-version":[{"id":5648,"href":"https:\/\/www.seochc.on.ca\/fr\/wp-json\/wp\/v2\/pages\/4596\/revisions\/5648"}],"up":[{"embeddable":true,"href":"https:\/\/www.seochc.on.ca\/fr\/wp-json\/wp\/v2\/pages\/4594"}],"wp:featuredmedia":[{"embeddable":true,"href":"https:\/\/www.seochc.on.ca\/fr\/wp-json\/wp\/v2\/media\/4960"}],"wp:attachment":[{"href":"https:\/\/www.seochc.on.ca\/fr\/wp-json\/wp\/v2\/media?parent=4596"}],"curies":[{"name":"wp","href":"https:\/\/api.w.org\/{rel}","templated":true}]}}