{"id":4601,"date":"2022-02-11T18:56:26","date_gmt":"2022-02-11T18:56:26","guid":{"rendered":"https:\/\/www.seochc.on.ca\/?page_id=4601"},"modified":"2022-05-16T11:39:31","modified_gmt":"2022-05-16T15:39:31","slug":"community-connections","status":"publish","type":"page","link":"https:\/\/www.seochc.on.ca\/fr\/programs-and-services\/multicultural-programming\/community-connections\/","title":{"rendered":"Connexions communautaires"},"content":{"rendered":"<div class=\"wp-block-image\"><figure class=\"alignright size-medium\"><img fetchpriority=\"high\" decoding=\"async\" width=\"300\" height=\"200\" src=\"https:\/\/www.seochc.on.ca\/wp-content\/uploads\/2022\/03\/community-connections_inset-image-300x200.jpg\" alt=\"A crocheted heart nestled between tiny wooden houses.\" class=\"wp-image-5252\" srcset=\"https:\/\/www.seochc.on.ca\/wp-content\/uploads\/2022\/03\/community-connections_inset-image-300x200.jpg 300w, https:\/\/www.seochc.on.ca\/wp-content\/uploads\/2022\/03\/community-connections_inset-image-768x512.jpg 768w, https:\/\/www.seochc.on.ca\/wp-content\/uploads\/2022\/03\/community-connections_inset-image.jpg 800w\" sizes=\"(max-width: 300px) 100vw, 300px\" \/><\/figure><\/div>\n\n\n\n<p>Le programme Community Connections offre une vari\u00e9t\u00e9 de services li\u00e9s \u00e0 l'immigration et \u00e0 l'\u00e9tablissement pour les populations vuln\u00e9rables et marginalis\u00e9es. Ces services comprennent le soutien des services sociaux, l'immigration et la citoyennet\u00e9, la documentation, les conseils de soutien, le soutien juridique, le POSPH, la s\u00e9curit\u00e9 de la vieillesse, l'intervention limit\u00e9e en mati\u00e8re de logement, l'interpr\u00e9tation, la traduction et bien d'autres choses encore.<\/p>\n\n\n\n<p>Ce programme fournit une \u00e9valuation, des informations et une orientation pour le soutien aux nouveaux arrivants dans les domaines suivants :<\/p>\n\n\n\n<ul class=\"wp-block-list\"><li>Intervention en cas de crise et conseils de soutien<\/li><li>Plaidoyer et sensibilisation<\/li><li>Partenariats et soutien \u00e0 l'emploi<\/li><li>Soutien aux familles et aux jeunes<\/li><li>Navigation dans le syst\u00e8me<\/li><li>Acc\u00e8s<\/li><li>Promotion de la sant\u00e9 pour les nouveaux arrivants et les familles \u00e0 faible revenu.<\/li><\/ul>\n\n\n\n<h2 class=\"has-white-color has-text-color has-background has-medium-font-size wp-block-heading\" style=\"background-color:#10a1ea\">Crit\u00e8res d'\u00e9ligibilit\u00e9<\/h2>\n\n\n\n<ul class=\"wp-block-list\"><li>R\u00e9sidents de notre zone de recrutement, avec la possibilit\u00e9 d'accepter des familles de toute la ville.<\/li><li>Toutes sortes de statuts d'immigration, de sans statut et de citoyens.<\/li><li>Il n'y a pas de restriction de revenu ni de limite de temps.<\/li><\/ul>\n\n\n\n<h2 class=\"has-white-color has-text-color has-background has-medium-font-size wp-block-heading\" style=\"background-color:#10a1ea\">Heures d'ouverture<\/h2>\n\n\n\n<p>Appeler pour prendre rendez-vous<br>(613) 737-7195 poste 2217<\/p>\n\n\n\n<h2 class=\"has-white-color has-text-color has-background has-medium-font-size wp-block-heading\" style=\"background-color:#10a1ea\">Localisation<\/h2>\n\n\n\n<p>En personne ou par t\u00e9l\u00e9phone (613) 737-7195 poste 2217<\/p>\n\n\n\n<p>1355 Bank street, Suite 600, Ottawa, ON<br>1485 Heatherington Road, Unit 22, Ottawa, ON<br>3320, promenade Paul Anka, Ottawa, ON<\/p>","protected":false},"excerpt":{"rendered":"<p>The Community Connections program offers a variety of services related to immigration and settlement for vulnerable and marginalized populations. These include social services support, immigration &amp; citizenship, documentation, supportive counseling, legal support, ODSP, Old Age Security, limited housing intervention, interpretation, translation and more. This program provides assessment, information and referral for newcomer support in the [&hellip;]<\/p>\n","protected":false},"author":1,"featured_media":5253,"parent":4594,"menu_order":0,"comment_status":"closed","ping_status":"closed","template":"template_program-page_mp.php","meta":{"_monsterinsights_skip_tracking":false,"_monsterinsights_sitenote_active":false,"_monsterinsights_sitenote_note":"","_monsterinsights_sitenote_category":0,"footnotes":"","_links_to":"","_links_to_target":""},"class_list":["post-4601","page","type-page","status-publish","has-post-thumbnail","hentry"],"aioseo_notices":[],"publishpress_future_workflow_manual_trigger":{"enabledWorkflows":[]},"rttpg_featured_image_url":{"full":["https:\/\/www.seochc.on.ca\/wp-content\/uploads\/2022\/03\/community-connections_featured-image.jpg",1200,630,false],"landscape":["https:\/\/www.seochc.on.ca\/wp-content\/uploads\/2022\/03\/community-connections_featured-image.jpg",1200,630,false],"portraits":["https:\/\/www.seochc.on.ca\/wp-content\/uploads\/2022\/03\/community-connections_featured-image.jpg",1200,630,false],"thumbnail":["https:\/\/www.seochc.on.ca\/wp-content\/uploads\/2022\/03\/community-connections_featured-image-150x150.jpg",150,150,true],"medium":["https:\/\/www.seochc.on.ca\/wp-content\/uploads\/2022\/03\/community-connections_featured-image-300x158.jpg",300,158,true],"large":["https:\/\/www.seochc.on.ca\/wp-content\/uploads\/2022\/03\/community-connections_featured-image-1024x538.jpg",1024,538,true],"1536x1536":["https:\/\/www.seochc.on.ca\/wp-content\/uploads\/2022\/03\/community-connections_featured-image.jpg",1200,630,false],"2048x2048":["https:\/\/www.seochc.on.ca\/wp-content\/uploads\/2022\/03\/community-connections_featured-image.jpg",1200,630,false],"trp-custom-language-flag":["https:\/\/www.seochc.on.ca\/wp-content\/uploads\/2022\/03\/community-connections_featured-image.jpg",18,9,false],"rt_custom":["https:\/\/www.seochc.on.ca\/wp-content\/uploads\/2022\/03\/community-connections_featured-image.jpg",1200,630,false]},"rttpg_author":{"display_name":"mastercontroller","author_link":"https:\/\/www.seochc.on.ca\/fr\/author\/mastercontroller\/"},"rttpg_comment":0,"rttpg_category":null,"rttpg_excerpt":"The Community Connections program offers a variety of services related to immigration and settlement for vulnerable and marginalized populations. These include social services support, immigration &amp; citizenship, documentation, supportive counseling, legal support, ODSP, Old Age Security, limited housing intervention, interpretation, translation and more. This program provides assessment, information and referral for newcomer support in the&hellip;","_links":{"self":[{"href":"https:\/\/www.seochc.on.ca\/fr\/wp-json\/wp\/v2\/pages\/4601","targetHints":{"allow":["GET"]}}],"collection":[{"href":"https:\/\/www.seochc.on.ca\/fr\/wp-json\/wp\/v2\/pages"}],"about":[{"href":"https:\/\/www.seochc.on.ca\/fr\/wp-json\/wp\/v2\/types\/page"}],"author":[{"embeddable":true,"href":"https:\/\/www.seochc.on.ca\/fr\/wp-json\/wp\/v2\/users\/1"}],"replies":[{"embeddable":true,"href":"https:\/\/www.seochc.on.ca\/fr\/wp-json\/wp\/v2\/comments?post=4601"}],"version-history":[{"count":3,"href":"https:\/\/www.seochc.on.ca\/fr\/wp-json\/wp\/v2\/pages\/4601\/revisions"}],"predecessor-version":[{"id":5647,"href":"https:\/\/www.seochc.on.ca\/fr\/wp-json\/wp\/v2\/pages\/4601\/revisions\/5647"}],"up":[{"embeddable":true,"href":"https:\/\/www.seochc.on.ca\/fr\/wp-json\/wp\/v2\/pages\/4594"}],"wp:featuredmedia":[{"embeddable":true,"href":"https:\/\/www.seochc.on.ca\/fr\/wp-json\/wp\/v2\/media\/5253"}],"wp:attachment":[{"href":"https:\/\/www.seochc.on.ca\/fr\/wp-json\/wp\/v2\/media?parent=4601"}],"curies":[{"name":"wp","href":"https:\/\/api.w.org\/{rel}","templated":true}]}}