{"id":4605,"date":"2022-02-11T18:56:56","date_gmt":"2022-02-11T18:56:56","guid":{"rendered":"https:\/\/www.seochc.on.ca\/?page_id=4605"},"modified":"2025-06-06T13:44:46","modified_gmt":"2025-06-06T17:44:46","slug":"join-us","status":"publish","type":"page","link":"https:\/\/www.seochc.on.ca\/fr\/join-us\/","title":{"rendered":"Rejoignez-nous"},"content":{"rendered":"<div data-elementor-type=\"wp-page\" data-elementor-id=\"4605\" class=\"elementor elementor-4605\">\n\t\t\t\t\t\t<section class=\"elementor-section elementor-top-section elementor-element elementor-element-7140b70 elementor-section-boxed elementor-section-height-default elementor-section-height-default\" data-id=\"7140b70\" data-element_type=\"section\" data-e-type=\"section\">\n\t\t\t\t\t\t<div class=\"elementor-container elementor-column-gap-default\">\n\t\t\t\t\t<div class=\"elementor-column elementor-col-100 elementor-top-column elementor-element elementor-element-1b84744\" data-id=\"1b84744\" data-element_type=\"column\" data-e-type=\"column\">\n\t\t\t<div class=\"elementor-widget-wrap elementor-element-populated\">\n\t\t\t\t\t\t<div class=\"elementor-element elementor-element-4ab8024 parent-page-title elementor-widget__width-auto elementor-widget elementor-widget-heading\" data-id=\"4ab8024\" data-element_type=\"widget\" data-e-type=\"widget\" data-widget_type=\"heading.default\">\n\t\t\t\t<div class=\"elementor-widget-container\">\n\t\t\t\t\t<h1 class=\"elementor-heading-title elementor-size-default\">Rejoignez-nous<\/h1>\t\t\t\t<\/div>\n\t\t\t\t<\/div>\n\t\t\t\t\t<\/div>\n\t\t<\/div>\n\t\t\t\t\t<\/div>\n\t\t<\/section>\n\t\t\t\t<section class=\"elementor-section elementor-top-section elementor-element elementor-element-8f93b4b elementor-section-boxed elementor-section-height-default elementor-section-height-default\" data-id=\"8f93b4b\" data-element_type=\"section\" data-e-type=\"section\">\n\t\t\t\t\t\t<div class=\"elementor-container elementor-column-gap-default\">\n\t\t\t\t\t<div class=\"elementor-column elementor-col-25 elementor-top-column elementor-element elementor-element-6d7860f\" data-id=\"6d7860f\" data-element_type=\"column\" data-e-type=\"column\">\n\t\t\t<div class=\"elementor-widget-wrap elementor-element-populated\">\n\t\t\t\t\t\t<div class=\"elementor-element elementor-element-4fe8e15 parent-page-nav-tile e-transform elementor-position-top elementor-invisible elementor-widget elementor-widget-image-box\" data-id=\"4fe8e15\" data-element_type=\"widget\" data-e-type=\"widget\" data-settings=\"{&quot;_animation&quot;:&quot;fadeInDown&quot;,&quot;_transform_scale_effect_hover&quot;:{&quot;unit&quot;:&quot;px&quot;,&quot;size&quot;:1.0500000000000000444089209850062616169452667236328125,&quot;sizes&quot;:[]},&quot;_transform_scale_effect_hover_tablet&quot;:{&quot;unit&quot;:&quot;px&quot;,&quot;size&quot;:&quot;&quot;,&quot;sizes&quot;:[]},&quot;_transform_scale_effect_hover_mobile&quot;:{&quot;unit&quot;:&quot;px&quot;,&quot;size&quot;:&quot;&quot;,&quot;sizes&quot;:[]}}\" data-widget_type=\"image-box.default\">\n\t\t\t\t<div class=\"elementor-widget-container\">\n\t\t\t\t\t<div class=\"elementor-image-box-wrapper\"><figure class=\"elementor-image-box-img\"><a href=\"https:\/\/www.seochc.on.ca\/fr\/join-us\/careers\/\" tabindex=\"-1\"><img fetchpriority=\"high\" decoding=\"async\" width=\"377\" height=\"504\" src=\"https:\/\/www.seochc.on.ca\/wp-content\/uploads\/2022\/08\/join-us-nav-tile_careers.jpg\" class=\"attachment-full size-full wp-image-6614\" alt=\"Multicultural group of professionals gathered around meeting table with notes and laptop.\" srcset=\"https:\/\/www.seochc.on.ca\/wp-content\/uploads\/2022\/08\/join-us-nav-tile_careers.jpg 377w, https:\/\/www.seochc.on.ca\/wp-content\/uploads\/2022\/08\/join-us-nav-tile_careers-224x300.jpg 224w, https:\/\/www.seochc.on.ca\/wp-content\/uploads\/2022\/08\/join-us-nav-tile_careers-9x12.jpg 9w\" sizes=\"(max-width: 377px) 100vw, 377px\" \/><\/a><\/figure><div class=\"elementor-image-box-content\"><h2 class=\"elementor-image-box-title\"><a href=\"https:\/\/www.seochc.on.ca\/fr\/join-us\/careers\/\">Carri\u00e8res<\/a><\/h2><\/div><\/div>\t\t\t\t<\/div>\n\t\t\t\t<\/div>\n\t\t\t\t\t<\/div>\n\t\t<\/div>\n\t\t\t\t<div class=\"elementor-column elementor-col-25 elementor-top-column elementor-element elementor-element-e70b098\" data-id=\"e70b098\" data-element_type=\"column\" data-e-type=\"column\">\n\t\t\t<div class=\"elementor-widget-wrap elementor-element-populated\">\n\t\t\t\t\t\t<div class=\"elementor-element elementor-element-da96e6e parent-page-nav-tile e-transform elementor-position-top elementor-invisible elementor-widget elementor-widget-image-box\" data-id=\"da96e6e\" data-element_type=\"widget\" data-e-type=\"widget\" data-settings=\"{&quot;_animation&quot;:&quot;fadeInDown&quot;,&quot;_transform_scale_effect_hover&quot;:{&quot;unit&quot;:&quot;px&quot;,&quot;size&quot;:1.0500000000000000444089209850062616169452667236328125,&quot;sizes&quot;:[]},&quot;_transform_scale_effect_hover_tablet&quot;:{&quot;unit&quot;:&quot;px&quot;,&quot;size&quot;:&quot;&quot;,&quot;sizes&quot;:[]},&quot;_transform_scale_effect_hover_mobile&quot;:{&quot;unit&quot;:&quot;px&quot;,&quot;size&quot;:&quot;&quot;,&quot;sizes&quot;:[]}}\" data-widget_type=\"image-box.default\">\n\t\t\t\t<div class=\"elementor-widget-container\">\n\t\t\t\t\t<div class=\"elementor-image-box-wrapper\"><figure class=\"elementor-image-box-img\"><a href=\"https:\/\/www.seochc.on.ca\/fr\/join-us\/student-placements\/\" tabindex=\"-1\"><img decoding=\"async\" width=\"377\" height=\"504\" src=\"https:\/\/www.seochc.on.ca\/wp-content\/uploads\/2022\/08\/join-us-nav-tile_student-placements.jpg\" class=\"attachment-full size-full wp-image-6615\" alt=\"\" srcset=\"https:\/\/www.seochc.on.ca\/wp-content\/uploads\/2022\/08\/join-us-nav-tile_student-placements.jpg 377w, https:\/\/www.seochc.on.ca\/wp-content\/uploads\/2022\/08\/join-us-nav-tile_student-placements-224x300.jpg 224w, https:\/\/www.seochc.on.ca\/wp-content\/uploads\/2022\/08\/join-us-nav-tile_student-placements-9x12.jpg 9w\" sizes=\"(max-width: 377px) 100vw, 377px\" \/><\/a><\/figure><div class=\"elementor-image-box-content\"><h2 class=\"elementor-image-box-title\"><a href=\"https:\/\/www.seochc.on.ca\/fr\/join-us\/student-placements\/\">Placements d'\u00e9tudiants<\/a><\/h2><\/div><\/div>\t\t\t\t<\/div>\n\t\t\t\t<\/div>\n\t\t\t\t\t<\/div>\n\t\t<\/div>\n\t\t\t\t<div class=\"elementor-column elementor-col-25 elementor-top-column elementor-element elementor-element-e89d4ba\" data-id=\"e89d4ba\" data-element_type=\"column\" data-e-type=\"column\">\n\t\t\t<div class=\"elementor-widget-wrap elementor-element-populated\">\n\t\t\t\t\t\t<div class=\"elementor-element elementor-element-b2d6a10 parent-page-nav-tile e-transform elementor-position-top elementor-invisible elementor-widget elementor-widget-image-box\" data-id=\"b2d6a10\" data-element_type=\"widget\" data-e-type=\"widget\" data-settings=\"{&quot;_animation&quot;:&quot;fadeInDown&quot;,&quot;_transform_scale_effect_hover&quot;:{&quot;unit&quot;:&quot;px&quot;,&quot;size&quot;:1.0500000000000000444089209850062616169452667236328125,&quot;sizes&quot;:[]},&quot;_transform_scale_effect_hover_tablet&quot;:{&quot;unit&quot;:&quot;px&quot;,&quot;size&quot;:&quot;&quot;,&quot;sizes&quot;:[]},&quot;_transform_scale_effect_hover_mobile&quot;:{&quot;unit&quot;:&quot;px&quot;,&quot;size&quot;:&quot;&quot;,&quot;sizes&quot;:[]}}\" data-widget_type=\"image-box.default\">\n\t\t\t\t<div class=\"elementor-widget-container\">\n\t\t\t\t\t<div class=\"elementor-image-box-wrapper\"><figure class=\"elementor-image-box-img\"><a href=\"https:\/\/www.seochc.on.ca\/fr\/join-us\/volunteer\/\" tabindex=\"-1\"><img decoding=\"async\" width=\"377\" height=\"504\" src=\"https:\/\/www.seochc.on.ca\/wp-content\/uploads\/2022\/08\/join-us-nav-tile_volunteer.jpg\" class=\"attachment-full size-full wp-image-6616\" alt=\"\" srcset=\"https:\/\/www.seochc.on.ca\/wp-content\/uploads\/2022\/08\/join-us-nav-tile_volunteer.jpg 377w, https:\/\/www.seochc.on.ca\/wp-content\/uploads\/2022\/08\/join-us-nav-tile_volunteer-224x300.jpg 224w, https:\/\/www.seochc.on.ca\/wp-content\/uploads\/2022\/08\/join-us-nav-tile_volunteer-9x12.jpg 9w\" sizes=\"(max-width: 377px) 100vw, 377px\" \/><\/a><\/figure><div class=\"elementor-image-box-content\"><h2 class=\"elementor-image-box-title\"><a href=\"https:\/\/www.seochc.on.ca\/fr\/join-us\/volunteer\/\">B\u00e9n\u00e9vole<\/a><\/h2><\/div><\/div>\t\t\t\t<\/div>\n\t\t\t\t<\/div>\n\t\t\t\t\t<\/div>\n\t\t<\/div>\n\t\t\t\t<div class=\"elementor-column elementor-col-25 elementor-top-column elementor-element elementor-element-2b668b4\" data-id=\"2b668b4\" data-element_type=\"column\" data-e-type=\"column\">\n\t\t\t<div class=\"elementor-widget-wrap elementor-element-populated\">\n\t\t\t\t\t\t<div class=\"elementor-element elementor-element-a9f7a42 parent-page-nav-tile e-transform elementor-position-top elementor-invisible elementor-widget elementor-widget-image-box\" data-id=\"a9f7a42\" data-element_type=\"widget\" data-e-type=\"widget\" data-settings=\"{&quot;_animation&quot;:&quot;fadeInDown&quot;,&quot;_transform_scale_effect_hover&quot;:{&quot;unit&quot;:&quot;px&quot;,&quot;size&quot;:1.0500000000000000444089209850062616169452667236328125,&quot;sizes&quot;:[]},&quot;_transform_scale_effect_hover_tablet&quot;:{&quot;unit&quot;:&quot;px&quot;,&quot;size&quot;:&quot;&quot;,&quot;sizes&quot;:[]},&quot;_transform_scale_effect_hover_mobile&quot;:{&quot;unit&quot;:&quot;px&quot;,&quot;size&quot;:&quot;&quot;,&quot;sizes&quot;:[]}}\" data-widget_type=\"image-box.default\">\n\t\t\t\t<div class=\"elementor-widget-container\">\n\t\t\t\t\t<div class=\"elementor-image-box-wrapper\"><figure class=\"elementor-image-box-img\"><a href=\"https:\/\/www.seochc.on.ca\/fr\/ways-to-give\/\" tabindex=\"-1\"><img loading=\"lazy\" decoding=\"async\" width=\"377\" height=\"504\" src=\"https:\/\/www.seochc.on.ca\/wp-content\/uploads\/2025\/06\/join-us-nav-tile_ways-to-give.jpg\" class=\"attachment-full size-full wp-image-9096\" alt=\"\" srcset=\"https:\/\/www.seochc.on.ca\/wp-content\/uploads\/2025\/06\/join-us-nav-tile_ways-to-give.jpg 377w, https:\/\/www.seochc.on.ca\/wp-content\/uploads\/2025\/06\/join-us-nav-tile_ways-to-give-224x300.jpg 224w, https:\/\/www.seochc.on.ca\/wp-content\/uploads\/2025\/06\/join-us-nav-tile_ways-to-give-9x12.jpg 9w\" sizes=\"(max-width: 377px) 100vw, 377px\" \/><\/a><\/figure><div class=\"elementor-image-box-content\"><h2 class=\"elementor-image-box-title\"><a href=\"https:\/\/www.seochc.on.ca\/fr\/ways-to-give\/\">Fa\u00e7ons de donner<\/a><\/h2><\/div><\/div>\t\t\t\t<\/div>\n\t\t\t\t<\/div>\n\t\t\t\t\t<\/div>\n\t\t<\/div>\n\t\t\t\t\t<\/div>\n\t\t<\/section>\n\t\t\t\t<\/div>","protected":false},"excerpt":{"rendered":"<p>Rejoignez-nous Carri\u00e8res Placements d'\u00e9tudiants B\u00e9n\u00e9volat Fa\u00e7ons de donner<\/p>","protected":false},"author":1,"featured_media":0,"parent":0,"menu_order":0,"comment_status":"closed","ping_status":"closed","template":"elementor_header_footer","meta":{"_monsterinsights_skip_tracking":false,"_monsterinsights_sitenote_active":false,"_monsterinsights_sitenote_note":"","_monsterinsights_sitenote_category":0,"footnotes":"","_links_to":"","_links_to_target":""},"class_list":["post-4605","page","type-page","status-publish","hentry"],"aioseo_notices":[],"publishpress_future_workflow_manual_trigger":{"enabledWorkflows":[]},"rttpg_featured_image_url":null,"rttpg_author":{"display_name":"mastercontroller","author_link":"https:\/\/www.seochc.on.ca\/fr\/author\/mastercontroller\/"},"rttpg_comment":0,"rttpg_category":null,"rttpg_excerpt":"Join Us Careers Student Placements Volunteer Ways to Give","_links":{"self":[{"href":"https:\/\/www.seochc.on.ca\/fr\/wp-json\/wp\/v2\/pages\/4605","targetHints":{"allow":["GET"]}}],"collection":[{"href":"https:\/\/www.seochc.on.ca\/fr\/wp-json\/wp\/v2\/pages"}],"about":[{"href":"https:\/\/www.seochc.on.ca\/fr\/wp-json\/wp\/v2\/types\/page"}],"author":[{"embeddable":true,"href":"https:\/\/www.seochc.on.ca\/fr\/wp-json\/wp\/v2\/users\/1"}],"replies":[{"embeddable":true,"href":"https:\/\/www.seochc.on.ca\/fr\/wp-json\/wp\/v2\/comments?post=4605"}],"version-history":[{"count":17,"href":"https:\/\/www.seochc.on.ca\/fr\/wp-json\/wp\/v2\/pages\/4605\/revisions"}],"predecessor-version":[{"id":9125,"href":"https:\/\/www.seochc.on.ca\/fr\/wp-json\/wp\/v2\/pages\/4605\/revisions\/9125"}],"wp:attachment":[{"href":"https:\/\/www.seochc.on.ca\/fr\/wp-json\/wp\/v2\/media?parent=4605"}],"curies":[{"name":"wp","href":"https:\/\/api.w.org\/{rel}","templated":true}]}}