{"id":4607,"date":"2022-02-11T18:57:07","date_gmt":"2022-02-11T18:57:07","guid":{"rendered":"https:\/\/www.seochc.on.ca\/?page_id=4607"},"modified":"2025-05-02T09:55:48","modified_gmt":"2025-05-02T13:55:48","slug":"about-us","status":"publish","type":"page","link":"https:\/\/www.seochc.on.ca\/fr\/about-us\/","title":{"rendered":"\u00c0 propos de nous"},"content":{"rendered":"<div data-elementor-type=\"wp-page\" data-elementor-id=\"4607\" class=\"elementor elementor-4607\">\n\t\t\t\t\t\t<section class=\"elementor-section elementor-top-section elementor-element elementor-element-3a0d425 elementor-section-boxed elementor-section-height-default elementor-section-height-default\" data-id=\"3a0d425\" data-element_type=\"section\" data-e-type=\"section\">\n\t\t\t\t\t\t<div class=\"elementor-container elementor-column-gap-default\">\n\t\t\t\t\t<div class=\"elementor-column elementor-col-100 elementor-top-column elementor-element elementor-element-8102b65\" data-id=\"8102b65\" data-element_type=\"column\" data-e-type=\"column\">\n\t\t\t<div class=\"elementor-widget-wrap elementor-element-populated\">\n\t\t\t\t\t\t<div class=\"elementor-element elementor-element-cf38363 elementor-widget elementor-widget-text-editor\" data-id=\"cf38363\" data-element_type=\"widget\" data-e-type=\"widget\" data-widget_type=\"text-editor.default\">\n\t\t\t\t<div class=\"elementor-widget-container\">\n\t\t\t\t\t\t\t\t\t<p>Au SEOCHC, nous sauvons des vies. Nous aidons les gens \u00e0 franchir les obstacles dans un syst\u00e8me de sant\u00e9 difficile et nous plaidons en faveur de l'am\u00e9lioration de ce syst\u00e8me. Nous offrons de nombreux programmes diff\u00e9rents pour faire une diff\u00e9rence positive et am\u00e9liorer l'acc\u00e8s aux services sociaux et de sant\u00e9 pour les personnes de notre communaut\u00e9.\u00a0<\/p><p><span style=\"color: inherit; letter-spacing: 0px;\">Le SEOCHC ne se contente pas de traiter les maladies, il s'attaque aux causes profondes des in\u00e9galit\u00e9s en mati\u00e8re de sant\u00e9. Contrairement aux syst\u00e8mes traditionnels qui traitent souvent les sympt\u00f4mes de mani\u00e8re isol\u00e9e, nous comprenons que des facteurs tels que la pauvret\u00e9, l'ins\u00e9curit\u00e9 alimentaire et l'instabilit\u00e9 du logement ont un impact significatif sur les r\u00e9sultats en mati\u00e8re de sant\u00e9. Notre mod\u00e8le int\u00e9gr\u00e9 - qui r\u00e9unit des m\u00e9decins, des infirmi\u00e8res, des travailleurs sociaux, <span class=\"OYPEnA font-feature-liga-off font-feature-clig-off font-feature-calt-off text-decoration-none text-strikethrough-none\">les promoteurs de sant\u00e9 <\/span>et d'autres membres du personnel communautaire - s'attaque \u00e0 ces probl\u00e8mes sous-jacents, favorisant le bien-\u00eatre \u00e0 long terme et pr\u00e9venant les crises co\u00fbteuses en mati\u00e8re de soins de sant\u00e9.\u00a0<\/span><\/p><p><span style=\"color: inherit; letter-spacing: 0px;\">Notre approche proactive se traduit par des avantages tangibles pour l'ensemble de la communaut\u00e9 :\u00a0<\/span><\/p><ul><li><span style=\"color: inherit; letter-spacing: 0px;\">Moins de visites aux urgences - 36% de r\u00e9duction des visites aux urgences en cas de connexion aux soins primaires, ce qui all\u00e8ge le fardeau pesant sur notre syst\u00e8me de sant\u00e9\u00a0<\/span><\/li><li><span style=\"color: inherit; letter-spacing: 0px;\">Am\u00e9lioration des r\u00e9sultats en mati\u00e8re de sant\u00e9 - Am\u00e9lioration de l'utilisation des programmes de d\u00e9pistage, des programmes de gestion des maladies et de la sant\u00e9 mentale\u00a0<\/span><\/li><li><span style=\"color: inherit; letter-spacing: 0px;\">Des co\u00fbts g\u00e9rables - Des co\u00fbts li\u00e9s aux soins plus faibles et des \u00e9conomies plus importantes par rapport \u00e0 d'autres structures de soins<\/span><\/li><\/ul>\t\t\t\t\t\t\t\t<\/div>\n\t\t\t\t<\/div>\n\t\t\t\t\t<\/div>\n\t\t<\/div>\n\t\t\t\t\t<\/div>\n\t\t<\/section>\n\t\t\t\t<\/div>","protected":false},"excerpt":{"rendered":"<p>At SEOCHC, we save lives. We help people navigate barriers in a challenging healthcare system and advocate to help improve this system. We offer many different programs to make a positive difference and increase access to health and social services for people in our community\u00a0 SEOCHC doesn&#8217;t just treat illnesses; we address the root causes [&hellip;]<\/p>\n","protected":false},"author":1,"featured_media":0,"parent":0,"menu_order":0,"comment_status":"closed","ping_status":"closed","template":"","meta":{"_monsterinsights_skip_tracking":false,"_monsterinsights_sitenote_active":false,"_monsterinsights_sitenote_note":"","_monsterinsights_sitenote_category":0,"footnotes":"","_links_to":"","_links_to_target":""},"class_list":["post-4607","page","type-page","status-publish","hentry"],"aioseo_notices":[],"publishpress_future_workflow_manual_trigger":{"enabledWorkflows":[]},"rttpg_featured_image_url":null,"rttpg_author":{"display_name":"mastercontroller","author_link":"https:\/\/www.seochc.on.ca\/fr\/author\/mastercontroller\/"},"rttpg_comment":0,"rttpg_category":null,"rttpg_excerpt":"At SEOCHC, we save lives. We help people navigate barriers in a challenging healthcare system and advocate to help improve this system. We offer many different programs to make a positive difference and increase access to health and social services for people in our community\u00a0 SEOCHC doesn&#8217;t just treat illnesses; we address the root causes&hellip;","_links":{"self":[{"href":"https:\/\/www.seochc.on.ca\/fr\/wp-json\/wp\/v2\/pages\/4607","targetHints":{"allow":["GET"]}}],"collection":[{"href":"https:\/\/www.seochc.on.ca\/fr\/wp-json\/wp\/v2\/pages"}],"about":[{"href":"https:\/\/www.seochc.on.ca\/fr\/wp-json\/wp\/v2\/types\/page"}],"author":[{"embeddable":true,"href":"https:\/\/www.seochc.on.ca\/fr\/wp-json\/wp\/v2\/users\/1"}],"replies":[{"embeddable":true,"href":"https:\/\/www.seochc.on.ca\/fr\/wp-json\/wp\/v2\/comments?post=4607"}],"version-history":[{"count":3,"href":"https:\/\/www.seochc.on.ca\/fr\/wp-json\/wp\/v2\/pages\/4607\/revisions"}],"predecessor-version":[{"id":8915,"href":"https:\/\/www.seochc.on.ca\/fr\/wp-json\/wp\/v2\/pages\/4607\/revisions\/8915"}],"wp:attachment":[{"href":"https:\/\/www.seochc.on.ca\/fr\/wp-json\/wp\/v2\/media?parent=4607"}],"curies":[{"name":"wp","href":"https:\/\/api.w.org\/{rel}","templated":true}]}}