{"id":4611,"date":"2022-02-11T18:57:32","date_gmt":"2022-02-11T18:57:32","guid":{"rendered":"https:\/\/www.seochc.on.ca\/?page_id=4611"},"modified":"2022-07-18T13:23:14","modified_gmt":"2022-07-18T17:23:14","slug":"covid-19-information","status":"publish","type":"page","link":"https:\/\/www.seochc.on.ca\/fr\/about-us\/covid-19-information\/","title":{"rendered":"COVID-19 Information"},"content":{"rendered":"<div style=\"height:40px\" aria-hidden=\"true\" class=\"wp-block-spacer\"><\/div>\n\n\n\n<h2 class=\"wp-block-heading\">Traitements antiviraux<\/h2>\n\n\n\n<p>Des traitements antiviraux contre COVID-19 sont disponibles dans la communaut\u00e9 pour les personnes pr\u00e9sentant des sympt\u00f4mes (m\u00eame l\u00e9gers) qui risquent d'\u00e9voluer vers une maladie grave, n\u00e9cessitant une hospitalisation. Ces traitements doivent \u00eatre pris dans les 5 premiers jours des sympt\u00f4mes. Le premier jour des sympt\u00f4mes est le jour 0.<\/p>\n\n\n\n<p>Pour savoir si les antiviraux peuvent vous convenir, consultez le site suivant <a href=\"https:\/\/covid-19.ontario.ca\/covid-19-treatments\" target=\"_blank\" rel=\"noreferrer noopener\">Traitements COVID-19<\/a>.<\/p>\n\n\n\n<p>O\u00f9 obtenir un traitement antiviral \u00e0 Ottawa : <\/p>\n\n\n\n<ul class=\"wp-block-list\"><li><a href=\"https:\/\/www.ottawapublichealth.ca\/en\/shared-content\/assessment-centres.aspx?cmp=theottawan#Book-an-appointment-for-an-in-person-assessment-OR-to-speak-to-a-clinician-about-access-to-treatment\" target=\"_blank\" rel=\"noreferrer noopener\">Centre d'\u00e9valuation clinique de l'H\u00f4pital d'Ottawa - 1081 Carling Ave, Ottawa ON<\/a><\/li><li><a href=\"https:\/\/www.ottawapublichealth.ca\/en\/shared-content\/assessment-centres.aspx?cmp=theottawan#Book-an-appointment-for-an-in-person-assessment-OR-to-speak-to-a-clinician-about-access-to-treatment\" target=\"_blank\" rel=\"noreferrer noopener\">Centre de soins et de d\u00e9pistage de Moodie - 595 Moodie Dr, Ottawa ON<\/a><\/li><li><a href=\"https:\/\/www.ottawapublichealth.ca\/en\/shared-content\/assessment-centres.aspx?cmp=theottawan#Book-an-appointment-for-an-in-person-assessment-OR-to-speak-to-a-clinician-about-access-to-treatment\" target=\"_blank\" rel=\"noreferrer noopener\">\u00c9quipe de sant\u00e9 familiale inuite Akausivik - 24 Selkirk St, Ottawa ON<\/a><\/li><li><a href=\"https:\/\/www.ottawapublichealth.ca\/en\/shared-content\/assessment-centres.aspx?cmp=theottawan#Book-an-appointment-for-an-in-person-assessment-OR-to-speak-to-a-clinician-about-access-to-treatment\" target=\"_blank\" rel=\"noreferrer noopener\">Centre d'\u00e9valuation de North Grenville - 15 Campus Dr, Kemptville ON<\/a><\/li><\/ul>\n\n\n\n<div style=\"height:40px\" aria-hidden=\"true\" class=\"wp-block-spacer\"><\/div>\n\n\n\n<h2 class=\"wp-block-heading\">Aper\u00e7u de COVID<\/h2>\n\n\n\n<p>Pour plus d'informations sur les tests, les consignes d'isolement, les vaccins, etc. <a href=\"https:\/\/www.ottawapublichealth.ca\/en\/public-health-topics\/novel-coronavirus.aspx\" target=\"_blank\" rel=\"noreferrer noopener\">Information sur le COVID-19 de Sant\u00e9 publique Ottawa<\/a> page.<\/p>","protected":false},"excerpt":{"rendered":"<p>Antiviral Treatments Antiviral treatments for COVID-19 are available in the community for people with symptoms (even if mild) who may be at risk of progressing to severe disease, requiring hospitalization. These treatments must be taken within the first 5 days of symptoms. The first day of symptoms is day 0. To find out if Antivirals [&hellip;]<\/p>\n","protected":false},"author":1,"featured_media":6373,"parent":4607,"menu_order":0,"comment_status":"closed","ping_status":"closed","template":"","meta":{"_monsterinsights_skip_tracking":false,"_monsterinsights_sitenote_active":false,"_monsterinsights_sitenote_note":"","_monsterinsights_sitenote_category":0,"footnotes":"","_links_to":"","_links_to_target":""},"class_list":["post-4611","page","type-page","status-publish","has-post-thumbnail","hentry"],"aioseo_notices":[],"publishpress_future_workflow_manual_trigger":{"enabledWorkflows":[]},"rttpg_featured_image_url":{"full":["https:\/\/www.seochc.on.ca\/wp-content\/uploads\/2022\/07\/covid-19-information_featured-image.jpg",1200,630,false],"landscape":["https:\/\/www.seochc.on.ca\/wp-content\/uploads\/2022\/07\/covid-19-information_featured-image.jpg",1200,630,false],"portraits":["https:\/\/www.seochc.on.ca\/wp-content\/uploads\/2022\/07\/covid-19-information_featured-image.jpg",1200,630,false],"thumbnail":["https:\/\/www.seochc.on.ca\/wp-content\/uploads\/2022\/07\/covid-19-information_featured-image-150x150.jpg",150,150,true],"medium":["https:\/\/www.seochc.on.ca\/wp-content\/uploads\/2022\/07\/covid-19-information_featured-image-300x158.jpg",300,158,true],"large":["https:\/\/www.seochc.on.ca\/wp-content\/uploads\/2022\/07\/covid-19-information_featured-image-1024x538.jpg",1024,538,true],"1536x1536":["https:\/\/www.seochc.on.ca\/wp-content\/uploads\/2022\/07\/covid-19-information_featured-image.jpg",1200,630,false],"2048x2048":["https:\/\/www.seochc.on.ca\/wp-content\/uploads\/2022\/07\/covid-19-information_featured-image.jpg",1200,630,false],"trp-custom-language-flag":["https:\/\/www.seochc.on.ca\/wp-content\/uploads\/2022\/07\/covid-19-information_featured-image.jpg",18,9,false],"rt_custom":["https:\/\/www.seochc.on.ca\/wp-content\/uploads\/2022\/07\/covid-19-information_featured-image.jpg",1200,630,false]},"rttpg_author":{"display_name":"mastercontroller","author_link":"https:\/\/www.seochc.on.ca\/fr\/author\/mastercontroller\/"},"rttpg_comment":0,"rttpg_category":null,"rttpg_excerpt":"Antiviral Treatments Antiviral treatments for COVID-19 are available in the community for people with symptoms (even if mild) who may be at risk of progressing to severe disease, requiring hospitalization. These treatments must be taken within the first 5 days of symptoms. The first day of symptoms is day 0. To find out if Antivirals&hellip;","_links":{"self":[{"href":"https:\/\/www.seochc.on.ca\/fr\/wp-json\/wp\/v2\/pages\/4611","targetHints":{"allow":["GET"]}}],"collection":[{"href":"https:\/\/www.seochc.on.ca\/fr\/wp-json\/wp\/v2\/pages"}],"about":[{"href":"https:\/\/www.seochc.on.ca\/fr\/wp-json\/wp\/v2\/types\/page"}],"author":[{"embeddable":true,"href":"https:\/\/www.seochc.on.ca\/fr\/wp-json\/wp\/v2\/users\/1"}],"replies":[{"embeddable":true,"href":"https:\/\/www.seochc.on.ca\/fr\/wp-json\/wp\/v2\/comments?post=4611"}],"version-history":[{"count":2,"href":"https:\/\/www.seochc.on.ca\/fr\/wp-json\/wp\/v2\/pages\/4611\/revisions"}],"predecessor-version":[{"id":6567,"href":"https:\/\/www.seochc.on.ca\/fr\/wp-json\/wp\/v2\/pages\/4611\/revisions\/6567"}],"up":[{"embeddable":true,"href":"https:\/\/www.seochc.on.ca\/fr\/wp-json\/wp\/v2\/pages\/4607"}],"wp:featuredmedia":[{"embeddable":true,"href":"https:\/\/www.seochc.on.ca\/fr\/wp-json\/wp\/v2\/media\/6373"}],"wp:attachment":[{"href":"https:\/\/www.seochc.on.ca\/fr\/wp-json\/wp\/v2\/media?parent=4611"}],"curies":[{"name":"wp","href":"https:\/\/api.w.org\/{rel}","templated":true}]}}