{"id":5438,"date":"2022-04-19T17:25:38","date_gmt":"2022-04-19T17:25:38","guid":{"rendered":"https:\/\/www.seochc.on.ca\/?page_id=5438"},"modified":"2023-12-21T15:21:46","modified_gmt":"2023-12-21T20:21:46","slug":"accessibility","status":"publish","type":"page","link":"https:\/\/www.seochc.on.ca\/fr\/accessibility\/","title":{"rendered":"Accessibilit\u00e9"},"content":{"rendered":"<p>Le Centre de sant\u00e9 communautaire du Sud-Est d'Ottawa (CSCSO) accueille et encourage les personnes handicap\u00e9es \u00e0 utiliser ses programmes et services. Le SEOCHC donnera acc\u00e8s \u00e0 ses services aux personnes handicap\u00e9es d'une mani\u00e8re qui respecte leur droit \u00e0 la dignit\u00e9, \u00e0 l'ind\u00e9pendance et \u00e0 l'int\u00e9gration.<\/p>\n\n\n<div class=\"wp-block-image\">\n<figure class=\"alignright size-thumbnail\"><a href=\"https:\/\/www.seochc.on.ca\/wp-content\/uploads\/2021\/02\/Multi-Year-Accessibility-Plan-2021-2024.pdf\" target=\"_blank\" rel=\"noopener\"><img decoding=\"async\" width=\"150\" height=\"150\" src=\"https:\/\/www.seochc.on.ca\/wp-content\/uploads\/2022\/04\/seochc-pdf-icon-150x150.png\" alt=\"\" class=\"wp-image-5439\" srcset=\"https:\/\/www.seochc.on.ca\/wp-content\/uploads\/2022\/04\/seochc-pdf-icon-150x150.png 150w, https:\/\/www.seochc.on.ca\/wp-content\/uploads\/2022\/04\/seochc-pdf-icon-300x298.png 300w, https:\/\/www.seochc.on.ca\/wp-content\/uploads\/2022\/04\/seochc-pdf-icon.png 388w\" sizes=\"(max-width: 150px) 100vw, 150px\" \/><\/a><figcaption class=\"wp-element-caption\"><a href=\"https:\/\/www.seochc.on.ca\/wp-content\/uploads\/2021\/02\/Multi-Year-Accessibility-Plan-2021-2024.pdf\" target=\"_blank\" rel=\"noreferrer noopener\">Cliquez sur l'image pour lire notre plan d'accessibilit\u00e9<\/a><\/figcaption><\/figure>\n<\/div>\n\n\n<p>Le SEOCHC s'efforce de fournir des services \u00e0 chacun dans un environnement accueillant et favorable. Nous tiendrons compte des besoins individuels des personnes handicap\u00e9es dans la prestation de nos services :<\/p>\n\n\n\n<ul class=\"wp-block-list\">\n<li>Prendre en compte les besoins individuels et sp\u00e9cifiques lors de l'application des politiques et proc\u00e9dures du SEOCHC<\/li>\n\n\n\n<li>Communiquer avec les gens de mani\u00e8re \u00e0 r\u00e9pondre \u00e0 leurs besoins<\/li>\n\n\n\n<li>Toute information \u00e9crite ou tout formulaire sera rendu accessible, sur demande.<\/li>\n\n\n\n<li>Accueillir le retour d'information et les suggestions sur les services sous diff\u00e9rentes formes<\/li>\n\n\n\n<li>Accueil des accompagnateurs<\/li>\n\n\n\n<li>Proposer une gamme de dispositifs d'assistance<\/li>\n\n\n\n<li>Accueil des animaux d'assistance<\/li>\n\n\n\n<li>Informer les gens si les services ne sont pas disponibles dans la mesure du possible, par exemple, si un programme va \u00eatre ferm\u00e9 ou si le site web n'est pas disponible.<\/li>\n\n\n\n<li>Veiller \u00e0 ce que les mesures d'urgence tiennent compte de l'accessibilit\u00e9<\/li>\n\n\n\n<li>Former le personnel et les b\u00e9n\u00e9voles pour qu'ils fournissent le meilleur service possible<\/li>\n\n\n\n<li>Fournir un forum pour aborder les pr\u00e9occupations ou les difficult\u00e9s li\u00e9es \u00e0 l'acc\u00e8s \u00e0 nos services<\/li>\n\n\n\n<li>Offrir des possibilit\u00e9s d'am\u00e9lioration continue et de r\u00e9vision r\u00e9guli\u00e8re des politiques et proc\u00e9dures en mati\u00e8re d'accessibilit\u00e9<\/li>\n<\/ul>\n\n\n\n<p>Si vous avez des pr\u00e9occupations ou des suggestions concernant l'accessibilit\u00e9 au CSC du Sud-Est d'Ottawa, veuillez les envoyer \u00e0 l'adresse suivante\u00a0<a href=\"mailto:office@seochc.on.ca\">office@seochc.on.ca<\/a>. <\/p>","protected":false},"excerpt":{"rendered":"<p>South-East Ottawa Community Health Centre (SEOCHC) welcomes and encourages people living with disabilities to use our programs and services. SEOCHC will provide access to our services for people with disabilities in a way that respects their right to dignity, independence and integration. SEOCHC strives to provide service to everyone in a welcoming and supportive environment. [&hellip;]<\/p>\n","protected":false},"author":1,"featured_media":5442,"parent":0,"menu_order":0,"comment_status":"closed","ping_status":"closed","template":"","meta":{"_monsterinsights_skip_tracking":false,"_monsterinsights_sitenote_active":false,"_monsterinsights_sitenote_note":"","_monsterinsights_sitenote_category":0,"footnotes":"","_links_to":"","_links_to_target":""},"class_list":["post-5438","page","type-page","status-publish","has-post-thumbnail","hentry"],"aioseo_notices":[],"publishpress_future_workflow_manual_trigger":{"enabledWorkflows":[]},"rttpg_featured_image_url":{"full":["https:\/\/www.seochc.on.ca\/wp-content\/uploads\/2022\/04\/accessibility_featured-image.jpg",1200,630,false],"landscape":["https:\/\/www.seochc.on.ca\/wp-content\/uploads\/2022\/04\/accessibility_featured-image.jpg",1200,630,false],"portraits":["https:\/\/www.seochc.on.ca\/wp-content\/uploads\/2022\/04\/accessibility_featured-image.jpg",1200,630,false],"thumbnail":["https:\/\/www.seochc.on.ca\/wp-content\/uploads\/2022\/04\/accessibility_featured-image-150x150.jpg",150,150,true],"medium":["https:\/\/www.seochc.on.ca\/wp-content\/uploads\/2022\/04\/accessibility_featured-image-300x158.jpg",300,158,true],"large":["https:\/\/www.seochc.on.ca\/wp-content\/uploads\/2022\/04\/accessibility_featured-image-1024x538.jpg",1024,538,true],"1536x1536":["https:\/\/www.seochc.on.ca\/wp-content\/uploads\/2022\/04\/accessibility_featured-image.jpg",1200,630,false],"2048x2048":["https:\/\/www.seochc.on.ca\/wp-content\/uploads\/2022\/04\/accessibility_featured-image.jpg",1200,630,false],"trp-custom-language-flag":["https:\/\/www.seochc.on.ca\/wp-content\/uploads\/2022\/04\/accessibility_featured-image.jpg",18,9,false],"rt_custom":["https:\/\/www.seochc.on.ca\/wp-content\/uploads\/2022\/04\/accessibility_featured-image.jpg",1200,630,false]},"rttpg_author":{"display_name":"mastercontroller","author_link":"https:\/\/www.seochc.on.ca\/fr\/author\/mastercontroller\/"},"rttpg_comment":0,"rttpg_category":null,"rttpg_excerpt":"South-East Ottawa Community Health Centre (SEOCHC) welcomes and encourages people living with disabilities to use our programs and services. SEOCHC will provide access to our services for people with disabilities in a way that respects their right to dignity, independence and integration. SEOCHC strives to provide service to everyone in a welcoming and supportive environment.&hellip;","_links":{"self":[{"href":"https:\/\/www.seochc.on.ca\/fr\/wp-json\/wp\/v2\/pages\/5438","targetHints":{"allow":["GET"]}}],"collection":[{"href":"https:\/\/www.seochc.on.ca\/fr\/wp-json\/wp\/v2\/pages"}],"about":[{"href":"https:\/\/www.seochc.on.ca\/fr\/wp-json\/wp\/v2\/types\/page"}],"author":[{"embeddable":true,"href":"https:\/\/www.seochc.on.ca\/fr\/wp-json\/wp\/v2\/users\/1"}],"replies":[{"embeddable":true,"href":"https:\/\/www.seochc.on.ca\/fr\/wp-json\/wp\/v2\/comments?post=5438"}],"version-history":[{"count":3,"href":"https:\/\/www.seochc.on.ca\/fr\/wp-json\/wp\/v2\/pages\/5438\/revisions"}],"predecessor-version":[{"id":8073,"href":"https:\/\/www.seochc.on.ca\/fr\/wp-json\/wp\/v2\/pages\/5438\/revisions\/8073"}],"wp:featuredmedia":[{"embeddable":true,"href":"https:\/\/www.seochc.on.ca\/fr\/wp-json\/wp\/v2\/media\/5442"}],"wp:attachment":[{"href":"https:\/\/www.seochc.on.ca\/fr\/wp-json\/wp\/v2\/media?parent=5438"}],"curies":[{"name":"wp","href":"https:\/\/api.w.org\/{rel}","templated":true}]}}