{"id":5502,"date":"2022-04-25T12:41:54","date_gmt":"2022-04-25T16:41:54","guid":{"rendered":"https:\/\/www.seochc.on.ca\/?page_id=5502"},"modified":"2024-12-11T12:07:30","modified_gmt":"2024-12-11T17:07:30","slug":"careers","status":"publish","type":"page","link":"https:\/\/www.seochc.on.ca\/fr\/join-us\/careers\/","title":{"rendered":"Carri\u00e8res"},"content":{"rendered":"<div data-elementor-type=\"wp-page\" data-elementor-id=\"5502\" class=\"elementor elementor-5502\">\n\t\t\t\t\t\t<section class=\"elementor-section elementor-top-section elementor-element elementor-element-1b464dc2 elementor-section-boxed elementor-section-height-default elementor-section-height-default\" data-id=\"1b464dc2\" data-element_type=\"section\" data-e-type=\"section\">\n\t\t\t\t\t\t<div class=\"elementor-container elementor-column-gap-default\">\n\t\t\t\t\t<div class=\"elementor-column elementor-col-100 elementor-top-column elementor-element elementor-element-364b574b\" data-id=\"364b574b\" data-element_type=\"column\" data-e-type=\"column\">\n\t\t\t<div class=\"elementor-widget-wrap elementor-element-populated\">\n\t\t\t\t\t\t<div class=\"elementor-element elementor-element-1a77b642 elementor-widget elementor-widget-text-editor\" data-id=\"1a77b642\" data-element_type=\"widget\" data-e-type=\"widget\" data-widget_type=\"text-editor.default\">\n\t\t\t\t<div class=\"elementor-widget-container\">\n\t\t\t\t\t\t\t\t\t<div class=\"wp-block-image\">\n<figure class=\"alignright size-medium\"><img fetchpriority=\"high\" decoding=\"async\" width=\"300\" height=\"200\" class=\"wp-image-5504\" src=\"https:\/\/www.seochc.on.ca\/wp-content\/uploads\/2022\/04\/careers_inset-image-300x200.jpg\" alt=\"Multicultural group of professionals gathered around meeting table with notes and laptop.\" srcset=\"https:\/\/www.seochc.on.ca\/wp-content\/uploads\/2022\/04\/careers_inset-image-300x200.jpg 300w, https:\/\/www.seochc.on.ca\/wp-content\/uploads\/2022\/04\/careers_inset-image-768x512.jpg 768w, https:\/\/www.seochc.on.ca\/wp-content\/uploads\/2022\/04\/careers_inset-image.jpg 800w\" sizes=\"(max-width: 300px) 100vw, 300px\" \/><\/figure>\n<\/div>\n<p>Le Centre de sant\u00e9 communautaire du Sud-Est d'Ottawa est un organisme engag\u00e9 et dynamique qui se consacre au bien-\u00eatre de notre communaut\u00e9. Nous sommes toujours \u00e0 la recherche d'employ\u00e9s comp\u00e9tents qui sont attir\u00e9s par le travail communautaire.<\/p>\n\n<p>Les employ\u00e9s d\u00e9crivent le Centre de sant\u00e9 communautaire du Sud-Est d'Ottawa comme une \u00e9quipe soud\u00e9e et solidaire qui travaille ensemble pour faire une diff\u00e9rence pour les clients et la communaut\u00e9.  Notre personnel interprofessionnel et multiculturel est comp\u00e9tent, attentionn\u00e9 et d\u00e9vou\u00e9 \u00e0 aider les personnes vuln\u00e9rables et isol\u00e9es \u00e0 atteindre une sant\u00e9 optimale et un sentiment d'appartenance.<\/p>\n\n<p>Nous offrons d'excellents avantages sociaux, notamment des cong\u00e9s g\u00e9n\u00e9reux, un r\u00e9gime d'assurance collective et le r\u00e9gime de retraite de Soins de sant\u00e9 de l'Ontario (HOOPP), ainsi que des possibilit\u00e9s de d\u00e9veloppement professionnel.\u00a0<\/p>\n\n<p>Consultez nos offres d'emploi ci-dessous. Pour toute question concernant les opportunit\u00e9s de carri\u00e8re, envoyez un courriel : <a href=\"mailto:hr@seochc.on.ca\">hr@seochc.on.ca<\/a><\/p>\n\n<div id=\"BambooHR\" data-domain=\"seochc.bamboohr.com\" data-version=\"1.0.0\" data-departmentid=\"\">\u00a0<\/div>\n<p><script src=\"https:\/\/seochc.bamboohr.com\/js\/embed.js\" type=\"text\/javascript\" async defer><\/script><\/p>\n\n<p>\u00a0<\/p>\n\t\t\t\t\t\t\t\t<\/div>\n\t\t\t\t<\/div>\n\t\t\t\t\t<\/div>\n\t\t<\/div>\n\t\t\t\t\t<\/div>\n\t\t<\/section>\n\t\t\t\t<\/div>","protected":false},"excerpt":{"rendered":"<p>South-East Ottawa Community Health Centre is an engaged and vibrant organization dedicated to supporting the wellbeing of our community. We are always seeking skilled staff, who are drawn to community work. Employees describe South-East Ottawa Community Health Centre as a connected and supportive team working together to make a difference for clients and community.\u00a0 Our [&hellip;]<\/p>\n","protected":false},"author":1,"featured_media":5505,"parent":4605,"menu_order":0,"comment_status":"closed","ping_status":"closed","template":"","meta":{"_monsterinsights_skip_tracking":false,"_monsterinsights_sitenote_active":false,"_monsterinsights_sitenote_note":"","_monsterinsights_sitenote_category":0,"footnotes":"","_links_to":"","_links_to_target":""},"class_list":["post-5502","page","type-page","status-publish","has-post-thumbnail","hentry"],"aioseo_notices":[],"publishpress_future_workflow_manual_trigger":{"enabledWorkflows":[]},"rttpg_featured_image_url":{"full":["https:\/\/www.seochc.on.ca\/wp-content\/uploads\/2022\/04\/careers_featured-image.jpg",1200,630,false],"landscape":["https:\/\/www.seochc.on.ca\/wp-content\/uploads\/2022\/04\/careers_featured-image.jpg",1200,630,false],"portraits":["https:\/\/www.seochc.on.ca\/wp-content\/uploads\/2022\/04\/careers_featured-image.jpg",1200,630,false],"thumbnail":["https:\/\/www.seochc.on.ca\/wp-content\/uploads\/2022\/04\/careers_featured-image-150x150.jpg",150,150,true],"medium":["https:\/\/www.seochc.on.ca\/wp-content\/uploads\/2022\/04\/careers_featured-image-300x158.jpg",300,158,true],"large":["https:\/\/www.seochc.on.ca\/wp-content\/uploads\/2022\/04\/careers_featured-image-1024x538.jpg",1024,538,true],"1536x1536":["https:\/\/www.seochc.on.ca\/wp-content\/uploads\/2022\/04\/careers_featured-image.jpg",1200,630,false],"2048x2048":["https:\/\/www.seochc.on.ca\/wp-content\/uploads\/2022\/04\/careers_featured-image.jpg",1200,630,false],"trp-custom-language-flag":["https:\/\/www.seochc.on.ca\/wp-content\/uploads\/2022\/04\/careers_featured-image.jpg",18,9,false],"rt_custom":["https:\/\/www.seochc.on.ca\/wp-content\/uploads\/2022\/04\/careers_featured-image.jpg",1200,630,false]},"rttpg_author":{"display_name":"mastercontroller","author_link":"https:\/\/www.seochc.on.ca\/fr\/author\/mastercontroller\/"},"rttpg_comment":0,"rttpg_category":null,"rttpg_excerpt":"South-East Ottawa Community Health Centre is an engaged and vibrant organization dedicated to supporting the wellbeing of our community. We are always seeking skilled staff, who are drawn to community work. Employees describe South-East Ottawa Community Health Centre as a connected and supportive team working together to make a difference for clients and community.\u00a0 Our&hellip;","_links":{"self":[{"href":"https:\/\/www.seochc.on.ca\/fr\/wp-json\/wp\/v2\/pages\/5502","targetHints":{"allow":["GET"]}}],"collection":[{"href":"https:\/\/www.seochc.on.ca\/fr\/wp-json\/wp\/v2\/pages"}],"about":[{"href":"https:\/\/www.seochc.on.ca\/fr\/wp-json\/wp\/v2\/types\/page"}],"author":[{"embeddable":true,"href":"https:\/\/www.seochc.on.ca\/fr\/wp-json\/wp\/v2\/users\/1"}],"replies":[{"embeddable":true,"href":"https:\/\/www.seochc.on.ca\/fr\/wp-json\/wp\/v2\/comments?post=5502"}],"version-history":[{"count":9,"href":"https:\/\/www.seochc.on.ca\/fr\/wp-json\/wp\/v2\/pages\/5502\/revisions"}],"predecessor-version":[{"id":8764,"href":"https:\/\/www.seochc.on.ca\/fr\/wp-json\/wp\/v2\/pages\/5502\/revisions\/8764"}],"up":[{"embeddable":true,"href":"https:\/\/www.seochc.on.ca\/fr\/wp-json\/wp\/v2\/pages\/4605"}],"wp:featuredmedia":[{"embeddable":true,"href":"https:\/\/www.seochc.on.ca\/fr\/wp-json\/wp\/v2\/media\/5505"}],"wp:attachment":[{"href":"https:\/\/www.seochc.on.ca\/fr\/wp-json\/wp\/v2\/media?parent=5502"}],"curies":[{"name":"wp","href":"https:\/\/api.w.org\/{rel}","templated":true}]}}