{"id":5515,"date":"2022-04-26T09:34:56","date_gmt":"2022-04-26T13:34:56","guid":{"rendered":"https:\/\/www.seochc.on.ca\/?page_id=5515"},"modified":"2025-10-22T13:51:00","modified_gmt":"2025-10-22T17:51:00","slug":"housing","status":"publish","type":"page","link":"https:\/\/www.seochc.on.ca\/fr\/programs-and-services\/practical-support-and-counselling\/housing\/","title":{"rendered":"Logement"},"content":{"rendered":"<div class=\"wp-block-image\">\n<figure class=\"alignright size-medium\"><img decoding=\"async\" width=\"300\" height=\"135\" src=\"https:\/\/www.seochc.on.ca\/wp-content\/uploads\/2022\/04\/house_inset-image-300x135.jpg\" alt=\"Hand holding tiny wooden house in foreground with sunrise over tree line in background.\" class=\"wp-image-5516\" srcset=\"https:\/\/www.seochc.on.ca\/wp-content\/uploads\/2022\/04\/house_inset-image-300x135.jpg 300w, https:\/\/www.seochc.on.ca\/wp-content\/uploads\/2022\/04\/house_inset-image-768x346.jpg 768w, https:\/\/www.seochc.on.ca\/wp-content\/uploads\/2022\/04\/house_inset-image.jpg 800w\" sizes=\"(max-width: 300px) 100vw, 300px\" \/><\/figure>\n<\/div>\n\n\n<p>Un logement s\u00fbr et appropri\u00e9 est essentiel au bien-\u00eatre g\u00e9n\u00e9ral des individus. Une crise du logement a \u00e9t\u00e9 identifi\u00e9e \u00e0 Ottawa, et elle est influenc\u00e9e par divers facteurs. Ces facteurs comprennent : le manque de logements ad\u00e9quats en g\u00e9n\u00e9ral, mais plus encore, le manque de logements abordables. La hausse des taux d'inflation, l'augmentation des prix des loyers, l'impact de la pand\u00e9mie sur les taux d'emploi et la sant\u00e9 mentale, ainsi que la longueur des registres de logement aggravent la crise du logement. De nombreux membres de notre communaut\u00e9 se retrouvent ainsi dans une situation pr\u00e9caire, voire sans logement.<\/p>\n\n\n\n<p><strong>La SEOCHC aide \u00e0 remplir le formulaire d'examen annuel des revenus et de composition des m\u00e9nages de LCO pour les locataires de LCO vivant dans la zone de chalandise.<\/strong> Veuillez t\u00e9l\u00e9phoner pour prendre rendez-vous afin de remplir ce formulaire n\u00e9cessaire. Nos \u00e9quipes sont \u00e0 votre disposition pour vous renseigner et vous orienter vers les organismes et ressources ci-dessous.<\/p>\n\n\n\n<p><strong>South-East Ottawa collabore avec des agences partenaires pour r\u00e9pondre \u00e0 toutes les autres demandes de renseignements des clients en mati\u00e8re de logement.<\/strong> En fonction de l'endroit o\u00f9 vous vivez actuellement, vous serez orient\u00e9 vers l'une des deux agences de logement sp\u00e9cialis\u00e9es de notre ville : Housing Help ou Action Logement. Ces deux agences offrent un soutien en mati\u00e8re de pr\u00e9vention de la perte de logement, de recherche de logement, d'orientation et d'information sur vos droits et responsabilit\u00e9s en tant que locataire.&nbsp;&nbsp;<\/p>\n\n\n\n<p><strong>Informations sur l'agence partenaire : <\/strong><\/p>\n\n\n\n<p><strong>Action Logement :<br><\/strong>214, chemin de Montr\u00e9al, unit\u00e9 202<\/p>\n\n\n\n<p>613-562-8219<\/p>\n\n\n\n<p><strong>Aide au logement :<\/strong><\/p>\n\n\n\n<p>1335 Carling Ave, Unit 214<\/p>\n\n\n\n<p>613-563-4532<\/p>\n\n\n\n<p>Le Registre du logement d'Ottawa, qui g\u00e8re les demandes et les listes d'attente pour les logements subventionn\u00e9s, peut \u00eatre joint en composant le 613-526-2088.<\/p>\n\n\n\n<p>Pour obtenir un h\u00e9bergement d'urgence, appelez la ville au 311. La ligne d'assistance pour les violences domestiques est le 613-745-4818.<\/p>\n\n\n\n<p>Pour obtenir des informations sur les droits des locataires, veuillez appeler la Commission de la location immobili\u00e8re au 1-888-322-3234.<\/p>\n\n\n\n<h2 class=\"wp-block-heading has-white-color has-text-color has-background has-medium-font-size\" style=\"background-color:#10a1ea\">Crit\u00e8res d'\u00e9ligibilit\u00e9<\/h2>\n\n\n\n<p>Formulaire d'examen annuel des revenus et de composition du m\u00e9nage pour les locataires de l'OCH vivant dans la zone de chalandise<\/p>\n\n\n\n<p>Les agences partenaires peuvent avoir des crit\u00e8res d'\u00e9ligibilit\u00e9 diff\u00e9rents. Veuillez les contacter directement pour plus d'informations.<\/p>\n\n\n\n<h2 class=\"wp-block-heading has-white-color has-text-color has-background has-medium-font-size\" style=\"background-color:#10a1ea\">Heures d'ouverture<\/h2>\n\n\n\n<p>Sur rendez-vous : Du lundi au vendredi de 8h30 \u00e0 16h30<\/p>\n\n\n\n<p>Rendez-vous en personne, virtuels et t\u00e9l\u00e9phoniques disponibles. Appelez le (613) 7375115, poste 2386, pendant les heures d'ouverture, du lundi au vendredi.<\/p>\n\n\n\n<h2 class=\"wp-block-heading has-white-color has-text-color has-background has-medium-font-size\" style=\"background-color:#10a1ea\">Localisation<\/h2>\n\n\n\n<p>1355 Bank Steet-6e \u00e9tage<\/p>\n\n\n\n<p><\/p>","protected":false},"excerpt":{"rendered":"<p>Safe and appropriate housing is fundamental to the overall wellbeing of individuals. A housing crisis has been identified in Ottawa, and this is impacted by various factors. These factors include: the lack of adequate housing in general, but even more, the lack of affordable housing. Rising inflation rates, increasing rent prices, the impact the pandemic [&hellip;]<\/p>\n","protected":false},"author":1,"featured_media":5517,"parent":4542,"menu_order":0,"comment_status":"closed","ping_status":"closed","template":"template_program-page_psac.php","meta":{"_monsterinsights_skip_tracking":false,"_monsterinsights_sitenote_active":false,"_monsterinsights_sitenote_note":"","_monsterinsights_sitenote_category":0,"footnotes":"","_links_to":"","_links_to_target":""},"class_list":["post-5515","page","type-page","status-publish","has-post-thumbnail","hentry"],"aioseo_notices":[],"publishpress_future_workflow_manual_trigger":{"enabledWorkflows":[]},"rttpg_featured_image_url":{"full":["https:\/\/www.seochc.on.ca\/wp-content\/uploads\/2022\/04\/housing_featured-image.jpg",1200,630,false],"landscape":["https:\/\/www.seochc.on.ca\/wp-content\/uploads\/2022\/04\/housing_featured-image.jpg",1200,630,false],"portraits":["https:\/\/www.seochc.on.ca\/wp-content\/uploads\/2022\/04\/housing_featured-image.jpg",1200,630,false],"thumbnail":["https:\/\/www.seochc.on.ca\/wp-content\/uploads\/2022\/04\/housing_featured-image-150x150.jpg",150,150,true],"medium":["https:\/\/www.seochc.on.ca\/wp-content\/uploads\/2022\/04\/housing_featured-image-300x158.jpg",300,158,true],"large":["https:\/\/www.seochc.on.ca\/wp-content\/uploads\/2022\/04\/housing_featured-image-1024x538.jpg",1024,538,true],"1536x1536":["https:\/\/www.seochc.on.ca\/wp-content\/uploads\/2022\/04\/housing_featured-image.jpg",1200,630,false],"2048x2048":["https:\/\/www.seochc.on.ca\/wp-content\/uploads\/2022\/04\/housing_featured-image.jpg",1200,630,false],"trp-custom-language-flag":["https:\/\/www.seochc.on.ca\/wp-content\/uploads\/2022\/04\/housing_featured-image.jpg",18,9,false],"rt_custom":["https:\/\/www.seochc.on.ca\/wp-content\/uploads\/2022\/04\/housing_featured-image.jpg",1200,630,false]},"rttpg_author":{"display_name":"mastercontroller","author_link":"https:\/\/www.seochc.on.ca\/fr\/author\/mastercontroller\/"},"rttpg_comment":0,"rttpg_category":null,"rttpg_excerpt":"Safe and appropriate housing is fundamental to the overall wellbeing of individuals. A housing crisis has been identified in Ottawa, and this is impacted by various factors. These factors include: the lack of adequate housing in general, but even more, the lack of affordable housing. Rising inflation rates, increasing rent prices, the impact the pandemic&hellip;","_links":{"self":[{"href":"https:\/\/www.seochc.on.ca\/fr\/wp-json\/wp\/v2\/pages\/5515","targetHints":{"allow":["GET"]}}],"collection":[{"href":"https:\/\/www.seochc.on.ca\/fr\/wp-json\/wp\/v2\/pages"}],"about":[{"href":"https:\/\/www.seochc.on.ca\/fr\/wp-json\/wp\/v2\/types\/page"}],"author":[{"embeddable":true,"href":"https:\/\/www.seochc.on.ca\/fr\/wp-json\/wp\/v2\/users\/1"}],"replies":[{"embeddable":true,"href":"https:\/\/www.seochc.on.ca\/fr\/wp-json\/wp\/v2\/comments?post=5515"}],"version-history":[{"count":4,"href":"https:\/\/www.seochc.on.ca\/fr\/wp-json\/wp\/v2\/pages\/5515\/revisions"}],"predecessor-version":[{"id":9686,"href":"https:\/\/www.seochc.on.ca\/fr\/wp-json\/wp\/v2\/pages\/5515\/revisions\/9686"}],"up":[{"embeddable":true,"href":"https:\/\/www.seochc.on.ca\/fr\/wp-json\/wp\/v2\/pages\/4542"}],"wp:featuredmedia":[{"embeddable":true,"href":"https:\/\/www.seochc.on.ca\/fr\/wp-json\/wp\/v2\/media\/5517"}],"wp:attachment":[{"href":"https:\/\/www.seochc.on.ca\/fr\/wp-json\/wp\/v2\/media?parent=5515"}],"curies":[{"name":"wp","href":"https:\/\/api.w.org\/{rel}","templated":true}]}}