{"id":5538,"date":"2022-04-29T09:51:56","date_gmt":"2022-04-29T13:51:56","guid":{"rendered":"https:\/\/www.seochc.on.ca\/?page_id=5538"},"modified":"2025-08-29T08:50:53","modified_gmt":"2025-08-29T12:50:53","slug":"volunteer","status":"publish","type":"page","link":"https:\/\/www.seochc.on.ca\/fr\/join-us\/volunteer\/","title":{"rendered":"Devenez b\u00e9n\u00e9vole !"},"content":{"rendered":"<div data-elementor-type=\"wp-page\" data-elementor-id=\"5538\" class=\"elementor elementor-5538\">\n\t\t\t\t\t\t<section class=\"elementor-section elementor-top-section elementor-element elementor-element-7fdb384c elementor-section-boxed elementor-section-height-default elementor-section-height-default\" data-id=\"7fdb384c\" data-element_type=\"section\" data-e-type=\"section\">\n\t\t\t\t\t\t<div class=\"elementor-container elementor-column-gap-default\">\n\t\t\t\t\t<div class=\"elementor-column elementor-col-100 elementor-top-column elementor-element elementor-element-43933dd9\" data-id=\"43933dd9\" data-element_type=\"column\" data-e-type=\"column\">\n\t\t\t<div class=\"elementor-widget-wrap elementor-element-populated\">\n\t\t\t\t\t\t<div class=\"elementor-element elementor-element-84a63c2 elementor-widget elementor-widget-heading\" data-id=\"84a63c2\" data-element_type=\"widget\" data-e-type=\"widget\" data-widget_type=\"heading.default\">\n\t\t\t\t<div class=\"elementor-widget-container\">\n\t\t\t\t\t<h2 class=\"elementor-heading-title elementor-size-default\">Vous voulez en savoir plus ?\n\n\n\n\n\n<\/h2>\t\t\t\t<\/div>\n\t\t\t\t<\/div>\n\t\t\t\t<div class=\"elementor-element elementor-element-5794fef elementor-widget elementor-widget-text-editor\" data-id=\"5794fef\" data-element_type=\"widget\" data-e-type=\"widget\" data-widget_type=\"text-editor.default\">\n\t\t\t\t<div class=\"elementor-widget-container\">\n\t\t\t\t\t\t\t\t\t<p>Nous sommes toujours \u00e0 la recherche de b\u00e9n\u00e9voles.<br \/>Vous n'avez pas le temps de faire du b\u00e9n\u00e9volat ? <a href=\"https:\/\/give-can.keela.co\/seochc-general-fund-donation-form\" target=\"_blank\" rel=\"noopener\">Envisagez de soutenir des communaut\u00e9s plus saines en faisant un don.<\/a> Nous sommes reconnaissants pour chaque don.<\/p>\t\t\t\t\t\t\t\t<\/div>\n\t\t\t\t<\/div>\n\t\t\t\t<div class=\"elementor-element elementor-element-34f12dc8 elementor-widget elementor-widget-text-editor\" data-id=\"34f12dc8\" data-element_type=\"widget\" data-e-type=\"widget\" data-widget_type=\"text-editor.default\">\n\t\t\t\t<div class=\"elementor-widget-container\">\n\t\t\t\t\t\t\t\t\t<p><strong>Possibilit\u00e9s actuelles de b\u00e9n\u00e9volat :<\/strong><\/p>\n<ul>\n<li>Chauffeurs de rendez-vous m\u00e9dicaux\u00a0<\/li>\n<\/ul>\n<div class=\"x_elementToProof\"><b data-olk-copy-source=\"MessageBody\">Nous avons vraiment besoin de chauffeurs pour les rendez-vous m\u00e9dicaux.\u00a0<\/b><\/div>\n<div class=\"x_elementToProof\">\u00a0<\/div>\n<div class=\"x_elementToProof\">Nous recherchons des chauffeurs b\u00e9n\u00e9voles compatissants pour assurer le transport essentiel des personnes \u00e2g\u00e9es et des adultes handicap\u00e9s, afin de les aider \u00e0 rester en bonne sant\u00e9 et ind\u00e9pendants.<\/div>\n<div class=\"x_elementToProof\"><b>Vous aurez besoin de.. :<\/b><\/div>\n<ul>\n<li>Un v\u00e9hicule fiable et en \u00e9tat de marche<\/li>\n<li>Un permis de conduire valide et un dossier de conduite vierge<\/li>\n<li>Preuve d'une assurance responsabilit\u00e9 civile de $2 millions d'euros et de l'immatriculation actuelle du v\u00e9hicule<\/li>\n<li>Patience, fiabilit\u00e9 et solides comp\u00e9tences en mati\u00e8re de communication en anglais (d'autres langues sont un atout).<\/li>\n<li>Aucune condition m\u00e9dicale susceptible d'entraver la s\u00e9curit\u00e9 de la conduite<\/li>\n<\/ul>\n<div class=\"x_elementToProof\"><b>Ce que nous offrons :<\/b><br \/>Utilisez votre propre voiture et faites-vous rembourser les kilom\u00e8tres parcourus, du moment o\u00f9 vous quittez votre domicile jusqu'\u00e0 votre retour. Si le rendez-vous du client est long, nous prenons \u00e9galement en charge votre voyage de retour pour vous permettre d'attendre \u00e0 la maison.<\/div>\n<div class=\"x_elementToProof\"><b>Faites la diff\u00e9rence, postulez d\u00e8s aujourd'hui !<\/b><\/div>\n<p><!-- \/wp:image --><\/p>\n<p><!-- wp:paragraph --><\/p>\n<p style=\"text-align: left;\"><strong>Le b\u00e9n\u00e9volat avec <\/strong><strong>Le Centre de sant\u00e9 communautaire du Sud-Est d'Ottawa est une occasion de faire une diff\u00e9rence dans votre communaut\u00e9 !<\/strong><\/p>\n<p style=\"text-align: left;\">Les b\u00e9n\u00e9voles soutiennent nos \u00e9quipes dans la prestation de services et de programmes de qualit\u00e9. Ils apportent des connaissances, des exp\u00e9riences et des comp\u00e9tences uniques qui aident la SEOCHC \u00e0 mieux se rapprocher de la communaut\u00e9 du sud-est d'Ottawa, \u00e0 refl\u00e9ter sa diversit\u00e9 et \u00e0 r\u00e9pondre \u00e0 ses besoins sp\u00e9cifiques.<\/p>\n<p>Le SEOCHC offre \u00e9galement un environnement d'apprentissage favorable et attrayant aux \u00e9tudiants inscrits dans des \u00e9tablissements d'enseignement postsecondaire.<\/p>\n<p><!-- \/wp:list --><\/p>\n<p><!-- wp:paragraph --><\/p>\n<p><strong>Pour plus d'informations ou pour toute question relative au b\u00e9n\u00e9volat dans le Sud-Est d'Ottawa, <\/strong>courriel : <a href=\"mailto:volunteer@seochc.on.ca\">volunteer@seochc.on.ca<\/a><\/p>\n<p><!-- \/wp:paragraph --><\/p>\t\t\t\t\t\t\t\t<\/div>\n\t\t\t\t<\/div>\n\t\t\t\t\t<\/div>\n\t\t<\/div>\n\t\t\t\t\t<\/div>\n\t\t<\/section>\n\t\t\t\t<section class=\"elementor-section elementor-top-section elementor-element elementor-element-162851e elementor-section-full_width elementor-section-height-default elementor-section-height-default\" data-id=\"162851e\" data-element_type=\"section\" data-e-type=\"section\">\n\t\t\t\t\t\t<div class=\"elementor-container elementor-column-gap-wide\">\n\t\t\t\t\t<div class=\"elementor-column elementor-col-100 elementor-top-column elementor-element elementor-element-25cf5ee\" data-id=\"25cf5ee\" data-element_type=\"column\" data-e-type=\"column\">\n\t\t\t<div class=\"elementor-widget-wrap elementor-element-populated\">\n\t\t\t\t\t\t<div class=\"elementor-element elementor-element-3e2425e elementor-widget elementor-widget-text-editor\" data-id=\"3e2425e\" data-element_type=\"widget\" data-e-type=\"widget\" data-widget_type=\"text-editor.default\">\n\t\t\t\t<div class=\"elementor-widget-container\">\n\t\t\t\t\t\t\t\t\t<p><span style=\"font-weight: bold;\"><i>Remplissez le formulaire de candidature ci-dessous et l'un des membres de notre \u00e9quipe vous renseignera sur les opportunit\u00e9s actuelles.<\/i><\/span><\/p>\n<h3 style=\"text-align: center;\"><a href=\"https:\/\/app.betterimpact.com\/Application?OrganizationGuid=cbb808ce-f3d5-4a02-848c-380793a2b8b5&amp;ApplicationFormNumber=1\"><img fetchpriority=\"high\" decoding=\"async\" class=\"alignnone size-full wp-image-7196\" src=\"https:\/\/www.seochc.on.ca\/wp-content\/uploads\/2021\/02\/sign-up.png\" alt=\"\" width=\"375\" height=\"183\" srcset=\"https:\/\/www.seochc.on.ca\/wp-content\/uploads\/2021\/02\/sign-up.png 375w, https:\/\/www.seochc.on.ca\/wp-content\/uploads\/2021\/02\/sign-up-300x146.png 300w, https:\/\/www.seochc.on.ca\/wp-content\/uploads\/2021\/02\/sign-up-18x9.png 18w\" sizes=\"(max-width: 375px) 100vw, 375px\" \/><\/a><\/h3>\n<h3>\u00a0<\/h3>\t\t\t\t\t\t\t\t<\/div>\n\t\t\t\t<\/div>\n\t\t\t\t\t<\/div>\n\t\t<\/div>\n\t\t\t\t\t<\/div>\n\t\t<\/section>\n\t\t\t\t<section class=\"elementor-section elementor-top-section elementor-element elementor-element-0548d07 elementor-section-boxed elementor-section-height-default elementor-section-height-default\" data-id=\"0548d07\" data-element_type=\"section\" data-e-type=\"section\">\n\t\t\t\t\t\t<div class=\"elementor-container elementor-column-gap-default\">\n\t\t\t\t\t<div class=\"elementor-column elementor-col-100 elementor-top-column elementor-element elementor-element-aa83dce\" data-id=\"aa83dce\" data-element_type=\"column\" data-e-type=\"column\">\n\t\t\t<div class=\"elementor-widget-wrap elementor-element-populated\">\n\t\t\t\t\t\t<div class=\"elementor-element elementor-element-f21b216 elementor-widget elementor-widget-text-editor\" data-id=\"f21b216\" data-element_type=\"widget\" data-e-type=\"widget\" data-widget_type=\"text-editor.default\">\n\t\t\t\t<div class=\"elementor-widget-container\">\n\t\t\t\t\t\t\t\t\t<p><b>Vous pouvez \u00e9galement vous y rendre.<\/b><\/p>\n<p>Appelez le coordinateur des b\u00e9n\u00e9voles au<br \/>(613) 737-5115, poste 2294<br \/>ou par courrier \u00e9lectronique :<br \/>volunteer@seochc.on.ca<\/p>\n<p style=\"text-align: center;\"><strong>Les masques sont obligatoires pour participer \u00e0 ces sessions<\/strong><\/p>\t\t\t\t\t\t\t\t<\/div>\n\t\t\t\t<\/div>\n\t\t\t\t\t<\/div>\n\t\t<\/div>\n\t\t\t\t\t<\/div>\n\t\t<\/section>\n\t\t\t\t<\/div>","protected":false},"excerpt":{"rendered":"<p>Want to learn more? We\u2019re always looking for volunteers.Don\u2019t have the time to volunteer? Consider supporting healthier communities through a donation. We\u2019re grateful for every gift. Current Volunteer Opportunities: Medical Appointment Drivers\u00a0 We truly need Medical Appointment Drivers.\u00a0 \u00a0 We&#8217;re looking for compassionate Volunteer Drivers to provide essential transportation for seniors and adults with disabilities, [&hellip;]<\/p>\n","protected":false},"author":1,"featured_media":5540,"parent":4605,"menu_order":0,"comment_status":"closed","ping_status":"closed","template":"","meta":{"_monsterinsights_skip_tracking":false,"_monsterinsights_sitenote_active":false,"_monsterinsights_sitenote_note":"","_monsterinsights_sitenote_category":0,"footnotes":"","_links_to":"","_links_to_target":""},"class_list":["post-5538","page","type-page","status-publish","has-post-thumbnail","hentry"],"aioseo_notices":[],"publishpress_future_workflow_manual_trigger":{"enabledWorkflows":[]},"rttpg_featured_image_url":{"full":["https:\/\/www.seochc.on.ca\/wp-content\/uploads\/2022\/04\/volunteer_featured-image.jpg",1200,630,false],"landscape":["https:\/\/www.seochc.on.ca\/wp-content\/uploads\/2022\/04\/volunteer_featured-image.jpg",1200,630,false],"portraits":["https:\/\/www.seochc.on.ca\/wp-content\/uploads\/2022\/04\/volunteer_featured-image.jpg",1200,630,false],"thumbnail":["https:\/\/www.seochc.on.ca\/wp-content\/uploads\/2022\/04\/volunteer_featured-image-150x150.jpg",150,150,true],"medium":["https:\/\/www.seochc.on.ca\/wp-content\/uploads\/2022\/04\/volunteer_featured-image-300x158.jpg",300,158,true],"large":["https:\/\/www.seochc.on.ca\/wp-content\/uploads\/2022\/04\/volunteer_featured-image-1024x538.jpg",1024,538,true],"1536x1536":["https:\/\/www.seochc.on.ca\/wp-content\/uploads\/2022\/04\/volunteer_featured-image.jpg",1200,630,false],"2048x2048":["https:\/\/www.seochc.on.ca\/wp-content\/uploads\/2022\/04\/volunteer_featured-image.jpg",1200,630,false],"trp-custom-language-flag":["https:\/\/www.seochc.on.ca\/wp-content\/uploads\/2022\/04\/volunteer_featured-image.jpg",18,9,false],"rt_custom":["https:\/\/www.seochc.on.ca\/wp-content\/uploads\/2022\/04\/volunteer_featured-image.jpg",1200,630,false]},"rttpg_author":{"display_name":"mastercontroller","author_link":"https:\/\/www.seochc.on.ca\/fr\/author\/mastercontroller\/"},"rttpg_comment":0,"rttpg_category":null,"rttpg_excerpt":"Want to learn more? We\u2019re always looking for volunteers.Don\u2019t have the time to volunteer? Consider supporting healthier communities through a donation. We\u2019re grateful for every gift. Current Volunteer Opportunities: Medical Appointment Drivers\u00a0 We truly need Medical Appointment Drivers.\u00a0 \u00a0 We&#8217;re looking for compassionate Volunteer Drivers to provide essential transportation for seniors and adults with disabilities,&hellip;","_links":{"self":[{"href":"https:\/\/www.seochc.on.ca\/fr\/wp-json\/wp\/v2\/pages\/5538","targetHints":{"allow":["GET"]}}],"collection":[{"href":"https:\/\/www.seochc.on.ca\/fr\/wp-json\/wp\/v2\/pages"}],"about":[{"href":"https:\/\/www.seochc.on.ca\/fr\/wp-json\/wp\/v2\/types\/page"}],"author":[{"embeddable":true,"href":"https:\/\/www.seochc.on.ca\/fr\/wp-json\/wp\/v2\/users\/1"}],"replies":[{"embeddable":true,"href":"https:\/\/www.seochc.on.ca\/fr\/wp-json\/wp\/v2\/comments?post=5538"}],"version-history":[{"count":127,"href":"https:\/\/www.seochc.on.ca\/fr\/wp-json\/wp\/v2\/pages\/5538\/revisions"}],"predecessor-version":[{"id":9354,"href":"https:\/\/www.seochc.on.ca\/fr\/wp-json\/wp\/v2\/pages\/5538\/revisions\/9354"}],"up":[{"embeddable":true,"href":"https:\/\/www.seochc.on.ca\/fr\/wp-json\/wp\/v2\/pages\/4605"}],"wp:featuredmedia":[{"embeddable":true,"href":"https:\/\/www.seochc.on.ca\/fr\/wp-json\/wp\/v2\/media\/5540"}],"wp:attachment":[{"href":"https:\/\/www.seochc.on.ca\/fr\/wp-json\/wp\/v2\/media?parent=5538"}],"curies":[{"name":"wp","href":"https:\/\/api.w.org\/{rel}","templated":true}]}}