{"id":5561,"date":"2022-05-06T11:40:36","date_gmt":"2022-05-06T15:40:36","guid":{"rendered":"https:\/\/www.seochc.on.ca\/?page_id=5561"},"modified":"2025-10-15T12:31:06","modified_gmt":"2025-10-15T16:31:06","slug":"high-school-outreach-clinics","status":"publish","type":"page","link":"https:\/\/www.seochc.on.ca\/fr\/programs-and-services\/youth\/high-school-outreach-clinics\/","title":{"rendered":"Cliniques de sensibilisation dans les \u00e9coles secondaires"},"content":{"rendered":"<div class=\"wp-block-image\"><figure class=\"alignright size-medium\"><img fetchpriority=\"high\" decoding=\"async\" width=\"300\" height=\"200\" src=\"https:\/\/www.seochc.on.ca\/wp-content\/uploads\/2022\/05\/high-school-outreach-clinics_inset-image-300x200.jpg\" alt=\"Two male students standing in hallway and looking at documents.\" class=\"wp-image-5562\" srcset=\"https:\/\/www.seochc.on.ca\/wp-content\/uploads\/2022\/05\/high-school-outreach-clinics_inset-image-300x200.jpg 300w, https:\/\/www.seochc.on.ca\/wp-content\/uploads\/2022\/05\/high-school-outreach-clinics_inset-image-768x512.jpg 768w, https:\/\/www.seochc.on.ca\/wp-content\/uploads\/2022\/05\/high-school-outreach-clinics_inset-image.jpg 800w\" sizes=\"(max-width: 300px) 100vw, 300px\" \/><\/figure><\/div>\n\n\n\n<p>En partenariat avec l'Ottawa Carleton District School Board, nous offrons des services de soins primaires \u00e0 deux \u00e9coles secondaires hautement prioritaires situ\u00e9es dans la zone de recrutement. Un grand nombre des \u00e9l\u00e8ves desservis sont issus de communaut\u00e9s marginalis\u00e9es, ne sont pas assur\u00e9s ou ne b\u00e9n\u00e9ficient pas d'un soutien social suffisant. Ce programme r\u00e9duit les obstacles courants \u00e0 l'acc\u00e8s aux soins primaires et le personnel de l'\u00e9cole peut travailler en collaboration pour am\u00e9liorer les r\u00e9sultats des \u00e9l\u00e8ves, tant \u00e0 l'\u00e9cole qu'en dehors. Depuis plus de dix ans, cette clinique fournit des soins centr\u00e9s sur le client, opportuns et fond\u00e9s sur des donn\u00e9es probantes, afin de favoriser le bien-\u00eatre g\u00e9n\u00e9ral des \u00e9l\u00e8ves.<\/p>\n\n\n\n<p>Une infirmi\u00e8re praticienne dirige le centre de sant\u00e9 deux jours par semaine dans chaque \u00e9cole, offrant des services de soins de sant\u00e9 aux jeunes qui fr\u00e9quentent les lyc\u00e9es Ridgemont et Gloucester. L'\u00e9valuation et la gestion des maladies \u00e9pisodiques aigu\u00ebs, des questions de sant\u00e9 sexuelle et des soins de sant\u00e9 mentale sont les principaux objectifs de cette clinique.<\/p>\n\n\n\n<h2 class=\"has-white-color has-text-color has-background has-medium-font-size wp-block-heading\" style=\"background-color:#10a1ea\">Crit\u00e8res d'\u00e9ligibilit\u00e9<\/h2>\n\n\n\n<p>Les \u00e9tudiants inscrits \u00e0 la Gloucester High School ou \u00e0 la Ridgemont High School.<\/p>\n\n\n\n<h2 class=\"has-white-color has-text-color has-background has-medium-font-size wp-block-heading\" style=\"background-color:#10a1ea\">Heures d'ouverture<\/h2>\n\n\n\n<p>Septembre \u00e0 juin (ann\u00e9e scolaire)<\/p>\n\n\n\n<p>Chaque \u00e9cole re\u00e7oit des services 2 jours par semaine<\/p>\n\n\n\n<h2 class=\"has-white-color has-text-color has-background has-medium-font-size wp-block-heading\" style=\"background-color:#10a1ea\">Localisation<\/h2>\n\n\n\n<p><a href=\"https:\/\/ridgemonths.ocdsb.ca\/\" target=\"_blank\" rel=\"noreferrer noopener\">Lyc\u00e9e Ridgemont<br><\/a>2597 Alta Vista Drive<\/p>\n\n\n\n<p><a href=\"https:\/\/gloucesterhs.ocdsb.ca\/\" target=\"_blank\" rel=\"noreferrer noopener\">\u00c9cole secondaire de Gloucester<br><\/a>2060 Ogilvie Road<\/p>","protected":false},"excerpt":{"rendered":"<p>In partnership with the Ottawa Carleton District School Board, we offer primary care services to two high priority high schools within the catchment. Many of the students served are from marginalized communities, uninsured, or have poor social supports. This program decreases common barriers for accessing primary care and school staff can work collaboratively to improve [&hellip;]<\/p>\n","protected":false},"author":1,"featured_media":5563,"parent":4580,"menu_order":0,"comment_status":"closed","ping_status":"closed","template":"template_program-page_y.php","meta":{"_monsterinsights_skip_tracking":false,"_monsterinsights_sitenote_active":false,"_monsterinsights_sitenote_note":"","_monsterinsights_sitenote_category":0,"footnotes":"","_links_to":"","_links_to_target":""},"class_list":["post-5561","page","type-page","status-publish","has-post-thumbnail","hentry"],"aioseo_notices":[],"publishpress_future_workflow_manual_trigger":{"enabledWorkflows":[]},"rttpg_featured_image_url":{"full":["https:\/\/www.seochc.on.ca\/wp-content\/uploads\/2022\/05\/high-school-outreach-clinics_featured-image.jpg",1200,630,false],"landscape":["https:\/\/www.seochc.on.ca\/wp-content\/uploads\/2022\/05\/high-school-outreach-clinics_featured-image.jpg",1200,630,false],"portraits":["https:\/\/www.seochc.on.ca\/wp-content\/uploads\/2022\/05\/high-school-outreach-clinics_featured-image.jpg",1200,630,false],"thumbnail":["https:\/\/www.seochc.on.ca\/wp-content\/uploads\/2022\/05\/high-school-outreach-clinics_featured-image-150x150.jpg",150,150,true],"medium":["https:\/\/www.seochc.on.ca\/wp-content\/uploads\/2022\/05\/high-school-outreach-clinics_featured-image-300x158.jpg",300,158,true],"large":["https:\/\/www.seochc.on.ca\/wp-content\/uploads\/2022\/05\/high-school-outreach-clinics_featured-image-1024x538.jpg",1024,538,true],"1536x1536":["https:\/\/www.seochc.on.ca\/wp-content\/uploads\/2022\/05\/high-school-outreach-clinics_featured-image.jpg",1200,630,false],"2048x2048":["https:\/\/www.seochc.on.ca\/wp-content\/uploads\/2022\/05\/high-school-outreach-clinics_featured-image.jpg",1200,630,false],"trp-custom-language-flag":["https:\/\/www.seochc.on.ca\/wp-content\/uploads\/2022\/05\/high-school-outreach-clinics_featured-image.jpg",18,9,false],"rt_custom":["https:\/\/www.seochc.on.ca\/wp-content\/uploads\/2022\/05\/high-school-outreach-clinics_featured-image.jpg",1200,630,false]},"rttpg_author":{"display_name":"mastercontroller","author_link":"https:\/\/www.seochc.on.ca\/fr\/author\/mastercontroller\/"},"rttpg_comment":0,"rttpg_category":null,"rttpg_excerpt":"In partnership with the Ottawa Carleton District School Board, we offer primary care services to two high priority high schools within the catchment. Many of the students served are from marginalized communities, uninsured, or have poor social supports. This program decreases common barriers for accessing primary care and school staff can work collaboratively to improve&hellip;","_links":{"self":[{"href":"https:\/\/www.seochc.on.ca\/fr\/wp-json\/wp\/v2\/pages\/5561","targetHints":{"allow":["GET"]}}],"collection":[{"href":"https:\/\/www.seochc.on.ca\/fr\/wp-json\/wp\/v2\/pages"}],"about":[{"href":"https:\/\/www.seochc.on.ca\/fr\/wp-json\/wp\/v2\/types\/page"}],"author":[{"embeddable":true,"href":"https:\/\/www.seochc.on.ca\/fr\/wp-json\/wp\/v2\/users\/1"}],"replies":[{"embeddable":true,"href":"https:\/\/www.seochc.on.ca\/fr\/wp-json\/wp\/v2\/comments?post=5561"}],"version-history":[{"count":1,"href":"https:\/\/www.seochc.on.ca\/fr\/wp-json\/wp\/v2\/pages\/5561\/revisions"}],"predecessor-version":[{"id":5564,"href":"https:\/\/www.seochc.on.ca\/fr\/wp-json\/wp\/v2\/pages\/5561\/revisions\/5564"}],"up":[{"embeddable":true,"href":"https:\/\/www.seochc.on.ca\/fr\/wp-json\/wp\/v2\/pages\/4580"}],"wp:featuredmedia":[{"embeddable":true,"href":"https:\/\/www.seochc.on.ca\/fr\/wp-json\/wp\/v2\/media\/5563"}],"wp:attachment":[{"href":"https:\/\/www.seochc.on.ca\/fr\/wp-json\/wp\/v2\/media?parent=5561"}],"curies":[{"name":"wp","href":"https:\/\/api.w.org\/{rel}","templated":true}]}}