{"id":6366,"date":"2022-06-10T10:31:45","date_gmt":"2022-06-10T14:31:45","guid":{"rendered":"https:\/\/www.seochc.on.ca\/?page_id=6366"},"modified":"2022-06-10T10:32:29","modified_gmt":"2022-06-10T14:32:29","slug":"baby-friendly-initiative","status":"publish","type":"page","link":"https:\/\/www.seochc.on.ca\/fr\/about-us\/baby-friendly-initiative\/","title":{"rendered":"Initiative \"Amis des b\u00e9b\u00e9s"},"content":{"rendered":"<div class=\"wp-block-image\">\n<figure class=\"alignright size-medium\"><img decoding=\"async\" width=\"300\" height=\"66\" src=\"https:\/\/www.seochc.on.ca\/wp-content\/uploads\/2022\/06\/bfi-ontario-logo-300x66.jpg\" alt=\"logo for Baby Friendly Initiative of Ontario\" class=\"wp-image-6369\" srcset=\"https:\/\/www.seochc.on.ca\/wp-content\/uploads\/2022\/06\/bfi-ontario-logo-300x66.jpg 300w, https:\/\/www.seochc.on.ca\/wp-content\/uploads\/2022\/06\/bfi-ontario-logo.jpg 478w\" sizes=\"(max-width: 300px) 100vw, 300px\" \/><\/figure>\n<\/div>\n\n\n<p>L'initiative \"Amis des b\u00e9b\u00e9s\" est une campagne mondiale de l'Organisation mondiale de la sant\u00e9 (OMS) et du Fonds des Nations unies pour l'enfance (UNICEF). Elle a \u00e9t\u00e9 mise au point pour aider les h\u00f4pitaux et les organismes communautaires \u00e0 prot\u00e9ger, promouvoir et soutenir l'allaitement maternel. L'Initiative des Amis des b\u00e9b\u00e9s d\u00e9crit les meilleures pratiques pour ceux qui travaillent avec des femmes enceintes et\/ou des parents. Les organisations amies des b\u00e9b\u00e9s soutiennent toutes les familles gr\u00e2ce \u00e0 des pratiques importantes en mati\u00e8re d'alimentation et de soins des nourrissons. Les organisations amies des b\u00e9b\u00e9s sont b\u00e9n\u00e9fiques pour les b\u00e9b\u00e9s, les familles, la soci\u00e9t\u00e9 et l'environnement.<\/p>\n\n\n\n<p>Au Canada, la&nbsp;<a href=\"https:\/\/breastfeedingcanada.ca\/\" target=\"_blank\" rel=\"noreferrer noopener\">Comit\u00e9 canadien pour l'allaitement maternel<\/a>&nbsp;&nbsp;est responsable de la d\u00e9signation des h\u00f4pitaux et des agences de soins de sant\u00e9 communautaires.<\/p>\n\n\n\n<p>Le Centre de sant\u00e9 communautaire du Sud-Est d'Ottawa appuie l'Initiative des Amis des b\u00e9b\u00e9s de l'Organisation mondiale de la sant\u00e9. Le Centre de sant\u00e9 communautaire du Sud-Est d'Ottawa s'est engag\u00e9 \u00e0 obtenir la d\u00e9signation IAB en prenant les mesures suivantes<\/p>\n\n\n\n<ul class=\"wp-block-list\"><li>Aider les parents \u00e0 prendre des d\u00e9cisions \u00e9clair\u00e9es sur l'alimentation de leur b\u00e9b\u00e9<\/li><li>Soutenir toutes les familles, quel que soit leur mode d'alimentation<\/li><li>recommander le lait maternel comme seul aliment pour les b\u00e9b\u00e9s jusqu'\u00e0 l'\u00e2ge de six mois<\/li><li>Recommander d'inclure le lait maternel dans l'alimentation de l'enfant jusqu'\u00e0 l'\u00e2ge de deux ans et au-del\u00e0<\/li><li>Prot\u00e9ger les droits des femmes \u00e0 allaiter \u00e0 tout moment et en tout lieu<\/li><li>Travailler avec notre communaut\u00e9 pour prot\u00e9ger, promouvoir et soutenir l'allaitement maternel<\/li><\/ul>\n\n\n\n<p>Pour plus d'informations sur l'Initiative ou sur l'alimentation ou les soins de votre b\u00e9b\u00e9, appelez le (613) 737-5115 et demandez \u00e0 \u00eatre mis en relation avec notre conseill\u00e8re en lactation.<\/p>","protected":false},"excerpt":{"rendered":"<p>The Baby-Friendly Initiative is a global campaign of the World Health Organization (WHO) and the United Nations Children\u2019s Fund (UNICEF). It was developed to help hospitals and community agencies protect, promote and support breastfeeding. The Baby-Friendly Initiative outlines best-practices for those working with pregnant and\/or parenting families. Baby-Friendly organizations support all families with important infant [&hellip;]<\/p>\n","protected":false},"author":1,"featured_media":6367,"parent":4607,"menu_order":0,"comment_status":"closed","ping_status":"closed","template":"template_about-page_bfi.php","meta":{"_monsterinsights_skip_tracking":false,"_monsterinsights_sitenote_active":false,"_monsterinsights_sitenote_note":"","_monsterinsights_sitenote_category":0,"footnotes":"","_links_to":"","_links_to_target":""},"class_list":["post-6366","page","type-page","status-publish","has-post-thumbnail","hentry"],"aioseo_notices":[],"publishpress_future_workflow_manual_trigger":{"enabledWorkflows":[]},"rttpg_featured_image_url":{"full":["https:\/\/www.seochc.on.ca\/wp-content\/uploads\/2022\/06\/baby-friendly-initiative_fimage.jpg",1920,1281,false],"landscape":["https:\/\/www.seochc.on.ca\/wp-content\/uploads\/2022\/06\/baby-friendly-initiative_fimage.jpg",1920,1281,false],"portraits":["https:\/\/www.seochc.on.ca\/wp-content\/uploads\/2022\/06\/baby-friendly-initiative_fimage.jpg",1920,1281,false],"thumbnail":["https:\/\/www.seochc.on.ca\/wp-content\/uploads\/2022\/06\/baby-friendly-initiative_fimage-150x150.jpg",150,150,true],"medium":["https:\/\/www.seochc.on.ca\/wp-content\/uploads\/2022\/06\/baby-friendly-initiative_fimage-300x200.jpg",300,200,true],"large":["https:\/\/www.seochc.on.ca\/wp-content\/uploads\/2022\/06\/baby-friendly-initiative_fimage-1024x683.jpg",1024,683,true],"1536x1536":["https:\/\/www.seochc.on.ca\/wp-content\/uploads\/2022\/06\/baby-friendly-initiative_fimage-1536x1025.jpg",1536,1025,true],"2048x2048":["https:\/\/www.seochc.on.ca\/wp-content\/uploads\/2022\/06\/baby-friendly-initiative_fimage.jpg",1920,1281,false],"trp-custom-language-flag":["https:\/\/www.seochc.on.ca\/wp-content\/uploads\/2022\/06\/baby-friendly-initiative_fimage.jpg",18,12,false],"rt_custom":["https:\/\/www.seochc.on.ca\/wp-content\/uploads\/2022\/06\/baby-friendly-initiative_fimage.jpg",1920,1281,false]},"rttpg_author":{"display_name":"mastercontroller","author_link":"https:\/\/www.seochc.on.ca\/fr\/author\/mastercontroller\/"},"rttpg_comment":0,"rttpg_category":null,"rttpg_excerpt":"The Baby-Friendly Initiative is a global campaign of the World Health Organization (WHO) and the United Nations Children\u2019s Fund (UNICEF). It was developed to help hospitals and community agencies protect, promote and support breastfeeding. The Baby-Friendly Initiative outlines best-practices for those working with pregnant and\/or parenting families. Baby-Friendly organizations support all families with important infant&hellip;","_links":{"self":[{"href":"https:\/\/www.seochc.on.ca\/fr\/wp-json\/wp\/v2\/pages\/6366","targetHints":{"allow":["GET"]}}],"collection":[{"href":"https:\/\/www.seochc.on.ca\/fr\/wp-json\/wp\/v2\/pages"}],"about":[{"href":"https:\/\/www.seochc.on.ca\/fr\/wp-json\/wp\/v2\/types\/page"}],"author":[{"embeddable":true,"href":"https:\/\/www.seochc.on.ca\/fr\/wp-json\/wp\/v2\/users\/1"}],"replies":[{"embeddable":true,"href":"https:\/\/www.seochc.on.ca\/fr\/wp-json\/wp\/v2\/comments?post=6366"}],"version-history":[{"count":2,"href":"https:\/\/www.seochc.on.ca\/fr\/wp-json\/wp\/v2\/pages\/6366\/revisions"}],"predecessor-version":[{"id":6370,"href":"https:\/\/www.seochc.on.ca\/fr\/wp-json\/wp\/v2\/pages\/6366\/revisions\/6370"}],"up":[{"embeddable":true,"href":"https:\/\/www.seochc.on.ca\/fr\/wp-json\/wp\/v2\/pages\/4607"}],"wp:featuredmedia":[{"embeddable":true,"href":"https:\/\/www.seochc.on.ca\/fr\/wp-json\/wp\/v2\/media\/6367"}],"wp:attachment":[{"href":"https:\/\/www.seochc.on.ca\/fr\/wp-json\/wp\/v2\/media?parent=6366"}],"curies":[{"name":"wp","href":"https:\/\/api.w.org\/{rel}","templated":true}]}}