{"id":6634,"date":"2022-08-23T13:02:03","date_gmt":"2022-08-23T17:02:03","guid":{"rendered":"https:\/\/www.seochc.on.ca\/?page_id=6634"},"modified":"2022-08-23T13:02:03","modified_gmt":"2022-08-23T17:02:03","slug":"staff-wellness","status":"publish","type":"page","link":"https:\/\/www.seochc.on.ca\/fr\/staff-wellness\/","title":{"rendered":"Bien-\u00eatre du personnel"},"content":{"rendered":"<div class=\"wp-block-image\">\n<figure class=\"alignright size-medium\"><img decoding=\"async\" width=\"300\" height=\"131\" src=\"https:\/\/www.seochc.on.ca\/wp-content\/uploads\/2022\/08\/homepage-slider_wellness-300x131.jpg\" alt=\"Stones spa treatment scene, zen like concepts\" class=\"wp-image-6635\" srcset=\"https:\/\/www.seochc.on.ca\/wp-content\/uploads\/2022\/08\/homepage-slider_wellness-300x131.jpg 300w, https:\/\/www.seochc.on.ca\/wp-content\/uploads\/2022\/08\/homepage-slider_wellness-1024x448.jpg 1024w, https:\/\/www.seochc.on.ca\/wp-content\/uploads\/2022\/08\/homepage-slider_wellness-768x336.jpg 768w, https:\/\/www.seochc.on.ca\/wp-content\/uploads\/2022\/08\/homepage-slider_wellness-1536x671.jpg 1536w, https:\/\/www.seochc.on.ca\/wp-content\/uploads\/2022\/08\/homepage-slider_wellness-18x8.jpg 18w, https:\/\/www.seochc.on.ca\/wp-content\/uploads\/2022\/08\/homepage-slider_wellness.jpg 1894w\" sizes=\"(max-width: 300px) 100vw, 300px\" \/><\/figure>\n<\/div>\n\n\n<p>Le Centre de sant\u00e9 communautaire du Sud-Est d'Ottawa reconna\u00eet que son personnel est son atout le plus pr\u00e9cieux. Nous sommes une organisation qui s'engage \u00e0 assurer le bien-\u00eatre de son personnel. Nous reconnaissons \u00e9galement que la nature continue de la pand\u00e9mie et ses r\u00e9percussions uniques sur notre communaut\u00e9 ont un impact sur notre personnel. Afin d'offrir des possibilit\u00e9s et des soutiens en mati\u00e8re de bien-\u00eatre, nous avons fait un investissement sp\u00e9cial dans le bien-\u00eatre du personnel. Voici quelques-uns de nos efforts Les caf\u00e9s du personnel, qui sont des occasions pour le personnel de se connecter et de s'informer sur une vari\u00e9t\u00e9 de sujets, les cercles de bien-\u00eatre dirig\u00e9s par un coach en sant\u00e9 mentale, les opportunit\u00e9s de coaching et de mentorat individuels, et les horaires flexibles.<\/p>\n\n\n\n<h2 class=\"wp-block-heading\">Citations du personnel<\/h2>\n\n\n\n<blockquote class=\"wp-block-quote is-layout-flow wp-block-quote-is-layout-flow\"><p>\u201cJ'aime jouer un r\u00f4le dans l'aide apport\u00e9e \u00e0 nos clients. J'aime savoir que les gens s'en sortent mieux parce que je suis l\u00e0.\u201d<\/p><\/blockquote>\n\n\n\n<blockquote class=\"wp-block-quote is-layout-flow wp-block-quote-is-layout-flow\"><p>\u201cJe d\u00e9crirais la culture comme accueillante, solidaire, amicale et positive.\u201d<\/p><\/blockquote>\n\n\n\n<blockquote class=\"wp-block-quote is-layout-flow wp-block-quote-is-layout-flow\"><p>\u201cC'est un excellent endroit pour travailler, surtout si vous avez la passion d'aider la communaut\u00e9 et d'am\u00e9liorer la sant\u00e9 des populations vuln\u00e9rables\u201d.\u201d<\/p><\/blockquote>","protected":false},"excerpt":{"rendered":"<p>South-East Ottawa Community Health Centre recognizes that our people are our most valuable asset. We are an organization committed to staff wellness. We also recognize that the ongoing nature of the pandemic, and its unique impacts on our community impacts our staff. In an effort to provide wellness opportunities and supports, we made a special [&hellip;]<\/p>\n","protected":false},"author":1,"featured_media":6635,"parent":0,"menu_order":0,"comment_status":"closed","ping_status":"closed","template":"","meta":{"_monsterinsights_skip_tracking":false,"_monsterinsights_sitenote_active":false,"_monsterinsights_sitenote_note":"","_monsterinsights_sitenote_category":0,"footnotes":"","_links_to":"","_links_to_target":""},"class_list":["post-6634","page","type-page","status-publish","has-post-thumbnail","hentry"],"aioseo_notices":[],"publishpress_future_workflow_manual_trigger":{"enabledWorkflows":[]},"rttpg_featured_image_url":{"full":["https:\/\/www.seochc.on.ca\/wp-content\/uploads\/2022\/08\/homepage-slider_wellness.jpg",1894,828,false],"landscape":["https:\/\/www.seochc.on.ca\/wp-content\/uploads\/2022\/08\/homepage-slider_wellness.jpg",1894,828,false],"portraits":["https:\/\/www.seochc.on.ca\/wp-content\/uploads\/2022\/08\/homepage-slider_wellness.jpg",1894,828,false],"thumbnail":["https:\/\/www.seochc.on.ca\/wp-content\/uploads\/2022\/08\/homepage-slider_wellness-150x150.jpg",150,150,true],"medium":["https:\/\/www.seochc.on.ca\/wp-content\/uploads\/2022\/08\/homepage-slider_wellness-300x131.jpg",300,131,true],"large":["https:\/\/www.seochc.on.ca\/wp-content\/uploads\/2022\/08\/homepage-slider_wellness-1024x448.jpg",1024,448,true],"1536x1536":["https:\/\/www.seochc.on.ca\/wp-content\/uploads\/2022\/08\/homepage-slider_wellness-1536x671.jpg",1536,671,true],"2048x2048":["https:\/\/www.seochc.on.ca\/wp-content\/uploads\/2022\/08\/homepage-slider_wellness.jpg",1894,828,false],"trp-custom-language-flag":["https:\/\/www.seochc.on.ca\/wp-content\/uploads\/2022\/08\/homepage-slider_wellness-18x8.jpg",18,8,true],"rt_custom":["https:\/\/www.seochc.on.ca\/wp-content\/uploads\/2022\/08\/homepage-slider_wellness.jpg",1894,828,false]},"rttpg_author":{"display_name":"mastercontroller","author_link":"https:\/\/www.seochc.on.ca\/fr\/author\/mastercontroller\/"},"rttpg_comment":0,"rttpg_category":null,"rttpg_excerpt":"South-East Ottawa Community Health Centre recognizes that our people are our most valuable asset. We are an organization committed to staff wellness. We also recognize that the ongoing nature of the pandemic, and its unique impacts on our community impacts our staff. In an effort to provide wellness opportunities and supports, we made a special&hellip;","_links":{"self":[{"href":"https:\/\/www.seochc.on.ca\/fr\/wp-json\/wp\/v2\/pages\/6634","targetHints":{"allow":["GET"]}}],"collection":[{"href":"https:\/\/www.seochc.on.ca\/fr\/wp-json\/wp\/v2\/pages"}],"about":[{"href":"https:\/\/www.seochc.on.ca\/fr\/wp-json\/wp\/v2\/types\/page"}],"author":[{"embeddable":true,"href":"https:\/\/www.seochc.on.ca\/fr\/wp-json\/wp\/v2\/users\/1"}],"replies":[{"embeddable":true,"href":"https:\/\/www.seochc.on.ca\/fr\/wp-json\/wp\/v2\/comments?post=6634"}],"version-history":[{"count":1,"href":"https:\/\/www.seochc.on.ca\/fr\/wp-json\/wp\/v2\/pages\/6634\/revisions"}],"predecessor-version":[{"id":6636,"href":"https:\/\/www.seochc.on.ca\/fr\/wp-json\/wp\/v2\/pages\/6634\/revisions\/6636"}],"wp:featuredmedia":[{"embeddable":true,"href":"https:\/\/www.seochc.on.ca\/fr\/wp-json\/wp\/v2\/media\/6635"}],"wp:attachment":[{"href":"https:\/\/www.seochc.on.ca\/fr\/wp-json\/wp\/v2\/media?parent=6634"}],"curies":[{"name":"wp","href":"https:\/\/api.w.org\/{rel}","templated":true}]}}