{"id":6833,"date":"2022-09-12T12:31:05","date_gmt":"2022-09-12T16:31:05","guid":{"rendered":"https:\/\/www.seochc.on.ca\/?page_id=6833"},"modified":"2022-09-12T12:35:17","modified_gmt":"2022-09-12T16:35:17","slug":"your-feedback","status":"publish","type":"page","link":"https:\/\/www.seochc.on.ca\/fr\/contact-us\/your-feedback\/","title":{"rendered":"Votre avis"},"content":{"rendered":"<div class=\"wp-block-image\">\n<figure class=\"alignright size-medium\"><img fetchpriority=\"high\" decoding=\"async\" width=\"300\" height=\"221\" src=\"https:\/\/www.seochc.on.ca\/wp-content\/uploads\/2022\/09\/your-feedback_inset-1-300x221.jpg\" alt=\"the word feedback spelled out in cutout letters on pegboard\" class=\"wp-image-6834\" srcset=\"https:\/\/www.seochc.on.ca\/wp-content\/uploads\/2022\/09\/your-feedback_inset-1-300x221.jpg 300w, https:\/\/www.seochc.on.ca\/wp-content\/uploads\/2022\/09\/your-feedback_inset-1-16x12.jpg 16w, https:\/\/www.seochc.on.ca\/wp-content\/uploads\/2022\/09\/your-feedback_inset-1.jpg 420w\" sizes=\"(max-width: 300px) 100vw, 300px\" \/><\/figure>\n<\/div>\n\n\n<p>Le Centre de sant\u00e9 communautaire du Sud-Est d'Ottawa appr\u00e9cie les commentaires de ses clients, de ses familles, de ses partenaires et de la communaut\u00e9. N'h\u00e9sitez pas \u00e0 communiquer avec nous pour nous faire part de vos suggestions sur la fa\u00e7on dont nous pourrions nous am\u00e9liorer ou sur ce que nous faisons bien. Vos commentaires nous aident \u00e0 continuer \u00e0 fournir des services utiles \u00e0 notre communaut\u00e9.<\/p>\n\n\n\n<p>Pour nous faire part de vos commentaires, envoyez un courriel : <a href=\"mailto:office@seochc.on.ca\">office@seochc.on.ca<\/a> <\/p>","protected":false},"excerpt":{"rendered":"<p>South-East Ottawa Community Health Centre values feedback from: clients, families, partners and community.&nbsp;Please feel free to contact us with suggestions in ways we can do better, and\/or what we are doing well. Your feedback helps us continue to provide meaningful services in our community. To provide your feedback, email: office@seochc.on.ca<\/p>","protected":false},"author":1,"featured_media":6835,"parent":4609,"menu_order":0,"comment_status":"closed","ping_status":"closed","template":"","meta":{"_monsterinsights_skip_tracking":false,"_monsterinsights_sitenote_active":false,"_monsterinsights_sitenote_note":"","_monsterinsights_sitenote_category":0,"footnotes":"","_links_to":"","_links_to_target":""},"class_list":["post-6833","page","type-page","status-publish","has-post-thumbnail","hentry"],"aioseo_notices":[],"publishpress_future_workflow_manual_trigger":{"enabledWorkflows":[]},"rttpg_featured_image_url":{"full":["https:\/\/www.seochc.on.ca\/wp-content\/uploads\/2022\/09\/your-feedback_fimage.jpg",1200,630,false],"landscape":["https:\/\/www.seochc.on.ca\/wp-content\/uploads\/2022\/09\/your-feedback_fimage.jpg",1200,630,false],"portraits":["https:\/\/www.seochc.on.ca\/wp-content\/uploads\/2022\/09\/your-feedback_fimage.jpg",1200,630,false],"thumbnail":["https:\/\/www.seochc.on.ca\/wp-content\/uploads\/2022\/09\/your-feedback_fimage-150x150.jpg",150,150,true],"medium":["https:\/\/www.seochc.on.ca\/wp-content\/uploads\/2022\/09\/your-feedback_fimage-300x158.jpg",300,158,true],"large":["https:\/\/www.seochc.on.ca\/wp-content\/uploads\/2022\/09\/your-feedback_fimage-1024x538.jpg",1024,538,true],"1536x1536":["https:\/\/www.seochc.on.ca\/wp-content\/uploads\/2022\/09\/your-feedback_fimage.jpg",1200,630,false],"2048x2048":["https:\/\/www.seochc.on.ca\/wp-content\/uploads\/2022\/09\/your-feedback_fimage.jpg",1200,630,false],"trp-custom-language-flag":["https:\/\/www.seochc.on.ca\/wp-content\/uploads\/2022\/09\/your-feedback_fimage-18x9.jpg",18,9,true],"rt_custom":["https:\/\/www.seochc.on.ca\/wp-content\/uploads\/2022\/09\/your-feedback_fimage.jpg",1200,630,false]},"rttpg_author":{"display_name":"mastercontroller","author_link":"https:\/\/www.seochc.on.ca\/fr\/author\/mastercontroller\/"},"rttpg_comment":0,"rttpg_category":null,"rttpg_excerpt":"South-East Ottawa Community Health Centre values feedback from: clients, families, partners and community.&nbsp;Please feel free to contact us with suggestions in ways we can do better, and\/or what we are doing well. Your feedback helps us continue to provide meaningful services in our community. To provide your feedback, email: office@seochc.on.ca","_links":{"self":[{"href":"https:\/\/www.seochc.on.ca\/fr\/wp-json\/wp\/v2\/pages\/6833","targetHints":{"allow":["GET"]}}],"collection":[{"href":"https:\/\/www.seochc.on.ca\/fr\/wp-json\/wp\/v2\/pages"}],"about":[{"href":"https:\/\/www.seochc.on.ca\/fr\/wp-json\/wp\/v2\/types\/page"}],"author":[{"embeddable":true,"href":"https:\/\/www.seochc.on.ca\/fr\/wp-json\/wp\/v2\/users\/1"}],"replies":[{"embeddable":true,"href":"https:\/\/www.seochc.on.ca\/fr\/wp-json\/wp\/v2\/comments?post=6833"}],"version-history":[{"count":1,"href":"https:\/\/www.seochc.on.ca\/fr\/wp-json\/wp\/v2\/pages\/6833\/revisions"}],"predecessor-version":[{"id":6836,"href":"https:\/\/www.seochc.on.ca\/fr\/wp-json\/wp\/v2\/pages\/6833\/revisions\/6836"}],"up":[{"embeddable":true,"href":"https:\/\/www.seochc.on.ca\/fr\/wp-json\/wp\/v2\/pages\/4609"}],"wp:featuredmedia":[{"embeddable":true,"href":"https:\/\/www.seochc.on.ca\/fr\/wp-json\/wp\/v2\/media\/6835"}],"wp:attachment":[{"href":"https:\/\/www.seochc.on.ca\/fr\/wp-json\/wp\/v2\/media?parent=6833"}],"curies":[{"name":"wp","href":"https:\/\/api.w.org\/{rel}","templated":true}]}}