{"id":6837,"date":"2022-09-12T12:33:32","date_gmt":"2022-09-12T16:33:32","guid":{"rendered":"https:\/\/www.seochc.on.ca\/?page_id=6837"},"modified":"2023-09-26T13:43:13","modified_gmt":"2023-09-26T17:43:13","slug":"media-relations","status":"publish","type":"page","link":"https:\/\/www.seochc.on.ca\/fr\/contact-us\/media-relations\/","title":{"rendered":"Relations avec les m\u00e9dias"},"content":{"rendered":"<div class=\"wp-block-image is-style-default\">\n<figure class=\"alignright size-medium\"><img fetchpriority=\"high\" decoding=\"async\" width=\"300\" height=\"300\" src=\"https:\/\/www.seochc.on.ca\/wp-content\/uploads\/2022\/09\/heather-badenoch-300x300.jpg\" alt=\"Heather Badenoch, Journalist\" class=\"wp-image-6838\" srcset=\"https:\/\/www.seochc.on.ca\/wp-content\/uploads\/2022\/09\/heather-badenoch-300x300.jpg 300w, https:\/\/www.seochc.on.ca\/wp-content\/uploads\/2022\/09\/heather-badenoch-150x150.jpg 150w, https:\/\/www.seochc.on.ca\/wp-content\/uploads\/2022\/09\/heather-badenoch-12x12.jpg 12w, https:\/\/www.seochc.on.ca\/wp-content\/uploads\/2022\/09\/heather-badenoch.jpg 426w\" sizes=\"(max-width: 300px) 100vw, 300px\" \/><figcaption class=\"wp-element-caption\"><strong>Heather Badenoch<\/strong><br>Village PR<br><a href=\"tel:613-859-8232\">(613) 859-8232<\/a><\/figcaption><\/figure>\n<\/div>\n\n\n<p>Le Centre de sant\u00e9 communautaire du Sud-Est d'Ottawa s'engage \u00e0 assurer une circulation coh\u00e9rente et cr\u00e9dible de l'information entre notre organisme et la communaut\u00e9. Nous collaborons avec Heather Badenoch pour produire des nouvelles et des reportages dans les m\u00e9dias et y r\u00e9pondre.<\/p>","protected":false},"excerpt":{"rendered":"<p>Le Centre de sant\u00e9 communautaire du Sud-Est d'Ottawa s'engage \u00e0 assurer une circulation coh\u00e9rente et cr\u00e9dible de l'information entre notre organisme et la communaut\u00e9. Nous collaborons avec Heather Badenoch pour produire des nouvelles et des reportages dans les m\u00e9dias et y r\u00e9pondre.<\/p>","protected":false},"author":1,"featured_media":6839,"parent":4609,"menu_order":0,"comment_status":"closed","ping_status":"closed","template":"","meta":{"_monsterinsights_skip_tracking":false,"_monsterinsights_sitenote_active":false,"_monsterinsights_sitenote_note":"","_monsterinsights_sitenote_category":0,"footnotes":"","_links_to":"","_links_to_target":""},"class_list":["post-6837","page","type-page","status-publish","has-post-thumbnail","hentry"],"aioseo_notices":[],"publishpress_future_workflow_manual_trigger":{"enabledWorkflows":[]},"rttpg_featured_image_url":{"full":["https:\/\/www.seochc.on.ca\/wp-content\/uploads\/2022\/09\/media-relations_fimage.jpg",1200,630,false],"landscape":["https:\/\/www.seochc.on.ca\/wp-content\/uploads\/2022\/09\/media-relations_fimage.jpg",1200,630,false],"portraits":["https:\/\/www.seochc.on.ca\/wp-content\/uploads\/2022\/09\/media-relations_fimage.jpg",1200,630,false],"thumbnail":["https:\/\/www.seochc.on.ca\/wp-content\/uploads\/2022\/09\/media-relations_fimage-150x150.jpg",150,150,true],"medium":["https:\/\/www.seochc.on.ca\/wp-content\/uploads\/2022\/09\/media-relations_fimage-300x158.jpg",300,158,true],"large":["https:\/\/www.seochc.on.ca\/wp-content\/uploads\/2022\/09\/media-relations_fimage-1024x538.jpg",1024,538,true],"1536x1536":["https:\/\/www.seochc.on.ca\/wp-content\/uploads\/2022\/09\/media-relations_fimage.jpg",1200,630,false],"2048x2048":["https:\/\/www.seochc.on.ca\/wp-content\/uploads\/2022\/09\/media-relations_fimage.jpg",1200,630,false],"trp-custom-language-flag":["https:\/\/www.seochc.on.ca\/wp-content\/uploads\/2022\/09\/media-relations_fimage-18x9.jpg",18,9,true],"rt_custom":["https:\/\/www.seochc.on.ca\/wp-content\/uploads\/2022\/09\/media-relations_fimage.jpg",1200,630,false]},"rttpg_author":{"display_name":"mastercontroller","author_link":"https:\/\/www.seochc.on.ca\/fr\/author\/mastercontroller\/"},"rttpg_comment":0,"rttpg_category":null,"rttpg_excerpt":"South-East Ottawa Community Health Centre is committed to a consistent and credible flow of information between our organization and the community. We work with Heather Badenoch to produce and respond to news and features in the mass media.","_links":{"self":[{"href":"https:\/\/www.seochc.on.ca\/fr\/wp-json\/wp\/v2\/pages\/6837","targetHints":{"allow":["GET"]}}],"collection":[{"href":"https:\/\/www.seochc.on.ca\/fr\/wp-json\/wp\/v2\/pages"}],"about":[{"href":"https:\/\/www.seochc.on.ca\/fr\/wp-json\/wp\/v2\/types\/page"}],"author":[{"embeddable":true,"href":"https:\/\/www.seochc.on.ca\/fr\/wp-json\/wp\/v2\/users\/1"}],"replies":[{"embeddable":true,"href":"https:\/\/www.seochc.on.ca\/fr\/wp-json\/wp\/v2\/comments?post=6837"}],"version-history":[{"count":2,"href":"https:\/\/www.seochc.on.ca\/fr\/wp-json\/wp\/v2\/pages\/6837\/revisions"}],"predecessor-version":[{"id":7911,"href":"https:\/\/www.seochc.on.ca\/fr\/wp-json\/wp\/v2\/pages\/6837\/revisions\/7911"}],"up":[{"embeddable":true,"href":"https:\/\/www.seochc.on.ca\/fr\/wp-json\/wp\/v2\/pages\/4609"}],"wp:featuredmedia":[{"embeddable":true,"href":"https:\/\/www.seochc.on.ca\/fr\/wp-json\/wp\/v2\/media\/6839"}],"wp:attachment":[{"href":"https:\/\/www.seochc.on.ca\/fr\/wp-json\/wp\/v2\/media?parent=6837"}],"curies":[{"name":"wp","href":"https:\/\/api.w.org\/{rel}","templated":true}]}}