{"id":8916,"date":"2025-05-02T09:59:30","date_gmt":"2025-05-02T13:59:30","guid":{"rendered":"https:\/\/www.seochc.on.ca\/?page_id=8916"},"modified":"2026-03-31T11:51:38","modified_gmt":"2026-03-31T15:51:38","slug":"preventative-care-wellness-clinic","status":"publish","type":"page","link":"https:\/\/www.seochc.on.ca\/fr\/preventative-care-wellness-clinic\/","title":{"rendered":"Clinique de soins pr\u00e9ventifs et de bien-\u00eatre"},"content":{"rendered":"<div data-elementor-type=\"wp-page\" data-elementor-id=\"8916\" class=\"elementor elementor-8916\">\n\t\t\t\t\t\t<section class=\"elementor-section elementor-top-section elementor-element elementor-element-756d8fb2 elementor-section-boxed elementor-section-height-default elementor-section-height-default\" data-id=\"756d8fb2\" data-element_type=\"section\" data-e-type=\"section\">\n\t\t\t\t\t\t<div class=\"elementor-container elementor-column-gap-default\">\n\t\t\t\t\t<div class=\"elementor-column elementor-col-100 elementor-top-column elementor-element elementor-element-1fe1be00\" data-id=\"1fe1be00\" data-element_type=\"column\" data-e-type=\"column\">\n\t\t\t<div class=\"elementor-widget-wrap elementor-element-populated\">\n\t\t\t\t\t\t<div class=\"elementor-element elementor-element-6313d0b3 elementor-widget elementor-widget-text-editor\" data-id=\"6313d0b3\" data-element_type=\"widget\" data-e-type=\"widget\" data-widget_type=\"text-editor.default\">\n\t\t\t\t<div class=\"elementor-widget-container\">\n\t\t\t\t\t\t\t\t\t<h2 class=\"wp-block-heading has-white-color has-text-color has-background has-medium-font-size\" style=\"background-color: #10a1ea;\">Clinique sans rendez-vous dirig\u00e9e par une infirmi\u00e8re praticienne<\/h2>\n<p><!-- \/wp:heading --><!-- wp:paragraph --><\/p>\n<p>Le SEOCHC est heureux de pr\u00e9senter sa nouvelle clinique sans rendez-vous dirig\u00e9e par des infirmi\u00e8res praticiennes, une nouvelle initiative visant \u00e0 fournir des soins accessibles, adapt\u00e9s \u00e0 la culture et empreints de compassion pour les populations prioritaires. Que vous recherchiez des soins pour des sympt\u00f4mes aigus, que vous soyez confront\u00e9 \u00e0 une maladie ou une blessure mineure, ou que vous ayez besoin d'un soutien pour votre sant\u00e9 g\u00e9n\u00e9rale, notre personnel est l\u00e0 pour vous fournir des soins experts quand vous en avez le plus besoin ! Aucun rendez-vous n'est n\u00e9cessaire !<\/p>\n<p><!-- \/wp:paragraph --><!-- wp:heading {\"level\":3} --><\/p>\n<h3 class=\"wp-block-heading\">Services offerts<\/h3>\n<p><!-- \/wp:heading --><!-- wp:paragraph --><\/p>\n<p>Diagnostic et traitement des maladies\/blessures mineures<\/p>\n<p><!-- \/wp:paragraph --><!-- wp:list --><\/p>\n<ul class=\"wp-block-list\">\n<li style=\"list-style-type: none;\">\n<ul class=\"wp-block-list\"><!-- wp:list-item --><\/ul>\n<\/li>\n<\/ul>\n<ul class=\"wp-block-list\">\n<li style=\"list-style-type: none;\">\n<ul class=\"wp-block-list\">\n<li>Formulaires, notes et renouvellements d'ordonnances<\/li>\n<\/ul>\n<\/li>\n<\/ul>\n<p><!-- \/wp:list-item --><!-- wp:list-item --><\/p>\n<ul class=\"wp-block-list\">\n<li style=\"list-style-type: none;\">\n<ul class=\"wp-block-list\">\n<li>Services de sant\u00e9 sexuelle<\/li>\n<\/ul>\n<\/li>\n<\/ul>\n<p><!-- \/wp:list-item --><!-- wp:list-item --><\/p>\n<ul class=\"wp-block-list\">\n<li style=\"list-style-type: none;\">\n<ul class=\"wp-block-list\">\n<li>Vaccinations et immunisations<\/li>\n<\/ul>\n<\/li>\n<\/ul>\n<p><!-- \/wp:list-item --><!-- wp:list-item --><\/p>\n<ul class=\"wp-block-list\">\n<li style=\"list-style-type: none;\">\n<ul class=\"wp-block-list\">\n<li>Soins pr\u00e9ventifs et d\u00e9pistage<\/li>\n<\/ul>\n<\/li>\n<\/ul>\n<p><!-- \/wp:list-item --><!-- wp:list-item --><\/p>\n<ul class=\"wp-block-list\">\n<li style=\"list-style-type: none;\">\n<ul class=\"wp-block-list\">\n<li>Soutien \u00e0 la sant\u00e9 mentale - Orientation vers des sp\u00e9cialistes<\/li>\n<\/ul>\n<\/li>\n<\/ul>\n<p><!-- \/wp:list-item --><\/p>\n<p><!-- \/wp:list --><!-- wp:heading {\"level\":3} --><\/p>\n<h3 class=\"wp-block-heading\">Crit\u00e8res d'\u00e9ligibilit\u00e9 :<\/h3>\n<p><!-- \/wp:heading --><!-- wp:list --><\/p>\n<ul class=\"wp-block-list\">\n<li style=\"list-style-type: none;\">\n<ul class=\"wp-block-list\"><!-- wp:list-item --><\/ul>\n<\/li>\n<\/ul>\n<ul class=\"wp-block-list\">\n<li style=\"list-style-type: none;\">\n<ul class=\"wp-block-list\">\n<li>Habiter dans la ville d'Ottawa<\/li>\n<\/ul>\n<\/li>\n<\/ul>\n<p><!-- \/wp:list-item --><!-- wp:list-item --><\/p>\n<ul class=\"wp-block-list\">\n<li style=\"list-style-type: none;\">\n<ul class=\"wp-block-list\">\n<li>Besoin de soins occasionnels<\/li>\n<\/ul>\n<\/li>\n<\/ul>\n<p><!-- \/wp:list-item --><!-- wp:list-item --><\/p>\n<ul class=\"wp-block-list\">\n<li style=\"list-style-type: none;\">\n<ul class=\"wp-block-list\">\n<li>N'ont pas de prestataire de soins primaires (infirmi\u00e8re praticienne ou m\u00e9decin)<\/li>\n<\/ul>\n<\/li>\n<\/ul>\n<p><!-- \/wp:list-item --><!-- wp:list-item --><\/p>\n<ul class=\"wp-block-list\">\n<li style=\"list-style-type: none;\">\n<ul class=\"wp-block-list\">\n<li>Membre d'une population prioritaire (africaine, carib\u00e9enne, noire, \u00e0 faible revenu, LGBTQ+, nouveaux arrivants, r\u00e9fugi\u00e9s, etc.)<\/li>\n<\/ul>\n<\/li>\n<\/ul>\n<p><!-- \/wp:list-item --><!-- wp:list-item --><\/p>\n<ul class=\"wp-block-list\">\n<li style=\"list-style-type: none;\">\n<ul class=\"wp-block-list\">\n<li>Obstacles \u00e0 l'acc\u00e8s aux soins<\/li>\n<\/ul>\n<\/li>\n<\/ul>\n<p><!-- \/wp:list-item --><\/p>\n<p><!-- \/wp:list --><!-- wp:paragraph --><\/p>\n<p><strong>Heures d'ouverture et lieux :<\/strong><\/p>\n<ul>\n<li>1355 rue de la Banque, 6<sup>th<\/sup> plancher\n<ul>\n<li>Le mardi de 12h00 \u00e0 19h00, le mercredi et le jeudi de 9h00 \u00e0 16h00<\/li>\n<\/ul>\n<\/li>\n<li>1495 Heatherington Rd.\n<ul>\n<li>Les jeudis de 12h30 \u00e0 19h00 et les vendredis de 12h30 \u00e0 16h00<\/li>\n<\/ul>\n<\/li>\n<li>255 Donald St.\u00a0<strong>(uniquement pour les r\u00e9sidents des 251 &amp; 255 Donald St.)<\/strong>\u00a0\n<ul>\n<li>Mardi de 9h30 \u00e0 15h30<\/li>\n<\/ul>\n<\/li>\n<\/ul>\n<p><!-- \/wp:paragraph --><\/p>\t\t\t\t\t\t\t\t<\/div>\n\t\t\t\t<\/div>\n\t\t\t\t<div class=\"elementor-element elementor-element-bca06fb elementor-widget elementor-widget-image\" data-id=\"bca06fb\" data-element_type=\"widget\" data-e-type=\"widget\" data-widget_type=\"image.default\">\n\t\t\t\t<div class=\"elementor-widget-container\">\n\t\t\t\t\t\t\t\t\t\t\t\t\t\t\t<img fetchpriority=\"high\" decoding=\"async\" width=\"1024\" height=\"768\" src=\"https:\/\/www.seochc.on.ca\/wp-content\/uploads\/2026\/03\/preventative-care-image.jpg\" class=\"attachment-large size-large wp-image-10100\" alt=\"four medical professionals standing in medical examination room\" srcset=\"https:\/\/www.seochc.on.ca\/wp-content\/uploads\/2026\/03\/preventative-care-image.jpg 1024w, https:\/\/www.seochc.on.ca\/wp-content\/uploads\/2026\/03\/preventative-care-image-300x225.jpg 300w, https:\/\/www.seochc.on.ca\/wp-content\/uploads\/2026\/03\/preventative-care-image-768x576.jpg 768w, https:\/\/www.seochc.on.ca\/wp-content\/uploads\/2026\/03\/preventative-care-image-16x12.jpg 16w\" sizes=\"(max-width: 1024px) 100vw, 1024px\" \/>\t\t\t\t\t\t\t\t\t\t\t\t\t\t\t<\/div>\n\t\t\t\t<\/div>\n\t\t\t\t\t<\/div>\n\t\t<\/div>\n\t\t\t\t\t<\/div>\n\t\t<\/section>\n\t\t\t\t<\/div>","protected":false},"excerpt":{"rendered":"<p>Nurse Practitioner Led Walk-in Clinic SEOCHC is excited to introduce our new Nurse Practitioner-led Walk-In Clinic, a new initiative dedicated to providing accessible, culturally responsive and compassionate care for priority populations. Whether you&#8217;re seeking care for acute symptoms,\u00a0 or dealing with a minor illness or injury, or need support with your overall health, our staff [&hellip;]<\/p>\n","protected":false},"author":2,"featured_media":0,"parent":0,"menu_order":0,"comment_status":"closed","ping_status":"closed","template":"","meta":{"_monsterinsights_skip_tracking":false,"_monsterinsights_sitenote_active":false,"_monsterinsights_sitenote_note":"","_monsterinsights_sitenote_category":0,"footnotes":"","_links_to":"","_links_to_target":""},"class_list":["post-8916","page","type-page","status-publish","hentry"],"aioseo_notices":[],"publishpress_future_workflow_manual_trigger":{"enabledWorkflows":[]},"rttpg_featured_image_url":null,"rttpg_author":{"display_name":"Susan Murphy","author_link":"https:\/\/www.seochc.on.ca\/fr\/author\/suzemuse\/"},"rttpg_comment":0,"rttpg_category":null,"rttpg_excerpt":"Nurse Practitioner Led Walk-in Clinic SEOCHC is excited to introduce our new Nurse Practitioner-led Walk-In Clinic, a new initiative dedicated to providing accessible, culturally responsive and compassionate care for priority populations. Whether you&#8217;re seeking care for acute symptoms,\u00a0 or dealing with a minor illness or injury, or need support with your overall health, our staff&hellip;","_links":{"self":[{"href":"https:\/\/www.seochc.on.ca\/fr\/wp-json\/wp\/v2\/pages\/8916","targetHints":{"allow":["GET"]}}],"collection":[{"href":"https:\/\/www.seochc.on.ca\/fr\/wp-json\/wp\/v2\/pages"}],"about":[{"href":"https:\/\/www.seochc.on.ca\/fr\/wp-json\/wp\/v2\/types\/page"}],"author":[{"embeddable":true,"href":"https:\/\/www.seochc.on.ca\/fr\/wp-json\/wp\/v2\/users\/2"}],"replies":[{"embeddable":true,"href":"https:\/\/www.seochc.on.ca\/fr\/wp-json\/wp\/v2\/comments?post=8916"}],"version-history":[{"count":25,"href":"https:\/\/www.seochc.on.ca\/fr\/wp-json\/wp\/v2\/pages\/8916\/revisions"}],"predecessor-version":[{"id":10103,"href":"https:\/\/www.seochc.on.ca\/fr\/wp-json\/wp\/v2\/pages\/8916\/revisions\/10103"}],"wp:attachment":[{"href":"https:\/\/www.seochc.on.ca\/fr\/wp-json\/wp\/v2\/media?parent=8916"}],"curies":[{"name":"wp","href":"https:\/\/api.w.org\/{rel}","templated":true}]}}