{"id":8924,"date":"2025-06-04T16:17:59","date_gmt":"2025-06-04T20:17:59","guid":{"rendered":"https:\/\/www.seochc.on.ca\/?page_id=8924"},"modified":"2025-09-10T11:14:31","modified_gmt":"2025-09-10T15:14:31","slug":"ways-to-give","status":"publish","type":"page","link":"https:\/\/www.seochc.on.ca\/fr\/ways-to-give\/","title":{"rendered":"Fa\u00e7ons de donner"},"content":{"rendered":"<div data-elementor-type=\"wp-page\" data-elementor-id=\"8924\" class=\"elementor elementor-8924\">\n\t\t\t\t\t\t<section class=\"elementor-section elementor-top-section elementor-element elementor-element-47a8bfa elementor-section-boxed elementor-section-height-default elementor-section-height-default\" data-id=\"47a8bfa\" data-element_type=\"section\" data-e-type=\"section\">\n\t\t\t\t\t\t<div class=\"elementor-container elementor-column-gap-default\">\n\t\t\t\t\t<div class=\"elementor-column elementor-col-100 elementor-top-column elementor-element elementor-element-0c63c05\" data-id=\"0c63c05\" data-element_type=\"column\" data-e-type=\"column\">\n\t\t\t<div class=\"elementor-widget-wrap elementor-element-populated\">\n\t\t\t\t\t\t<div class=\"elementor-element elementor-element-de1be83 elementor-widget elementor-widget-text-editor\" data-id=\"de1be83\" data-element_type=\"widget\" data-e-type=\"widget\" data-widget_type=\"text-editor.default\">\n\t\t\t\t<div class=\"elementor-widget-container\">\n\t\t\t\t\t\t\t\t\t<p class=\"cvGsUA direction-ltr align-start para-style-body\">Le SEOCHC ne se contente pas de traiter les maladies, il s'attaque aux causes profondes des in\u00e9galit\u00e9s en mati\u00e8re de sant\u00e9. Contrairement aux syst\u00e8mes traditionnels qui traitent souvent les sympt\u00f4mes de mani\u00e8re isol\u00e9e, nous comprenons que des facteurs tels que la pauvret\u00e9, l'ins\u00e9curit\u00e9 alimentaire et l'instabilit\u00e9 du logement ont un impact significatif sur les r\u00e9sultats en mati\u00e8re de sant\u00e9. Notre mod\u00e8le int\u00e9gr\u00e9 - qui r\u00e9unit des m\u00e9decins, des infirmi\u00e8res, des travailleurs sociaux, des promoteurs de la sant\u00e9 et d'autres membres du personnel communautaire - s'attaque \u00e0 ces probl\u00e8mes sous-jacents, favorisant le bien-\u00eatre \u00e0 long terme et pr\u00e9venant les crises co\u00fbteuses en mati\u00e8re de soins de sant\u00e9.<\/p>\n<p class=\"cvGsUA direction-ltr align-start para-style-body\">Malgr\u00e9 notre succ\u00e8s, le financement gouvernemental restrictif nous emp\u00eache de r\u00e9pondre pleinement aux besoins croissants du sud-est d'Ottawa. Votre don sans restriction peut faire la diff\u00e9rence !<\/p>\n<p class=\"cvGsUA direction-ltr align-start para-style-body\">Les dons de $10 ou plus donnent droit \u00e0 un re\u00e7u fiscal et contribuent au bien-\u00eatre de tous les membres de la communaut\u00e9.<\/p>\n<p class=\"cvGsUA direction-ltr align-start para-style-body\">Faire un don au SEOCHC ne prend que quelques minutes. Chaque don, quelle que soit sa taille, est important et appr\u00e9ci\u00e9.<\/p>\n<p class=\"cvGsUA direction-ltr align-start para-style-body\"><button class=\"keela-simple-button\" style=\"background: #0686d7; border: 1px solid #0686d7; color: #fff; border-radius: 80px; font-family: inherit; font-size: 1rem; padding: 0.5rem 1rem; text-decoration: none; box-shadow: none;\"><a style=\"color: #fff;\" href=\"https:\/\/give-can.keela.co\/seochc-general-fund-donation-form\" target=\"_blank\" rel=\"nofollow noopener\">Faire un don<\/a><\/button><\/p>\nVous pouvez \u00e9galement faire un don par courrier ou nous appeler au (613) 737-5115.\n<p class=\"cvGsUA direction-ltr align-start para-style-body\"><a href=\"mailto: donations@seochc.on.ca\"><span class=\"OYPEnA font-feature-liga-off font-feature-clig-off font-feature-calt-off text-decoration-none text-strikethrough-none\">Contacter notre \u00e9quipe<\/span><\/a><\/p>\n<p class=\"cvGsUA direction-ltr align-start para-style-body\"><span class=\"OYPEnA font-feature-liga-off font-feature-clig-off font-feature-calt-off text-decoration-none text-strikethrough-none\">Adresse postale :\n<\/span><span class=\"OYPEnA font-feature-liga-off font-feature-clig-off font-feature-calt-off text-decoration-none text-strikethrough-none\">1355 Bank Street, Suite 600\n<\/span><span class=\"OYPEnA font-feature-liga-off font-feature-clig-off font-feature-calt-off text-decoration-none text-strikethrough-none\">Ottawa, Ontario,\u00a0<\/span><span class=\"OYPEnA font-feature-liga-off font-feature-clig-off font-feature-calt-off text-decoration-none text-strikethrough-none\">K1H 8K7<\/span><\/p>\t\t\t\t\t\t\t\t<\/div>\n\t\t\t\t<\/div>\n\t\t\t\t\t<\/div>\n\t\t<\/div>\n\t\t\t\t\t<\/div>\n\t\t<\/section>\n\t\t\t\t<section class=\"elementor-section elementor-top-section elementor-element elementor-element-d2ee067 elementor-section-boxed elementor-section-height-default elementor-section-height-default\" data-id=\"d2ee067\" data-element_type=\"section\" data-e-type=\"section\">\n\t\t\t\t\t\t<div class=\"elementor-container elementor-column-gap-default\">\n\t\t\t\t\t<div class=\"elementor-column elementor-col-66 elementor-top-column elementor-element elementor-element-076b504\" data-id=\"076b504\" data-element_type=\"column\" data-e-type=\"column\">\n\t\t\t<div class=\"elementor-widget-wrap elementor-element-populated\">\n\t\t\t\t\t\t<div class=\"elementor-element elementor-element-d67bc9f elementor-widget elementor-widget-text-editor\" data-id=\"d67bc9f\" data-element_type=\"widget\" data-e-type=\"widget\" data-widget_type=\"text-editor.default\">\n\t\t\t\t<div class=\"elementor-widget-container\">\n\t\t\t\t\t\t\t\t\t<p style=\"text-align: center;\"><strong><span class=\"OYPEnA font-feature-liga-off font-feature-clig-off font-feature-calt-off text-decoration-none text-strikethrough-none\">Cliquez sur l'image pour consulter notre dossier de demande de soutien et d\u00e9couvrir ce que votre soutien peut permettre de r\u00e9aliser.<\/span> <\/strong><\/p>\t\t\t\t\t\t\t\t<\/div>\n\t\t\t\t<\/div>\n\t\t\t\t\t<\/div>\n\t\t<\/div>\n\t\t\t\t<div class=\"elementor-column elementor-col-33 elementor-top-column elementor-element elementor-element-8dc91c7\" data-id=\"8dc91c7\" data-element_type=\"column\" data-e-type=\"column\">\n\t\t\t<div class=\"elementor-widget-wrap elementor-element-populated\">\n\t\t\t\t\t\t<div class=\"elementor-element elementor-element-4f2401d elementor-widget__width-initial elementor-widget elementor-widget-image\" data-id=\"4f2401d\" data-element_type=\"widget\" data-e-type=\"widget\" data-widget_type=\"image.default\">\n\t\t\t\t<div class=\"elementor-widget-container\">\n\t\t\t\t\t\t\t\t\t\t\t\t\t\t\t\t<a href=\"https:\/\/www.seochc.on.ca\/wp-content\/uploads\/2025\/05\/SEOCHC-Case-For-Support-Final.pdf\">\n\t\t\t\t\t\t\t<img fetchpriority=\"high\" decoding=\"async\" width=\"1545\" height=\"2000\" src=\"https:\/\/www.seochc.on.ca\/wp-content\/uploads\/2025\/05\/SEOCHC-Case-for-Support-Short-Form-1.png\" class=\"attachment-full size-full wp-image-8926\" alt=\"\" srcset=\"https:\/\/www.seochc.on.ca\/wp-content\/uploads\/2025\/05\/SEOCHC-Case-for-Support-Short-Form-1.png 1545w, https:\/\/www.seochc.on.ca\/wp-content\/uploads\/2025\/05\/SEOCHC-Case-for-Support-Short-Form-1-232x300.png 232w, https:\/\/www.seochc.on.ca\/wp-content\/uploads\/2025\/05\/SEOCHC-Case-for-Support-Short-Form-1-791x1024.png 791w, https:\/\/www.seochc.on.ca\/wp-content\/uploads\/2025\/05\/SEOCHC-Case-for-Support-Short-Form-1-768x994.png 768w, https:\/\/www.seochc.on.ca\/wp-content\/uploads\/2025\/05\/SEOCHC-Case-for-Support-Short-Form-1-1187x1536.png 1187w, https:\/\/www.seochc.on.ca\/wp-content\/uploads\/2025\/05\/SEOCHC-Case-for-Support-Short-Form-1-9x12.png 9w\" sizes=\"(max-width: 1545px) 100vw, 1545px\" \/>\t\t\t\t\t\t\t\t<\/a>\n\t\t\t\t\t\t\t\t\t\t\t\t\t\t\t<\/div>\n\t\t\t\t<\/div>\n\t\t\t\t\t<\/div>\n\t\t<\/div>\n\t\t\t\t\t<\/div>\n\t\t<\/section>\n\t\t\t\t<section class=\"elementor-section elementor-top-section elementor-element elementor-element-3a0b4ea homepage-tile-nav elementor-section-boxed elementor-section-height-default elementor-section-height-default\" data-id=\"3a0b4ea\" data-element_type=\"section\" data-e-type=\"section\">\n\t\t\t\t\t\t<div class=\"elementor-container elementor-column-gap-narrow\">\n\t\t\t\t\t<div class=\"elementor-column elementor-col-50 elementor-top-column elementor-element elementor-element-228438c\" data-id=\"228438c\" data-element_type=\"column\" data-e-type=\"column\">\n\t\t\t<div class=\"elementor-widget-wrap elementor-element-populated\">\n\t\t\t\t\t\t<div class=\"elementor-element elementor-element-c5fd18c wtg-flipboxes elementor-widget elementor-widget-fancy-elementor-flipbox\" data-id=\"c5fd18c\" data-element_type=\"widget\" data-e-type=\"widget\" data-widget_type=\"fancy-elementor-flipbox.default\">\n\t\t\t\t<div class=\"elementor-widget-container\">\n\t\t\t\t\t<!-- Start Of Flipbox --><div id=\"flip-demo-0\" class=\"tp-flipbox side-left-style tp-flipbox--\"><div class=\"tp-flipbox__holder\"><div class=\"tp-flipbox__front\"><div class=\"tp-flipbox__content\"><div class=\"tp-flipbox__icon-front\"><\/div><h2 class=\"tp-flipbox__title-front\">Les dons individuels<\/h2><div class=\"tp-flipbox__desc-back\"><\/div><\/div><\/div><div class=\"tp-flipbox__back\" ><div class=\"tp-flipbox__content\"><div class=\"tp-flipbox__icon-back\">                <\/div><h2 class=\"tp-flipbox__title-back\"><\/h2><div class=\"tp-flipbox__desc-back\">Les dons mensuels sont extr\u00eamement importants pour le financement durable des organisations caritatives. Les donateurs mensuels peuvent verser r\u00e9guli\u00e8rement de petits montants sans grever leur budget et mettre en place des dons r\u00e9currents qui garantissent un soutien constant sans avoir \u00e0 se rappeler de faire un don chaque mois.\nde faire un don chaque mois. Cette m\u00e9thode de donation permet \u00e9galement \u00e0 SEOCHC de planifier l'avenir. Vous pouvez \u00e9galement choisir de faire un don unique et de rendre hommage \u00e0 un \u00eatre cher.<\/div><div class=\"tp-flipbox__action\"><a   href=\"https:\/\/www.seochc.on.ca\/fr\/ways-to-give\/individual-giving\/\" class=\"tp-flipbox__btn\">En savoir plus<\/a><\/div><\/div><\/div><\/div><\/div><!-- End Of Flipbox -->\t\t\t\t<\/div>\n\t\t\t\t<\/div>\n\t\t\t\t\t<\/div>\n\t\t<\/div>\n\t\t\t\t<div class=\"elementor-column elementor-col-50 elementor-top-column elementor-element elementor-element-6426edf\" data-id=\"6426edf\" data-element_type=\"column\" data-e-type=\"column\">\n\t\t\t<div class=\"elementor-widget-wrap elementor-element-populated\">\n\t\t\t\t\t\t<div class=\"elementor-element elementor-element-bf6ae74 wtg-flipboxes elementor-widget elementor-widget-fancy-elementor-flipbox\" data-id=\"bf6ae74\" data-element_type=\"widget\" data-e-type=\"widget\" data-widget_type=\"fancy-elementor-flipbox.default\">\n\t\t\t\t<div class=\"elementor-widget-container\">\n\t\t\t\t\t<!-- Start Of Flipbox --><div id=\"flip-demo-0\" class=\"tp-flipbox side-left-style tp-flipbox--\"><div class=\"tp-flipbox__holder\"><div class=\"tp-flipbox__front\"><div class=\"tp-flipbox__content\"><div class=\"tp-flipbox__icon-front\"><\/div><h2 class=\"tp-flipbox__title-front\">Don d'h\u00e9ritage<\/h2><div class=\"tp-flipbox__desc-back\"><\/div><\/div><\/div><div class=\"tp-flipbox__back\" ><div class=\"tp-flipbox__content\"><div class=\"tp-flipbox__icon-back\">                <\/div><h2 class=\"tp-flipbox__title-back\"><\/h2><div class=\"tp-flipbox__desc-back\">En faisant un don par testament, vous laissez un h\u00e9ritage en tant que leader communautaire et d\u00e9fenseur de l'am\u00e9lioration syst\u00e9mique des services de sant\u00e9. Un don par testament peut vous procurer des avantages fiscaux importants et utiles, et votre don peut aller plus loin et avoir un impact incroyable sur la sant\u00e9 et le bien-\u00eatre des gens d'Ottawa.<\/div><div class=\"tp-flipbox__action\"><a   href=\"https:\/\/www.seochc.on.ca\/fr\/ways-to-give\/legacy-giving\/\" class=\"tp-flipbox__btn\">En savoir plus<\/a><\/div><\/div><\/div><\/div><\/div><!-- End Of Flipbox -->\t\t\t\t<\/div>\n\t\t\t\t<\/div>\n\t\t\t\t\t<\/div>\n\t\t<\/div>\n\t\t\t\t\t<\/div>\n\t\t<\/section>\n\t\t\t\t<section class=\"elementor-section elementor-top-section elementor-element elementor-element-3740928 homepage-tile-nav elementor-section-boxed elementor-section-height-default elementor-section-height-default\" data-id=\"3740928\" data-element_type=\"section\" data-e-type=\"section\">\n\t\t\t\t\t\t<div class=\"elementor-container elementor-column-gap-narrow\">\n\t\t\t\t\t<div class=\"elementor-column elementor-col-50 elementor-top-column elementor-element elementor-element-0a634de\" data-id=\"0a634de\" data-element_type=\"column\" data-e-type=\"column\">\n\t\t\t<div class=\"elementor-widget-wrap elementor-element-populated\">\n\t\t\t\t\t\t<div class=\"elementor-element elementor-element-b5d22f1 wtg-flipboxes elementor-widget elementor-widget-fancy-elementor-flipbox\" data-id=\"b5d22f1\" data-element_type=\"widget\" data-e-type=\"widget\" data-widget_type=\"fancy-elementor-flipbox.default\">\n\t\t\t\t<div class=\"elementor-widget-container\">\n\t\t\t\t\t<!-- Start Of Flipbox --><div id=\"flip-demo-0\" class=\"tp-flipbox side-left-style tp-flipbox--\"><div class=\"tp-flipbox__holder\"><div class=\"tp-flipbox__front\"><div class=\"tp-flipbox__content\"><div class=\"tp-flipbox__icon-front\"><\/div><h2 class=\"tp-flipbox__title-front\">Don en titres<\/h2><div class=\"tp-flipbox__desc-back\"><\/div><\/div><\/div><div class=\"tp-flipbox__back\" ><div class=\"tp-flipbox__content\"><div class=\"tp-flipbox__icon-back\">                <\/div><h2 class=\"tp-flipbox__title-back\"><\/h2><div class=\"tp-flipbox__desc-back\">Votre don de titres - actions, obligations ou fonds communs de placement - peut \u00eatre un moyen efficace et abordable de contribuer \u00e0 la lutte contre les facteurs sous-jacents qui contribuent aux disparit\u00e9s en mati\u00e8re de sant\u00e9 \u00e0 Ottawa. Consultez votre conseiller ou votre courtier au sujet de votre intention de faire un don de titres, qui peuvent comprendre des actions, des fonds communs de placement, des fonds distincts, des obligations, des actions accr\u00e9ditives et des options d'achat d'actions pour les employ\u00e9s. <\/div><div class=\"tp-flipbox__action\"><a   href=\"https:\/\/www.seochc.on.ca\/fr\/ways-to-give\/giving-securities\/\" class=\"tp-flipbox__btn\">Contact pour plus d'informations<\/a><\/div><\/div><\/div><\/div><\/div><!-- End Of Flipbox -->\t\t\t\t<\/div>\n\t\t\t\t<\/div>\n\t\t\t\t\t<\/div>\n\t\t<\/div>\n\t\t\t\t<div class=\"elementor-column elementor-col-50 elementor-top-column elementor-element elementor-element-46d6e3f\" data-id=\"46d6e3f\" data-element_type=\"column\" data-e-type=\"column\">\n\t\t\t<div class=\"elementor-widget-wrap elementor-element-populated\">\n\t\t\t\t\t\t<div class=\"elementor-element elementor-element-6068c52 wtg-flipboxes elementor-widget elementor-widget-fancy-elementor-flipbox\" data-id=\"6068c52\" data-element_type=\"widget\" data-e-type=\"widget\" data-widget_type=\"fancy-elementor-flipbox.default\">\n\t\t\t\t<div class=\"elementor-widget-container\">\n\t\t\t\t\t<!-- Start Of Flipbox --><div id=\"flip-demo-0\" class=\"tp-flipbox side-left-style tp-flipbox--\"><div class=\"tp-flipbox__holder\"><div class=\"tp-flipbox__front\"><div class=\"tp-flipbox__content\"><div class=\"tp-flipbox__icon-front\"><\/div><h2 class=\"tp-flipbox__title-front\">Organiser un \u00e9v\u00e9nement de collecte de fonds<\/h2><div class=\"tp-flipbox__desc-back\"><\/div><\/div><\/div><div class=\"tp-flipbox__back\" ><div class=\"tp-flipbox__content\"><div class=\"tp-flipbox__icon-back\">                <\/div><h2 class=\"tp-flipbox__title-back\"><\/h2><div class=\"tp-flipbox__desc-back\">Organisez votre propre collecte de fonds pour contribuer \u00e0 l'acc\u00e8s \u00e0 la sant\u00e9 et au bien-\u00eatre social de la communaut\u00e9.  Que vous choisissiez d'organiser un \u00e9v\u00e9nement en personne, une collecte de fonds en ligne ou de faire don d'une partie des recettes de votre \u00e9v\u00e9nement ou de votre campagne, sachez que vous faites une diff\u00e9rence positive.<\/div><div class=\"tp-flipbox__action\"><a   href=\"https:\/\/www.seochc.on.ca\/fr\/ways-to-give\/host-a-fundraising-event\/\" class=\"tp-flipbox__btn\">Apprendre \u00e0 d\u00e9marrer<\/a><\/div><\/div><\/div><\/div><\/div><!-- End Of Flipbox -->\t\t\t\t<\/div>\n\t\t\t\t<\/div>\n\t\t\t\t\t<\/div>\n\t\t<\/div>\n\t\t\t\t\t<\/div>\n\t\t<\/section>\n\t\t\t\t<section class=\"elementor-section elementor-top-section elementor-element elementor-element-228eef8 homepage-tile-nav elementor-section-boxed elementor-section-height-default elementor-section-height-default\" data-id=\"228eef8\" data-element_type=\"section\" data-e-type=\"section\">\n\t\t\t\t\t\t<div class=\"elementor-container elementor-column-gap-narrow\">\n\t\t\t\t\t<div class=\"elementor-column elementor-col-50 elementor-top-column elementor-element elementor-element-708a33e\" data-id=\"708a33e\" data-element_type=\"column\" data-e-type=\"column\">\n\t\t\t<div class=\"elementor-widget-wrap elementor-element-populated\">\n\t\t\t\t\t\t<div class=\"elementor-element elementor-element-039e1ca wtg-flipboxes elementor-widget elementor-widget-fancy-elementor-flipbox\" data-id=\"039e1ca\" data-element_type=\"widget\" data-e-type=\"widget\" data-widget_type=\"fancy-elementor-flipbox.default\">\n\t\t\t\t<div class=\"elementor-widget-container\">\n\t\t\t\t\t<!-- Start Of Flipbox --><div id=\"flip-demo-0\" class=\"tp-flipbox side-left-style tp-flipbox--\"><div class=\"tp-flipbox__holder\"><div class=\"tp-flipbox__front\"><div class=\"tp-flipbox__content\"><div class=\"tp-flipbox__icon-front\"><\/div><h2 class=\"tp-flipbox__title-front\">Don sur le lieu de travail<\/h2><div class=\"tp-flipbox__desc-back\"><\/div><\/div><\/div><div class=\"tp-flipbox__back\" ><div class=\"tp-flipbox__content\"><div class=\"tp-flipbox__icon-back\">                <\/div><h2 class=\"tp-flipbox__title-back\"><\/h2><div class=\"tp-flipbox__desc-back\">Votre entreprise, grande ou petite, peut avoir un impact en investissant dans une communaut\u00e9 plus forte et plus dynamique. Vous pouvez vous impliquer par le biais de dons, de partenariats, de parrainages ou d'\u00e9v\u00e9nements de collecte de fonds.<\/div><div class=\"tp-flipbox__action\"><a   href=\"https:\/\/www.seochc.on.ca\/fr\/ways-to-give\/workplace-giving\/\" class=\"tp-flipbox__btn\">En savoir plus<\/a><\/div><\/div><\/div><\/div><\/div><!-- End Of Flipbox -->\t\t\t\t<\/div>\n\t\t\t\t<\/div>\n\t\t\t\t\t<\/div>\n\t\t<\/div>\n\t\t\t\t<div class=\"elementor-column elementor-col-50 elementor-top-column elementor-element elementor-element-b4d3538\" data-id=\"b4d3538\" data-element_type=\"column\" data-e-type=\"column\">\n\t\t\t<div class=\"elementor-widget-wrap\">\n\t\t\t\t\t\t\t<\/div>\n\t\t<\/div>\n\t\t\t\t\t<\/div>\n\t\t<\/section>\n\t\t\t\t<\/div>","protected":false},"excerpt":{"rendered":"<p>SEOCHC doesn&#8217;t just treat illnesses; we address the root causes of health inequities. Unlike traditional systems that often treat symptoms in isolation, we understand that factors like poverty, food insecurity, and unstable housing significantly impact health outcomes. Our integrated model\u2014 bringing together physicians, nurses, social workers, health promoters and other allied community staff\u2014 tackles these [&hellip;]<\/p>\n","protected":false},"author":3,"featured_media":0,"parent":0,"menu_order":0,"comment_status":"closed","ping_status":"closed","template":"","meta":{"_monsterinsights_skip_tracking":false,"_monsterinsights_sitenote_active":false,"_monsterinsights_sitenote_note":"","_monsterinsights_sitenote_category":0,"footnotes":"","_links_to":"","_links_to_target":""},"class_list":["post-8924","page","type-page","status-publish","hentry"],"aioseo_notices":[],"publishpress_future_workflow_manual_trigger":{"enabledWorkflows":[]},"rttpg_featured_image_url":null,"rttpg_author":{"display_name":"Ganise Clermont","author_link":"https:\/\/www.seochc.on.ca\/fr\/author\/ganise\/"},"rttpg_comment":0,"rttpg_category":null,"rttpg_excerpt":"SEOCHC doesn&#8217;t just treat illnesses; we address the root causes of health inequities. Unlike traditional systems that often treat symptoms in isolation, we understand that factors like poverty, food insecurity, and unstable housing significantly impact health outcomes. Our integrated model\u2014 bringing together physicians, nurses, social workers, health promoters and other allied community staff\u2014 tackles these&hellip;","_links":{"self":[{"href":"https:\/\/www.seochc.on.ca\/fr\/wp-json\/wp\/v2\/pages\/8924","targetHints":{"allow":["GET"]}}],"collection":[{"href":"https:\/\/www.seochc.on.ca\/fr\/wp-json\/wp\/v2\/pages"}],"about":[{"href":"https:\/\/www.seochc.on.ca\/fr\/wp-json\/wp\/v2\/types\/page"}],"author":[{"embeddable":true,"href":"https:\/\/www.seochc.on.ca\/fr\/wp-json\/wp\/v2\/users\/3"}],"replies":[{"embeddable":true,"href":"https:\/\/www.seochc.on.ca\/fr\/wp-json\/wp\/v2\/comments?post=8924"}],"version-history":[{"count":60,"href":"https:\/\/www.seochc.on.ca\/fr\/wp-json\/wp\/v2\/pages\/8924\/revisions"}],"predecessor-version":[{"id":9476,"href":"https:\/\/www.seochc.on.ca\/fr\/wp-json\/wp\/v2\/pages\/8924\/revisions\/9476"}],"wp:attachment":[{"href":"https:\/\/www.seochc.on.ca\/fr\/wp-json\/wp\/v2\/media?parent=8924"}],"curies":[{"name":"wp","href":"https:\/\/api.w.org\/{rel}","templated":true}]}}