{"id":9056,"date":"2025-06-04T15:08:22","date_gmt":"2025-06-04T19:08:22","guid":{"rendered":"https:\/\/www.seochc.on.ca\/?page_id=9046"},"modified":"2025-09-10T13:28:00","modified_gmt":"2025-09-10T17:28:00","slug":"individual-giving","status":"publish","type":"page","link":"https:\/\/www.seochc.on.ca\/fr\/ways-to-give\/individual-giving\/","title":{"rendered":"Les dons individuels"},"content":{"rendered":"<div data-elementor-type=\"wp-page\" data-elementor-id=\"9056\" class=\"elementor elementor-9056\">\n\t\t\t\t\t\t<section class=\"elementor-section elementor-top-section elementor-element elementor-element-507585c elementor-section-boxed elementor-section-height-default elementor-section-height-default\" data-id=\"507585c\" data-element_type=\"section\" data-e-type=\"section\">\n\t\t\t\t\t\t<div class=\"elementor-container elementor-column-gap-default\">\n\t\t\t\t\t<div class=\"elementor-column elementor-col-100 elementor-top-column elementor-element elementor-element-2796986\" data-id=\"2796986\" data-element_type=\"column\" data-e-type=\"column\">\n\t\t\t<div class=\"elementor-widget-wrap elementor-element-populated\">\n\t\t\t\t\t\t<div class=\"elementor-element elementor-element-00a1ad3 elementor-widget elementor-widget-spacer\" data-id=\"00a1ad3\" data-element_type=\"widget\" data-e-type=\"widget\" data-widget_type=\"spacer.default\">\n\t\t\t\t<div class=\"elementor-widget-container\">\n\t\t\t\t\t\t\t<div class=\"elementor-spacer\">\n\t\t\t<div class=\"elementor-spacer-inner\"><\/div>\n\t\t<\/div>\n\t\t\t\t\t\t<\/div>\n\t\t\t\t<\/div>\n\t\t\t\t<div class=\"elementor-element elementor-element-e7d3f72 elementor-widget elementor-widget-heading\" data-id=\"e7d3f72\" data-element_type=\"widget\" data-e-type=\"widget\" data-widget_type=\"heading.default\">\n\t\t\t\t<div class=\"elementor-widget-container\">\n\t\t\t\t\t<h2 class=\"elementor-heading-title elementor-size-default\">Cadeau unique<\/h2>\t\t\t\t<\/div>\n\t\t\t\t<\/div>\n\t\t\t\t<div class=\"elementor-element elementor-element-6aae895 elementor-widget elementor-widget-text-editor\" data-id=\"6aae895\" data-element_type=\"widget\" data-e-type=\"widget\" data-widget_type=\"text-editor.default\">\n\t\t\t\t<div class=\"elementor-widget-container\">\n\t\t\t\t\t\t\t\t\t<p>Votre g\u00e9n\u00e9rosit\u00e9 contribuera \u00e0 faire une diff\u00e9rence positive en fournissant des services sociaux et de sant\u00e9 communautaires accessibles et en travaillant en collaboration pour favoriser des communaut\u00e9s plus saines. Un don mensuel vous permettra d'avoir un impact durable.<\/p><p>Faire un don au SEOCHC ne prend que quelques minutes. Chaque don, quelle que soit sa taille, est important et appr\u00e9ci\u00e9.<\/p>\t\t\t\t\t\t\t\t<\/div>\n\t\t\t\t<\/div>\n\t\t\t\t<div class=\"elementor-element elementor-element-231e176 elementor-widget elementor-widget-ova_button\" data-id=\"231e176\" data-element_type=\"widget\" data-e-type=\"widget\" data-widget_type=\"ova_button.default\">\n\t\t\t\t<div class=\"elementor-widget-container\">\n\t\t\t\t\t\t\t<div class=\"ova-btn\">\n\t\t\t\t\t<a href=\"https:\/\/give-can.keela.co\/seochc-general-fund-donation-form\" class=\"btn\" target=\"_blank\">\n\t\t\t\t\t\t\t\t\t\t\t<i class=\"fas fa-heart\" ><\/i>\n\t\t\t\t\n\t\t\t\tFaire un don\n\t\t\t\t\t\t\t<\/a>\n\t\t<\/div>\n\t\t\t\t\t\t<\/div>\n\t\t\t\t<\/div>\n\t\t\t\t\t<\/div>\n\t\t<\/div>\n\t\t\t\t\t<\/div>\n\t\t<\/section>\n\t\t\t\t<section class=\"elementor-section elementor-top-section elementor-element elementor-element-15ffae7 elementor-section-boxed elementor-section-height-default elementor-section-height-default\" data-id=\"15ffae7\" data-element_type=\"section\" data-e-type=\"section\">\n\t\t\t\t\t\t<div class=\"elementor-container elementor-column-gap-default\">\n\t\t\t\t\t<div class=\"elementor-column elementor-col-100 elementor-top-column elementor-element elementor-element-74ac63b\" data-id=\"74ac63b\" data-element_type=\"column\" data-e-type=\"column\">\n\t\t\t<div class=\"elementor-widget-wrap elementor-element-populated\">\n\t\t\t\t\t\t<div class=\"elementor-element elementor-element-f9737e8 elementor-widget elementor-widget-heading\" data-id=\"f9737e8\" data-element_type=\"widget\" data-e-type=\"widget\" data-widget_type=\"heading.default\">\n\t\t\t\t<div class=\"elementor-widget-container\">\n\t\t\t\t\t<h2 class=\"elementor-heading-title elementor-size-default\">Cadeaux mensuels<\/h2>\t\t\t\t<\/div>\n\t\t\t\t<\/div>\n\t\t\t\t<div class=\"elementor-element elementor-element-f767512 elementor-widget elementor-widget-text-editor\" data-id=\"f767512\" data-element_type=\"widget\" data-e-type=\"widget\" data-widget_type=\"text-editor.default\">\n\t\t\t\t<div class=\"elementor-widget-container\">\n\t\t\t\t\t\t\t\t\t<p>Les dons mensuels sont extr\u00eamement importants pour assurer un financement durable aux organisations caritatives. Les donateurs mensuels peuvent verser r\u00e9guli\u00e8rement de petits montants sans grever leur budget et mettre en place des dons r\u00e9currents qui garantissent un soutien constant sans avoir \u00e0 se rappeler de faire un don chaque mois. Cette m\u00e9thode de don r\u00e9duit \u00e9galement l'administration et permet \u00e0 la SEOCHC de planifier l'avenir.<\/p><p>Les donateurs mensuels font une diff\u00e9rence durable en investissant dans une communaut\u00e9 plus forte et plus dynamique aujourd'hui et \u00e0 l'avenir !<\/p><p>Votre don continu contribuera \u00e0 :<\/p><ul><li>D\u00e9velopper les services : R\u00e9duire les temps d'attente et am\u00e9liorer l'acc\u00e8s aux soins vitaux pour tous les r\u00e9sidents.<\/li><li>Attirer et retenir les meilleurs talents : Garantir des soins de qualit\u00e9 constante en offrant des salaires et des avantages comp\u00e9titifs \u00e0 nos professionnels de sant\u00e9 d\u00e9vou\u00e9s.<\/li><li>Investir dans des technologies et des installations modernes : Cr\u00e9er un environnement de soins de sant\u00e9 plus accueillant, plus efficace et plus performant.<\/li><li>\u00c9laborer des programmes novateurs : Relever les nouveaux d\u00e9fis en mati\u00e8re de sant\u00e9 et continuer \u00e0 adapter nos services pour r\u00e9pondre \u00e0 l'\u00e9volution des besoins de notre communaut\u00e9.<\/li><\/ul><p><a href=\"https:\/\/give-can.keela.co\/seochc-general-fund-donation-form\" target=\"_blank\" rel=\"nofollow noopener\">Commencez \u00e0 faire un don mensuel d\u00e8s aujourd'hui !<\/a><\/p>\t\t\t\t\t\t\t\t<\/div>\n\t\t\t\t<\/div>\n\t\t\t\t\t<\/div>\n\t\t<\/div>\n\t\t\t\t\t<\/div>\n\t\t<\/section>\n\t\t\t\t<section class=\"elementor-section elementor-top-section elementor-element elementor-element-abd8d3f elementor-section-boxed elementor-section-height-default elementor-section-height-default\" data-id=\"abd8d3f\" data-element_type=\"section\" data-e-type=\"section\">\n\t\t\t\t\t\t<div class=\"elementor-container elementor-column-gap-default\">\n\t\t\t\t\t<div class=\"elementor-column elementor-col-100 elementor-top-column elementor-element elementor-element-2959b45\" data-id=\"2959b45\" data-element_type=\"column\" data-e-type=\"column\">\n\t\t\t<div class=\"elementor-widget-wrap elementor-element-populated\">\n\t\t\t\t\t\t<div class=\"elementor-element elementor-element-23da094 elementor-widget elementor-widget-heading\" data-id=\"23da094\" data-element_type=\"widget\" data-e-type=\"widget\" data-widget_type=\"heading.default\">\n\t\t\t\t<div class=\"elementor-widget-container\">\n\t\t\t\t\t<h2 class=\"elementor-heading-title elementor-size-default\">Cadeaux d'hommage<\/h2>\t\t\t\t<\/div>\n\t\t\t\t<\/div>\n\t\t\t\t<div class=\"elementor-element elementor-element-f0a09ff elementor-widget elementor-widget-text-editor\" data-id=\"f0a09ff\" data-element_type=\"widget\" data-e-type=\"widget\" data-widget_type=\"text-editor.default\">\n\t\t\t\t<div class=\"elementor-widget-container\">\n\t\t\t\t\t\t\t\t\t<p>Honorez un \u00eatre cher ou c\u00e9l\u00e9brez une journ\u00e9e sp\u00e9ciale tout en soutenant des services sociaux et de sant\u00e9 communautaires de qualit\u00e9 !<\/p><p>Faites un don et d\u00e9fendez la transformation syst\u00e9mique en m\u00e9moire d'un \u00eatre cher ou c\u00e9l\u00e9brez un coll\u00e8gue, un ami ou un membre de la famille en faisant un don en son honneur.<\/p><p><a href=\"https:\/\/give-can.keela.co\/seochc-general-fund-donation-form\" target=\"_blank\" rel=\"nofollow noopener\">Faire un don en hommage aujourd'hui<\/a>\u00a0 en s\u00e9lectionnant Je souhaite d\u00e9dier ce don.<\/p>\t\t\t\t\t\t\t\t<\/div>\n\t\t\t\t<\/div>\n\t\t\t\t\t<\/div>\n\t\t<\/div>\n\t\t\t\t\t<\/div>\n\t\t<\/section>\n\t\t\t\t<\/div>","protected":false},"excerpt":{"rendered":"<p>Single Gift Your generosity will help make a positive difference in providing accessible community health and social services and working collaboratively to foster healthier communities. A monthly gift would ensure you have a lasting impact. Donating to SEOCHC takes minutes. Every single gift, no matter the size, is important and valued. Donate Now Monthly Gifts [&hellip;]<\/p>\n","protected":false},"author":1,"featured_media":0,"parent":8924,"menu_order":0,"comment_status":"closed","ping_status":"closed","template":"","meta":{"_monsterinsights_skip_tracking":false,"_monsterinsights_sitenote_active":false,"_monsterinsights_sitenote_note":"","_monsterinsights_sitenote_category":0,"footnotes":"","_links_to":"","_links_to_target":""},"class_list":["post-9056","page","type-page","status-publish","hentry"],"aioseo_notices":[],"publishpress_future_workflow_manual_trigger":{"enabledWorkflows":[]},"rttpg_featured_image_url":null,"rttpg_author":{"display_name":"mastercontroller","author_link":"https:\/\/www.seochc.on.ca\/fr\/author\/mastercontroller\/"},"rttpg_comment":0,"rttpg_category":null,"rttpg_excerpt":"Single Gift Your generosity will help make a positive difference in providing accessible community health and social services and working collaboratively to foster healthier communities. A monthly gift would ensure you have a lasting impact. Donating to SEOCHC takes minutes. Every single gift, no matter the size, is important and valued. Donate Now Monthly Gifts&hellip;","_links":{"self":[{"href":"https:\/\/www.seochc.on.ca\/fr\/wp-json\/wp\/v2\/pages\/9056","targetHints":{"allow":["GET"]}}],"collection":[{"href":"https:\/\/www.seochc.on.ca\/fr\/wp-json\/wp\/v2\/pages"}],"about":[{"href":"https:\/\/www.seochc.on.ca\/fr\/wp-json\/wp\/v2\/types\/page"}],"author":[{"embeddable":true,"href":"https:\/\/www.seochc.on.ca\/fr\/wp-json\/wp\/v2\/users\/1"}],"replies":[{"embeddable":true,"href":"https:\/\/www.seochc.on.ca\/fr\/wp-json\/wp\/v2\/comments?post=9056"}],"version-history":[{"count":26,"href":"https:\/\/www.seochc.on.ca\/fr\/wp-json\/wp\/v2\/pages\/9056\/revisions"}],"predecessor-version":[{"id":9482,"href":"https:\/\/www.seochc.on.ca\/fr\/wp-json\/wp\/v2\/pages\/9056\/revisions\/9482"}],"up":[{"embeddable":true,"href":"https:\/\/www.seochc.on.ca\/fr\/wp-json\/wp\/v2\/pages\/8924"}],"wp:attachment":[{"href":"https:\/\/www.seochc.on.ca\/fr\/wp-json\/wp\/v2\/media?parent=9056"}],"curies":[{"name":"wp","href":"https:\/\/api.w.org\/{rel}","templated":true}]}}