{"id":9057,"date":"2025-06-04T15:17:05","date_gmt":"2025-06-04T19:17:05","guid":{"rendered":"https:\/\/www.seochc.on.ca\/?page_id=9053"},"modified":"2025-09-05T09:52:23","modified_gmt":"2025-09-05T13:52:23","slug":"legacy-giving","status":"publish","type":"page","link":"https:\/\/www.seochc.on.ca\/fr\/ways-to-give\/legacy-giving\/","title":{"rendered":"Don d'h\u00e9ritage"},"content":{"rendered":"<div data-elementor-type=\"wp-page\" data-elementor-id=\"9057\" class=\"elementor elementor-9057\">\n\t\t\t\t\t\t<section class=\"elementor-section elementor-top-section elementor-element elementor-element-311d115 elementor-section-boxed elementor-section-height-default elementor-section-height-default\" data-id=\"311d115\" data-element_type=\"section\" data-e-type=\"section\">\n\t\t\t\t\t\t<div class=\"elementor-container elementor-column-gap-default\">\n\t\t\t\t\t<div class=\"elementor-column elementor-col-100 elementor-top-column elementor-element elementor-element-08745f0\" data-id=\"08745f0\" data-element_type=\"column\" data-e-type=\"column\">\n\t\t\t<div class=\"elementor-widget-wrap elementor-element-populated\">\n\t\t\t\t\t\t<div class=\"elementor-element elementor-element-d9cfd7c elementor-widget elementor-widget-text-editor\" data-id=\"d9cfd7c\" data-element_type=\"widget\" data-e-type=\"widget\" data-widget_type=\"text-editor.default\">\n\t\t\t\t<div class=\"elementor-widget-container\">\n\t\t\t\t\t\t\t\t\t<p>En faisant un don par testament, vous laissez un h\u00e9ritage en tant que leader communautaire et d\u00e9fenseur de l'am\u00e9lioration syst\u00e9mique des services de sant\u00e9. Un don par testament peut vous procurer des avantages fiscaux importants et utiles, et votre don peut aller plus loin et avoir un impact incroyable sur la sant\u00e9 et le bien-\u00eatre des gens d'Ottawa. Votre don fera toute la diff\u00e9rence pour les g\u00e9n\u00e9rations \u00e0 venir.<\/p><p>En soutenant la SEOCHC, vous investissez dans un avenir meilleur pour le sud-est d'Ottawa.<\/p><p>Le soutien que vous nous apportez par votre legs sera :<\/p><ul><li><strong>Am\u00e9liorer l'acc\u00e8s aux soins<\/strong> - D\u00e9velopper les services existants pour r\u00e9pondre \u00e0 la demande croissante, augmenter le nombre de personnes desservies et r\u00e9duire les temps d'attente pour un soutien crucial.<\/li><li><strong>Soutenir notre personnel essentiel<\/strong> - Attirer et retenir les professionnels de la sant\u00e9 hautement qualifi\u00e9s qui sont essentiels \u00e0 notre mission en leur offrant des salaires comp\u00e9titifs qui refl\u00e8tent les normes provinciales. Investir dans notre personnel, c'est investir dans la qualit\u00e9 des soins que nous dispensons.<\/li><li><strong>Investir dans l'avenir de notre communaut\u00e9<\/strong> - Moderniser nos installations et notre technologie afin d'am\u00e9liorer la prestation de services et de cr\u00e9er un environnement accueillant et favorable. Cela nous permet \u00e9galement de d\u00e9velopper de mani\u00e8re proactive des programmes innovants qui r\u00e9pondent aux besoins \u00e9mergents de la communaut\u00e9.<\/li><\/ul><p>Nous serions ravis d'avoir une conversation sur les domaines de notre travail qui vous int\u00e9ressent le plus, afin que votre don ait le plus d'impact possible et corresponde \u00e0 vos valeurs.<\/p><p>Plusieurs options de donation peuvent s'offrir \u00e0 vous dans le cadre de votre planification successorale. Veuillez noter que nous vous encourageons et attendons de vous que vous consultiez un conseiller professionnel pour d\u00e9terminer la meilleure option pour vous.<\/p><p><strong><a href=\"mailto:donations@seochc.on.ca\">Contactez donations@seochc.on.ca pour en savoir plus.<\/a><\/strong><\/p>\t\t\t\t\t\t\t\t<\/div>\n\t\t\t\t<\/div>\n\t\t\t\t\t<\/div>\n\t\t<\/div>\n\t\t\t\t\t<\/div>\n\t\t<\/section>\n\t\t\t\t<\/div>","protected":false},"excerpt":{"rendered":"<p>By leaving a gift in your Will, you are leaving a legacy as a community leader and advocate of systemic improvement in health services. A gift in your Will can provide you with important and helpful tax benefits, and your donation can go further to have an incredible impact on the health and well-being of [&hellip;]<\/p>\n","protected":false},"author":1,"featured_media":0,"parent":8924,"menu_order":0,"comment_status":"closed","ping_status":"closed","template":"","meta":{"_monsterinsights_skip_tracking":false,"_monsterinsights_sitenote_active":false,"_monsterinsights_sitenote_note":"","_monsterinsights_sitenote_category":0,"footnotes":"","_links_to":"","_links_to_target":""},"class_list":["post-9057","page","type-page","status-publish","hentry"],"aioseo_notices":[],"publishpress_future_workflow_manual_trigger":{"enabledWorkflows":[]},"rttpg_featured_image_url":null,"rttpg_author":{"display_name":"mastercontroller","author_link":"https:\/\/www.seochc.on.ca\/fr\/author\/mastercontroller\/"},"rttpg_comment":0,"rttpg_category":null,"rttpg_excerpt":"By leaving a gift in your Will, you are leaving a legacy as a community leader and advocate of systemic improvement in health services. A gift in your Will can provide you with important and helpful tax benefits, and your donation can go further to have an incredible impact on the health and well-being of&hellip;","_links":{"self":[{"href":"https:\/\/www.seochc.on.ca\/fr\/wp-json\/wp\/v2\/pages\/9057","targetHints":{"allow":["GET"]}}],"collection":[{"href":"https:\/\/www.seochc.on.ca\/fr\/wp-json\/wp\/v2\/pages"}],"about":[{"href":"https:\/\/www.seochc.on.ca\/fr\/wp-json\/wp\/v2\/types\/page"}],"author":[{"embeddable":true,"href":"https:\/\/www.seochc.on.ca\/fr\/wp-json\/wp\/v2\/users\/1"}],"replies":[{"embeddable":true,"href":"https:\/\/www.seochc.on.ca\/fr\/wp-json\/wp\/v2\/comments?post=9057"}],"version-history":[{"count":10,"href":"https:\/\/www.seochc.on.ca\/fr\/wp-json\/wp\/v2\/pages\/9057\/revisions"}],"predecessor-version":[{"id":9390,"href":"https:\/\/www.seochc.on.ca\/fr\/wp-json\/wp\/v2\/pages\/9057\/revisions\/9390"}],"up":[{"embeddable":true,"href":"https:\/\/www.seochc.on.ca\/fr\/wp-json\/wp\/v2\/pages\/8924"}],"wp:attachment":[{"href":"https:\/\/www.seochc.on.ca\/fr\/wp-json\/wp\/v2\/media?parent=9057"}],"curies":[{"name":"wp","href":"https:\/\/api.w.org\/{rel}","templated":true}]}}