{"id":9059,"date":"2025-06-04T15:22:02","date_gmt":"2025-06-04T19:22:02","guid":{"rendered":"https:\/\/www.seochc.on.ca\/?page_id=9059"},"modified":"2025-09-05T09:52:56","modified_gmt":"2025-09-05T13:52:56","slug":"giving-securities","status":"publish","type":"page","link":"https:\/\/www.seochc.on.ca\/fr\/ways-to-give\/giving-securities\/","title":{"rendered":"Donner des titres"},"content":{"rendered":"<div data-elementor-type=\"wp-page\" data-elementor-id=\"9059\" class=\"elementor elementor-9059\">\n\t\t\t\t\t\t<section class=\"elementor-section elementor-top-section elementor-element elementor-element-46e623d elementor-section-boxed elementor-section-height-default elementor-section-height-default\" data-id=\"46e623d\" data-element_type=\"section\" data-e-type=\"section\">\n\t\t\t\t\t\t<div class=\"elementor-container elementor-column-gap-default\">\n\t\t\t\t\t<div class=\"elementor-column elementor-col-100 elementor-top-column elementor-element elementor-element-4b1bc0d\" data-id=\"4b1bc0d\" data-element_type=\"column\" data-e-type=\"column\">\n\t\t\t<div class=\"elementor-widget-wrap elementor-element-populated\">\n\t\t\t\t\t\t<div class=\"elementor-element elementor-element-e12e161 elementor-widget elementor-widget-spacer\" data-id=\"e12e161\" data-element_type=\"widget\" data-e-type=\"widget\" data-widget_type=\"spacer.default\">\n\t\t\t\t<div class=\"elementor-widget-container\">\n\t\t\t\t\t\t\t<div class=\"elementor-spacer\">\n\t\t\t<div class=\"elementor-spacer-inner\"><\/div>\n\t\t<\/div>\n\t\t\t\t\t\t<\/div>\n\t\t\t\t<\/div>\n\t\t\t\t<div class=\"elementor-element elementor-element-64df24f elementor-widget elementor-widget-heading\" data-id=\"64df24f\" data-element_type=\"widget\" data-e-type=\"widget\" data-widget_type=\"heading.default\">\n\t\t\t\t<div class=\"elementor-widget-container\">\n\t\t\t\t\t<h2 class=\"elementor-heading-title elementor-size-default\">Don en titres<\/h2>\t\t\t\t<\/div>\n\t\t\t\t<\/div>\n\t\t\t\t<div class=\"elementor-element elementor-element-6fc120c elementor-widget elementor-widget-text-editor\" data-id=\"6fc120c\" data-element_type=\"widget\" data-e-type=\"widget\" data-widget_type=\"text-editor.default\">\n\t\t\t\t<div class=\"elementor-widget-container\">\n\t\t\t\t\t\t\t\t\t<p>Votre don de titres - actions, obligations ou fonds communs de placement - peut \u00eatre un moyen efficace et abordable de contribuer \u00e0 la lutte contre les facteurs sous-jacents qui contribuent aux disparit\u00e9s en mati\u00e8re de sant\u00e9 \u00e0 Ottawa.<\/p><p>Consultez votre conseiller ou votre courtier au sujet de vos intentions de don de titres, qui peuvent inclure des actions, des fonds communs de placement, des fonds distincts, des obligations, des actions accr\u00e9ditives et des options d'achat d'actions pour les employ\u00e9s.<\/p><p><a href=\"mailto:donations@seochc.on.ca\">Contactez donations@seochc.on.ca pour en savoir plus. <\/a><\/p>\t\t\t\t\t\t\t\t<\/div>\n\t\t\t\t<\/div>\n\t\t\t\t\t<\/div>\n\t\t<\/div>\n\t\t\t\t\t<\/div>\n\t\t<\/section>\n\t\t\t\t<\/div>","protected":false},"excerpt":{"rendered":"<p>Gift in Securities Your donation of securities \u2013 shares, bonds or mutual funds \u2013 can be an effective and affordable way to help address the underlying factors that contribute to health disparities in Ottawa. Consult with your advisor or broker about your intentions to donate Gifts of Securities which can include stocks, mutual funds, segregated [&hellip;]<\/p>\n","protected":false},"author":1,"featured_media":0,"parent":8924,"menu_order":0,"comment_status":"closed","ping_status":"closed","template":"","meta":{"_monsterinsights_skip_tracking":false,"_monsterinsights_sitenote_active":false,"_monsterinsights_sitenote_note":"","_monsterinsights_sitenote_category":0,"footnotes":"","_links_to":"","_links_to_target":""},"class_list":["post-9059","page","type-page","status-publish","hentry"],"aioseo_notices":[],"publishpress_future_workflow_manual_trigger":{"enabledWorkflows":[]},"rttpg_featured_image_url":null,"rttpg_author":{"display_name":"mastercontroller","author_link":"https:\/\/www.seochc.on.ca\/fr\/author\/mastercontroller\/"},"rttpg_comment":0,"rttpg_category":null,"rttpg_excerpt":"Gift in Securities Your donation of securities \u2013 shares, bonds or mutual funds \u2013 can be an effective and affordable way to help address the underlying factors that contribute to health disparities in Ottawa. Consult with your advisor or broker about your intentions to donate Gifts of Securities which can include stocks, mutual funds, segregated&hellip;","_links":{"self":[{"href":"https:\/\/www.seochc.on.ca\/fr\/wp-json\/wp\/v2\/pages\/9059","targetHints":{"allow":["GET"]}}],"collection":[{"href":"https:\/\/www.seochc.on.ca\/fr\/wp-json\/wp\/v2\/pages"}],"about":[{"href":"https:\/\/www.seochc.on.ca\/fr\/wp-json\/wp\/v2\/types\/page"}],"author":[{"embeddable":true,"href":"https:\/\/www.seochc.on.ca\/fr\/wp-json\/wp\/v2\/users\/1"}],"replies":[{"embeddable":true,"href":"https:\/\/www.seochc.on.ca\/fr\/wp-json\/wp\/v2\/comments?post=9059"}],"version-history":[{"count":10,"href":"https:\/\/www.seochc.on.ca\/fr\/wp-json\/wp\/v2\/pages\/9059\/revisions"}],"predecessor-version":[{"id":9393,"href":"https:\/\/www.seochc.on.ca\/fr\/wp-json\/wp\/v2\/pages\/9059\/revisions\/9393"}],"up":[{"embeddable":true,"href":"https:\/\/www.seochc.on.ca\/fr\/wp-json\/wp\/v2\/pages\/8924"}],"wp:attachment":[{"href":"https:\/\/www.seochc.on.ca\/fr\/wp-json\/wp\/v2\/media?parent=9059"}],"curies":[{"name":"wp","href":"https:\/\/api.w.org\/{rel}","templated":true}]}}