{"id":9065,"date":"2025-06-04T15:24:11","date_gmt":"2025-06-04T19:24:11","guid":{"rendered":"https:\/\/www.seochc.on.ca\/?page_id=9065"},"modified":"2025-09-05T09:53:38","modified_gmt":"2025-09-05T13:53:38","slug":"host-a-fundraising-event","status":"publish","type":"page","link":"https:\/\/www.seochc.on.ca\/fr\/ways-to-give\/host-a-fundraising-event\/","title":{"rendered":"Organiser un \u00e9v\u00e9nement de collecte de fonds"},"content":{"rendered":"<div data-elementor-type=\"wp-page\" data-elementor-id=\"9065\" class=\"elementor elementor-9065\">\n\t\t\t\t\t\t<section class=\"elementor-section elementor-top-section elementor-element elementor-element-5f2cf3e elementor-section-boxed elementor-section-height-default elementor-section-height-default\" data-id=\"5f2cf3e\" data-element_type=\"section\" data-e-type=\"section\">\n\t\t\t\t\t\t<div class=\"elementor-container elementor-column-gap-default\">\n\t\t\t\t\t<div class=\"elementor-column elementor-col-100 elementor-top-column elementor-element elementor-element-db64812\" data-id=\"db64812\" data-element_type=\"column\" data-e-type=\"column\">\n\t\t\t<div class=\"elementor-widget-wrap elementor-element-populated\">\n\t\t\t\t\t\t<div class=\"elementor-element elementor-element-7bf6e5f elementor-widget elementor-widget-text-editor\" data-id=\"7bf6e5f\" data-element_type=\"widget\" data-e-type=\"widget\" data-widget_type=\"text-editor.default\">\n\t\t\t\t<div class=\"elementor-widget-container\">\n\t\t\t\t\t\t\t\t\t<p>Ensemble, nous pouvons collecter des fonds pour favoriser des communaut\u00e9s plus saines.<\/p><p>Organisez votre propre \u00e9v\u00e9nement de collecte de fonds pour contribuer \u00e0 l'acc\u00e8s \u00e0 la sant\u00e9 et au bien-\u00eatre social de la communaut\u00e9.<\/p><p>Nous sommes reconnaissants \u00e0 chaque personne, organisation et entreprise locale qui choisit d'aider \u00e0 \u00e9liminer les obstacles au bien-\u00eatre, \u00e0 soutenir des services accessibles et adapt\u00e9s, et \u00e0 offrir des soins communautaires \u00e0 Ottawa.<\/p><p>Que vous choisissiez d'organiser un \u00e9v\u00e9nement en personne, une collecte de fonds en ligne ou de faire don d'une partie des recettes de votre \u00e9v\u00e9nement ou de votre campagne, sachez que vous faites une diff\u00e9rence positive.<\/p><p><strong>Voici quelques id\u00e9es pour vous aider \u00e0 d\u00e9marrer :\u00a0<\/strong><\/p><ul><li><strong>Anniversaire<\/strong> - Demandez \u00e0 vos amis, \u00e0 votre famille ou \u00e0 vos coll\u00e8gues de faire un don \u00e0 l'organisation caritative de votre choix au lieu d'offrir des cadeaux.<\/li><li><strong>Mariage<\/strong> - Choisissez de soutenir une cause caritative qui vous tient \u00e0 c\u0153ur plut\u00f4t que d'offrir des faveurs de mariage \u00e0 vos invit\u00e9s.<\/li><li><strong>Jalons<\/strong> - C\u00e9l\u00e9brez votre anniversaire, vos ann\u00e9es de travail ou d'autres moments m\u00e9morables en faisant un don au SEOCHC.<\/li><li><strong>Ev\u00e9nements<\/strong> - Vous pouvez organiser une marche, une randonn\u00e9e, un cyclisme, un bio-blitz, un d\u00e9fi, un spectacle de musique ou de talents afin de collecter des fonds pour am\u00e9liorer les r\u00e9sultats en mati\u00e8re de sant\u00e9.<\/li><li><strong>Ventes et ench\u00e8res<\/strong> - Faites participer vos bureaux ou vos \u00e9coles en organisant une vente de p\u00e2tisseries, une vente aux ench\u00e8res, des expositions ou des installations artistiques dont les recettes serviront \u00e0 soutenir une cause qui rassemble les gens pour investir dans une communaut\u00e9 saine et r\u00e9siliente.<\/li><\/ul><p><strong><a href=\"mailto:donations@seochc.on.ca\">Pour en savoir plus sur la mani\u00e8re dont votre organisation peut s'impliquer et faire la diff\u00e9rence, veuillez nous contacter en nous communiquant les d\u00e9tails de votre campagne de collecte de fonds ou de votre \u00e9v\u00e9nement.<\/a><\/strong><\/p>\t\t\t\t\t\t\t\t<\/div>\n\t\t\t\t<\/div>\n\t\t\t\t\t<\/div>\n\t\t<\/div>\n\t\t\t\t\t<\/div>\n\t\t<\/section>\n\t\t\t\t<\/div>","protected":false},"excerpt":{"rendered":"<p>Together we can raise funds to foster healthier communities. Host your own fundraising event to help provide accessible community health and social wellbeing. We are grateful for every individual, organization, and local business that chooses to help tackle barriers to well-being, support accessible, responsive services, and community-based care for Ottawa. Whether you choose to host [&hellip;]<\/p>\n","protected":false},"author":1,"featured_media":0,"parent":8924,"menu_order":0,"comment_status":"closed","ping_status":"closed","template":"","meta":{"_monsterinsights_skip_tracking":false,"_monsterinsights_sitenote_active":false,"_monsterinsights_sitenote_note":"","_monsterinsights_sitenote_category":0,"footnotes":"","_links_to":"","_links_to_target":""},"class_list":["post-9065","page","type-page","status-publish","hentry"],"aioseo_notices":[],"publishpress_future_workflow_manual_trigger":{"enabledWorkflows":[]},"rttpg_featured_image_url":null,"rttpg_author":{"display_name":"mastercontroller","author_link":"https:\/\/www.seochc.on.ca\/fr\/author\/mastercontroller\/"},"rttpg_comment":0,"rttpg_category":null,"rttpg_excerpt":"Together we can raise funds to foster healthier communities. Host your own fundraising event to help provide accessible community health and social wellbeing. We are grateful for every individual, organization, and local business that chooses to help tackle barriers to well-being, support accessible, responsive services, and community-based care for Ottawa. Whether you choose to host&hellip;","_links":{"self":[{"href":"https:\/\/www.seochc.on.ca\/fr\/wp-json\/wp\/v2\/pages\/9065","targetHints":{"allow":["GET"]}}],"collection":[{"href":"https:\/\/www.seochc.on.ca\/fr\/wp-json\/wp\/v2\/pages"}],"about":[{"href":"https:\/\/www.seochc.on.ca\/fr\/wp-json\/wp\/v2\/types\/page"}],"author":[{"embeddable":true,"href":"https:\/\/www.seochc.on.ca\/fr\/wp-json\/wp\/v2\/users\/1"}],"replies":[{"embeddable":true,"href":"https:\/\/www.seochc.on.ca\/fr\/wp-json\/wp\/v2\/comments?post=9065"}],"version-history":[{"count":7,"href":"https:\/\/www.seochc.on.ca\/fr\/wp-json\/wp\/v2\/pages\/9065\/revisions"}],"predecessor-version":[{"id":9396,"href":"https:\/\/www.seochc.on.ca\/fr\/wp-json\/wp\/v2\/pages\/9065\/revisions\/9396"}],"up":[{"embeddable":true,"href":"https:\/\/www.seochc.on.ca\/fr\/wp-json\/wp\/v2\/pages\/8924"}],"wp:attachment":[{"href":"https:\/\/www.seochc.on.ca\/fr\/wp-json\/wp\/v2\/media?parent=9065"}],"curies":[{"name":"wp","href":"https:\/\/api.w.org\/{rel}","templated":true}]}}