{"id":9071,"date":"2025-06-04T15:28:05","date_gmt":"2025-06-04T19:28:05","guid":{"rendered":"https:\/\/www.seochc.on.ca\/?page_id=9071"},"modified":"2025-09-05T09:54:28","modified_gmt":"2025-09-05T13:54:28","slug":"workplace-giving","status":"publish","type":"page","link":"https:\/\/www.seochc.on.ca\/fr\/ways-to-give\/workplace-giving\/","title":{"rendered":"Don sur le lieu de travail"},"content":{"rendered":"<div data-elementor-type=\"wp-page\" data-elementor-id=\"9071\" class=\"elementor elementor-9071\">\n\t\t\t\t\t\t<section class=\"elementor-section elementor-top-section elementor-element elementor-element-3e0ae53 elementor-section-boxed elementor-section-height-default elementor-section-height-default\" data-id=\"3e0ae53\" data-element_type=\"section\" data-e-type=\"section\">\n\t\t\t\t\t\t<div class=\"elementor-container elementor-column-gap-default\">\n\t\t\t\t\t<div class=\"elementor-column elementor-col-100 elementor-top-column elementor-element elementor-element-bde34d7\" data-id=\"bde34d7\" data-element_type=\"column\" data-e-type=\"column\">\n\t\t\t<div class=\"elementor-widget-wrap elementor-element-populated\">\n\t\t\t\t\t\t<div class=\"elementor-element elementor-element-0b4cdd1 elementor-widget elementor-widget-text-editor\" data-id=\"0b4cdd1\" data-element_type=\"widget\" data-e-type=\"widget\" data-widget_type=\"text-editor.default\">\n\t\t\t\t<div class=\"elementor-widget-container\">\n\t\t\t\t\t\t\t\t\t<p>Votre entreprise, petite ou grande, peut avoir un impact en investissant dans une communaut\u00e9 plus forte et plus dynamique.<\/p><p>Ensemble, nous pouvons rendre les services de sant\u00e9 plus accessibles et plus \u00e9quitables et fournir des soins qui vont au-del\u00e0 du traitement de la maladie en s'attaquant aux causes profondes des disparit\u00e9s en mati\u00e8re de sant\u00e9.<\/p><p>Les entreprises, quelle que soit leur taille, peuvent en b\u00e9n\u00e9ficier en soutenant des communaut\u00e9s plus fortes et plus dynamiques. La v\u00f4tre aussi !<\/p><p>Voici comment votre entreprise peut g\u00e9n\u00e9rer des changements \u00e0 Ottawa :<\/p><ul><li><strong>Dons des entreprises<\/strong> - Faites un don au nom de votre entreprise d\u00e8s aujourd'hui. (lien vers le formulaire de don)<\/li><li><strong>Partenariats commerciaux<\/strong> - Contactez-nous si vous souhaitez d\u00e9velopper notre partenariat<\/li><li><strong>\u00c9v\u00e9nements et campagnes de collecte de fonds pour les entreprises<\/strong> - engager vos employ\u00e9s et vos clients.<\/li><li><strong>Parrainage d'entreprise<\/strong> - \u00catre reconnu comme un partisan cl\u00e9 d'une communaut\u00e9 plus saine, plus \u00e9quitable et plus r\u00e9siliente pour tous.<\/li><\/ul><p><a href=\"mailto:donations@seochc.on.ca\">Contactez-nous d\u00e8s aujourd'hui pour en savoir plus sur la fa\u00e7on de devenir un partenaire de la SEOCHC.<\/a><\/p>\t\t\t\t\t\t\t\t<\/div>\n\t\t\t\t<\/div>\n\t\t\t\t\t<\/div>\n\t\t<\/div>\n\t\t\t\t\t<\/div>\n\t\t<\/section>\n\t\t\t\t<\/div>","protected":false},"excerpt":{"rendered":"<p>Your business, large or small, can create impact by investing in a stronger, more vibrant community. Together, we can make health services more accessible and equitable and provide care that goes beyond treating illness by addressing the root causes of health disparities. Any size business can benefit as they support stronger, and more vibrant communities. [&hellip;]<\/p>\n","protected":false},"author":1,"featured_media":0,"parent":8924,"menu_order":0,"comment_status":"closed","ping_status":"closed","template":"","meta":{"_monsterinsights_skip_tracking":false,"_monsterinsights_sitenote_active":false,"_monsterinsights_sitenote_note":"","_monsterinsights_sitenote_category":0,"footnotes":"","_links_to":"","_links_to_target":""},"class_list":["post-9071","page","type-page","status-publish","hentry"],"aioseo_notices":[],"publishpress_future_workflow_manual_trigger":{"enabledWorkflows":[]},"rttpg_featured_image_url":null,"rttpg_author":{"display_name":"mastercontroller","author_link":"https:\/\/www.seochc.on.ca\/fr\/author\/mastercontroller\/"},"rttpg_comment":0,"rttpg_category":null,"rttpg_excerpt":"Your business, large or small, can create impact by investing in a stronger, more vibrant community. Together, we can make health services more accessible and equitable and provide care that goes beyond treating illness by addressing the root causes of health disparities. Any size business can benefit as they support stronger, and more vibrant communities.&hellip;","_links":{"self":[{"href":"https:\/\/www.seochc.on.ca\/fr\/wp-json\/wp\/v2\/pages\/9071","targetHints":{"allow":["GET"]}}],"collection":[{"href":"https:\/\/www.seochc.on.ca\/fr\/wp-json\/wp\/v2\/pages"}],"about":[{"href":"https:\/\/www.seochc.on.ca\/fr\/wp-json\/wp\/v2\/types\/page"}],"author":[{"embeddable":true,"href":"https:\/\/www.seochc.on.ca\/fr\/wp-json\/wp\/v2\/users\/1"}],"replies":[{"embeddable":true,"href":"https:\/\/www.seochc.on.ca\/fr\/wp-json\/wp\/v2\/comments?post=9071"}],"version-history":[{"count":10,"href":"https:\/\/www.seochc.on.ca\/fr\/wp-json\/wp\/v2\/pages\/9071\/revisions"}],"predecessor-version":[{"id":9399,"href":"https:\/\/www.seochc.on.ca\/fr\/wp-json\/wp\/v2\/pages\/9071\/revisions\/9399"}],"up":[{"embeddable":true,"href":"https:\/\/www.seochc.on.ca\/fr\/wp-json\/wp\/v2\/pages\/8924"}],"wp:attachment":[{"href":"https:\/\/www.seochc.on.ca\/fr\/wp-json\/wp\/v2\/media?parent=9071"}],"curies":[{"name":"wp","href":"https:\/\/api.w.org\/{rel}","templated":true}]}}