{"id":9578,"date":"2025-10-14T16:38:46","date_gmt":"2025-10-14T20:38:46","guid":{"rendered":"https:\/\/www.seochc.on.ca\/?page_id=9578"},"modified":"2025-10-14T16:45:59","modified_gmt":"2025-10-14T20:45:59","slug":"preventative-care-wellness-clinic-midwifery-services","status":"publish","type":"page","link":"https:\/\/www.seochc.on.ca\/fr\/programs-and-services\/primary-care\/preventative-care-wellness-clinic-midwifery-services\/","title":{"rendered":"Clinique de soins pr\u00e9ventifs et de bien-\u00eatre - Services de sage-femme"},"content":{"rendered":"<div data-elementor-type=\"wp-page\" data-elementor-id=\"9578\" class=\"elementor elementor-9578\">\n\t\t\t\t\t\t<section class=\"elementor-section elementor-top-section elementor-element elementor-element-340ca4c elementor-section-boxed elementor-section-height-default elementor-section-height-default\" data-id=\"340ca4c\" data-element_type=\"section\" data-e-type=\"section\">\n\t\t\t\t\t\t<div class=\"elementor-container elementor-column-gap-default\">\n\t\t\t\t\t<div class=\"elementor-column elementor-col-100 elementor-top-column elementor-element elementor-element-f316865\" data-id=\"f316865\" data-element_type=\"column\" data-e-type=\"column\">\n\t\t\t<div class=\"elementor-widget-wrap elementor-element-populated\">\n\t\t\t\t\t\t<div class=\"elementor-element elementor-element-1d1e11e elementor-widget elementor-widget-text-editor\" data-id=\"1d1e11e\" data-element_type=\"widget\" data-e-type=\"widget\" data-widget_type=\"text-editor.default\">\n\t\t\t\t<div class=\"elementor-widget-container\">\n\t\t\t\t\t\t\t\t\t<div class=\"wp-block-columns\">\n<figure class=\"wp-block-image size-full\"><\/figure>\n<p><!-- \/wp:image --><\/p>\n<p><!-- \/wp:column --><!-- wp:column {\"width\":\"75%\"} --><\/p>\n<div class=\"wp-block-column\" style=\"flex-basis: 75%;\">\n<p><!-- wp:paragraph --><\/p>\n<p>La clinique des sages-femmes a pour mission de fournir des soins accessibles, culturellement adapt\u00e9s et empreints de compassion aux femmes enceintes et aux femmes en post-partum, ainsi qu'\u00e0 leur famille. Que vous soyez nouvellement enceinte, que vous naviguiez dans le r\u00e9tablissement post-partum ou que vous ayez des questions sur les soins aux nourrissons, notre \u00e9quipe de sages-femmes exp\u00e9riment\u00e9es est l\u00e0 pour vous aider !<\/p>\n<p><strong>Services offerts :<\/strong><\/p>\n<ul>\n<li>Probl\u00e8mes aigus pendant la grossesse ou le post-partum\u00a0<\/li>\n<li>Examens sanguins de routine de la grossesse, d\u00e9pistage, vaccins, \u00e9chographies\u00a0<\/li>\n<li>Perte de grossesse pr\u00e9coce\u00a0<\/li>\n<li>Pr\u00e9occupations p\u00e9rinatales li\u00e9es \u00e0 l'humeur<\/li>\n<li>Soutien \u00e0 une grossesse saine et \u00e0 la planification des naissances\u00a0<\/li>\n<li>Soins de routine aux nouveau-n\u00e9s<\/li>\n<li>Aide \u00e0 l'alimentation<\/li>\n<li>Navigation dans le syst\u00e8me\u00a0<\/li>\n<li>Planning familial, contraception, d\u00e9pistage du papillomavirus\u00a0<\/li>\n<li>Et plus encore !\u00a0<\/li>\n<\/ul>\n<p><!-- \/wp:paragraph --><\/p>\n<\/div>\n<p><!-- \/wp:column --><\/p>\n<\/div>\n<p><!-- \/wp:columns --><!-- wp:heading {\"style\":{\"color\":{\"background\":\"#10a1ea\"}},\"textColor\":\"white\",\"fontSize\":\"medium\"} --><\/p>\n<h2 class=\"wp-block-heading has-white-color has-text-color has-background has-medium-font-size\" style=\"background-color: #10a1ea;\">Admissibilit\u00e9 au programme<\/h2>\n<ul class=\"wp-block-list\">\n<li>Femmes enceintes ou en post-partum (0-6 semaines) vivant \u00e0 Ottawa\u00a0<\/li>\n<li><strong>Personnes n'ayant pas de prestataire de soins primaires\u00a0<\/strong><\/li>\n<li>Les personnes sans OHIP sont les bienvenues\u00a0<\/li>\n<li>Personnes confront\u00e9es \u00e0 des obstacles pour acc\u00e9der aux services de sage-femme\/p\u00e9rinatalit\u00e9<\/li>\n<li style=\"list-style-type: none;\">\u00a0<\/li>\n<\/ul>\n<p><!-- \/wp:paragraph --><!-- wp:heading {\"style\":{\"color\":{\"background\":\"#10a1ea\"}},\"textColor\":\"white\",\"fontSize\":\"medium\"} --><\/p>\n<h2 class=\"wp-block-heading has-white-color has-text-color has-background has-medium-font-size\" style=\"background-color: #10a1ea;\">Heures d'ouverture<\/h2>\n<p><!-- \/wp:heading --><!-- wp:image {\"id\":5494,\"sizeSlug\":\"medium\",\"linkDestination\":\"none\",\"align\":\"right\"} --><\/p>\n<p><!-- \/wp:image --><!-- wp:list --><\/p>\n<ul class=\"wp-block-list\">\n<li style=\"list-style-type: none;\">\n<ul class=\"wp-block-list\"><!-- wp:list-item --><\/ul>\n<\/li>\n<\/ul>\n<p>Lundi de 9h \u00e0 16h, mercredi de 13h \u00e0 19h et vendredi de 9h \u00e0 16h\u00a0<\/p>\n<p>Appeler le 613-212-9667, Fax 1-833-664-8803<\/p>\n<p>Courriel\u00a0<a href=\"mailto:PCWclinic@seochc.on.ca\">PCWclinic@seochc.on.ca<\/a>\u00a0pour prendre rendez-vous.<\/p>\n<h2 class=\"wp-block-heading has-white-color has-text-color has-background has-medium-font-size\" style=\"background-color: #10a1ea;\">Localisation<\/h2>\n<p>1355 Bank Street, Suite 600<\/p>\n<p><!-- \/wp:paragraph --><\/p>\t\t\t\t\t\t\t\t<\/div>\n\t\t\t\t<\/div>\n\t\t\t\t\t<\/div>\n\t\t<\/div>\n\t\t\t\t\t<\/div>\n\t\t<\/section>\n\t\t\t\t<section class=\"elementor-section elementor-top-section elementor-element elementor-element-c76684a elementor-section-boxed elementor-section-height-default elementor-section-height-default\" data-id=\"c76684a\" data-element_type=\"section\" data-e-type=\"section\">\n\t\t\t\t\t\t<div class=\"elementor-container elementor-column-gap-default\">\n\t\t\t\t\t<div class=\"elementor-column elementor-col-100 elementor-top-column elementor-element elementor-element-26c4a77\" data-id=\"26c4a77\" data-element_type=\"column\" data-e-type=\"column\">\n\t\t\t<div class=\"elementor-widget-wrap\">\n\t\t\t\t\t\t\t<\/div>\n\t\t<\/div>\n\t\t\t\t\t<\/div>\n\t\t<\/section>\n\t\t\t\t<\/div>","protected":false},"excerpt":{"rendered":"<p>The Midwifery Clinic is dedicated to providing accessible, culturally responsive and compassionate care for pregnant and postpartum individuals and their families. Whether you\u2019re newly pregnant, navigating postpartum recovery, or have questions about infant care, our experienced midwifery team is here to support you! Services offered: Acute concerns in pregnancy or postpartum\u00a0 Routine pregnancy bloodwork, screening, [&hellip;]<\/p>\n","protected":false},"author":9,"featured_media":0,"parent":4526,"menu_order":0,"comment_status":"closed","ping_status":"closed","template":"","meta":{"_monsterinsights_skip_tracking":false,"_monsterinsights_sitenote_active":false,"_monsterinsights_sitenote_note":"","_monsterinsights_sitenote_category":0,"footnotes":"","_links_to":"","_links_to_target":""},"class_list":["post-9578","page","type-page","status-publish","hentry"],"aioseo_notices":[],"publishpress_future_workflow_manual_trigger":{"enabledWorkflows":[]},"rttpg_featured_image_url":null,"rttpg_author":{"display_name":"Stacey Simpson","author_link":"https:\/\/www.seochc.on.ca\/fr\/author\/staceys\/"},"rttpg_comment":0,"rttpg_category":null,"rttpg_excerpt":"The Midwifery Clinic is dedicated to providing accessible, culturally responsive and compassionate care for pregnant and postpartum individuals and their families. Whether you\u2019re newly pregnant, navigating postpartum recovery, or have questions about infant care, our experienced midwifery team is here to support you! Services offered: Acute concerns in pregnancy or postpartum\u00a0 Routine pregnancy bloodwork, screening,&hellip;","_links":{"self":[{"href":"https:\/\/www.seochc.on.ca\/fr\/wp-json\/wp\/v2\/pages\/9578","targetHints":{"allow":["GET"]}}],"collection":[{"href":"https:\/\/www.seochc.on.ca\/fr\/wp-json\/wp\/v2\/pages"}],"about":[{"href":"https:\/\/www.seochc.on.ca\/fr\/wp-json\/wp\/v2\/types\/page"}],"author":[{"embeddable":true,"href":"https:\/\/www.seochc.on.ca\/fr\/wp-json\/wp\/v2\/users\/9"}],"replies":[{"embeddable":true,"href":"https:\/\/www.seochc.on.ca\/fr\/wp-json\/wp\/v2\/comments?post=9578"}],"version-history":[{"count":8,"href":"https:\/\/www.seochc.on.ca\/fr\/wp-json\/wp\/v2\/pages\/9578\/revisions"}],"predecessor-version":[{"id":9587,"href":"https:\/\/www.seochc.on.ca\/fr\/wp-json\/wp\/v2\/pages\/9578\/revisions\/9587"}],"up":[{"embeddable":true,"href":"https:\/\/www.seochc.on.ca\/fr\/wp-json\/wp\/v2\/pages\/4526"}],"wp:attachment":[{"href":"https:\/\/www.seochc.on.ca\/fr\/wp-json\/wp\/v2\/media?parent=9578"}],"curies":[{"name":"wp","href":"https:\/\/api.w.org\/{rel}","templated":true}]}}