{"id":9720,"date":"2025-12-02T08:21:10","date_gmt":"2025-12-02T13:21:10","guid":{"rendered":"https:\/\/www.seochc.on.ca\/?page_id=9720"},"modified":"2025-12-09T11:09:50","modified_gmt":"2025-12-09T16:09:50","slug":"acb-mental-health","status":"publish","type":"page","link":"https:\/\/www.seochc.on.ca\/fr\/acb-mental-health\/","title":{"rendered":"Bien-\u00eatre des jeunes de l'ACB"},"content":{"rendered":"<div data-elementor-type=\"wp-page\" data-elementor-id=\"9720\" class=\"elementor elementor-9720\">\n\t\t\t\t\t\t<section class=\"elementor-section elementor-top-section elementor-element elementor-element-32d0862b elementor-section-boxed elementor-section-height-default elementor-section-height-default\" data-id=\"32d0862b\" data-element_type=\"section\" data-e-type=\"section\">\n\t\t\t\t\t\t<div class=\"elementor-container elementor-column-gap-default\">\n\t\t\t\t\t<div class=\"elementor-column elementor-col-100 elementor-top-column elementor-element elementor-element-29b6e7fa\" data-id=\"29b6e7fa\" data-element_type=\"column\" data-e-type=\"column\">\n\t\t\t<div class=\"elementor-widget-wrap elementor-element-populated\">\n\t\t\t\t\t\t<div class=\"elementor-element elementor-element-3342de21 elementor-widget elementor-widget-text-editor\" data-id=\"3342de21\" data-element_type=\"widget\" data-e-type=\"widget\" data-widget_type=\"text-editor.default\">\n\t\t\t\t<div class=\"elementor-widget-container\">\n\t\t\t\t\t\t\t\t\t<p>Le programme de bien-\u00eatre des jeunes de l'ACB vise \u00e0 fournir aux enfants et aux jeunes d'origine africaine, carib\u00e9enne et noire un soutien adapt\u00e9 \u00e0 leur culture et tenant compte des traumatismes. Nos programmes sont con\u00e7us pour \u00eatre sans obstacles et pour impliquer les enfants et les jeunes les plus vuln\u00e9rables qui vivent dans notre r\u00e9gion d'Ottawa.<\/p>\n<p>Ce programme est nouveau et en pleine \u00e9volution.\u00a0<\/p>\n<p class=\"cvGsUA direction-ltr align-start para-style-body\"><strong><span class=\"a_GcMg font-feature-liga-off font-feature-clig-off font-feature-calt-off text-decoration-none text-strikethrough-none\">Court terme<\/span> <span class=\"a_GcMg font-feature-liga-off font-feature-clig-off font-feature-calt-off text-decoration-none text-strikethrough-none\">Conseils : <\/span><\/strong><span class=\"a_GcMg font-feature-liga-off font-feature-clig-off font-feature-calt-off text-decoration-none text-strikethrough-none\">S\u00e9ances individuelles avec un travailleur social (sur rendez-vous) 12-18 ans\u00a0 <strong>*Disponible maintenant<\/strong><\/span><\/p>\n<p class=\"cvGsUA direction-ltr align-start para-style-body\"><strong><span class=\"a_GcMg font-feature-liga-off font-feature-clig-off font-feature-calt-off text-decoration-none text-strikethrough-none\">S\u00e9ances d'information sur le bien-\u00eatre : <\/span><\/strong><span class=\"a_GcMg font-feature-liga-off font-feature-clig-off font-feature-calt-off text-decoration-none text-strikethrough-none\">Se connecter avec notre travailleur de proximit\u00e9 dans un espace de soutien<\/span><\/p>\n<p class=\"cvGsUA direction-ltr align-start para-style-body\"><strong><span class=\"a_GcMg font-feature-liga-off font-feature-clig-off font-feature-calt-off text-decoration-none text-strikethrough-none\">Programmes en petits groupes : <\/span><\/strong><span class=\"a_GcMg font-feature-liga-off font-feature-clig-off font-feature-calt-off text-decoration-none text-strikethrough-none\">S\u00e9ances de groupe anim\u00e9es par notre \u00e9quipe en milieu communautaire<\/span><\/p>\n<p class=\"cvGsUA direction-ltr align-start para-style-body\"><strong><span class=\"a_GcMg font-feature-liga-off font-feature-clig-off font-feature-calt-off text-decoration-none text-strikethrough-none\">Pr\u00e9sentations sur le bien-\u00eatre et sensibilisation : <\/span><\/strong><span class=\"a_GcMg font-feature-liga-off font-feature-clig-off font-feature-calt-off text-decoration-none text-strikethrough-none\">Soutenir le bien-\u00eatre et la r\u00e9silience dans notre communaut\u00e9 <strong>*Disponible maintenant<\/strong><\/span><\/p>\n<p><!-- \/wp:paragraph --><!-- wp:heading --><\/p>\n<h2 class=\"wp-block-heading\">Crit\u00e8res d'\u00e9ligibilit\u00e9<\/h2>\n<p><!-- \/wp:heading --><!-- wp:paragraph --><\/p>\n<ul>\n<li class=\"cvGsUA direction-ltr align-start para-style-body\"><span class=\"a_GcMg font-feature-liga-off font-feature-clig-off font-feature-calt-off text-decoration-none text-strikethrough-none\"><strong>L'\u00e2ge :<\/strong> Enfants et jeunes de 6 \u00e0 18 ans<\/span><\/li>\n<li class=\"cvGsUA direction-ltr align-start para-style-body\"><span class=\"a_GcMg font-feature-liga-off font-feature-clig-off font-feature-calt-off text-decoration-none text-strikethrough-none\"><strong>Situ\u00e9 :<\/strong> Ottawa<\/span><\/li>\n<li class=\"cvGsUA direction-ltr align-start para-style-body\"><span class=\"a_GcMg font-feature-liga-off font-feature-clig-off font-feature-calt-off text-decoration-none text-strikethrough-none\"><strong>Identit\u00e9 :<\/strong> Africaine, carib\u00e9enne ou noire<\/span><\/li>\n<\/ul>\n<div>\n<div>\n<div>\n<p>R\u00e9f\u00e9rences :<\/p>\n<ul>\n<li>Courriel : ACBMentalhealth@seochc.on.ca<\/li>\n<li>T\u00e9l\u00e9phone - +1 (613)-737-7195 poste 1913<\/li>\n<\/ul>\n<\/div>\n<div>\u00a0<\/div>\n<\/div>\n<\/div>\n<p><!-- \/wp:paragraph --><!-- wp:paragraph --><\/p>\n<p><!-- \/wp:paragraph --><!-- wp:heading --><\/p>\n<p><!-- \/wp:paragraph --><!-- wp:heading --><\/p>\n<h2 class=\"wp-block-heading\">Localisation<\/h2>\n<p><!-- \/wp:heading --><!-- wp:paragraph --><\/p>\n<div>\n<div>\n<div>\n<ul>\n<li>Centre de ressources pour le bien-\u00eatre ACB : 610, rue Donald\u00a0<\/li>\n<li>Centre de loisirs Hunt Club : 3320 Paul Anka Drive<\/li>\n<li>Early ON Community House : 22- 1485 Heatherington Rd<\/li>\n<li>Site principal : 6\u00e8me \u00e9tage - 1355 Bank Street\u00a0<\/li>\n<li>Dans les communaut\u00e9s<\/li>\n<\/ul>\n<\/div>\n<div>\u00a0<\/div>\n<div>\u00a0<\/div>\n<div>\u00a0<\/div>\n<\/div>\n<\/div>\n<p><!-- \/wp:paragraph --><!-- wp:paragraph --><\/p>\n<p><!-- \/wp:paragraph --><\/p>\t\t\t\t\t\t\t\t<\/div>\n\t\t\t\t<\/div>\n\t\t\t\t\t<\/div>\n\t\t<\/div>\n\t\t\t\t\t<\/div>\n\t\t<\/section>\n\t\t\t\t<\/div>","protected":false},"excerpt":{"rendered":"<p>The ACB Youth Wellness Program aims to provide culturally responsive, trauma informed support for African, Caribbean, and Black children and youth. Our programs are designed to be barrier free and engage more vulnerable children and youth living within our Ottawa catchment. This program is new and evolving.\u00a0 Short-Term Counselling: One-on-one sessions with a Social Worker [&hellip;]<\/p>\n","protected":false},"author":9,"featured_media":9725,"parent":0,"menu_order":0,"comment_status":"closed","ping_status":"closed","template":"","meta":{"_monsterinsights_skip_tracking":false,"_monsterinsights_sitenote_active":false,"_monsterinsights_sitenote_note":"","_monsterinsights_sitenote_category":0,"footnotes":"","_links_to":"","_links_to_target":""},"class_list":["post-9720","page","type-page","status-publish","has-post-thumbnail","hentry"],"aioseo_notices":[],"publishpress_future_workflow_manual_trigger":{"enabledWorkflows":[]},"rttpg_featured_image_url":{"full":["https:\/\/www.seochc.on.ca\/wp-content\/uploads\/2025\/12\/English.png",1728,2304,false],"landscape":["https:\/\/www.seochc.on.ca\/wp-content\/uploads\/2025\/12\/English.png",1728,2304,false],"portraits":["https:\/\/www.seochc.on.ca\/wp-content\/uploads\/2025\/12\/English.png",1728,2304,false],"thumbnail":["https:\/\/www.seochc.on.ca\/wp-content\/uploads\/2025\/12\/English-150x150.png",150,150,true],"medium":["https:\/\/www.seochc.on.ca\/wp-content\/uploads\/2025\/12\/English-225x300.png",225,300,true],"large":["https:\/\/www.seochc.on.ca\/wp-content\/uploads\/2025\/12\/English-768x1024.png",768,1024,true],"1536x1536":["https:\/\/www.seochc.on.ca\/wp-content\/uploads\/2025\/12\/English-1152x1536.png",1152,1536,true],"2048x2048":["https:\/\/www.seochc.on.ca\/wp-content\/uploads\/2025\/12\/English-1536x2048.png",1536,2048,true],"trp-custom-language-flag":["https:\/\/www.seochc.on.ca\/wp-content\/uploads\/2025\/12\/English-9x12.png",9,12,true],"rt_custom":["https:\/\/www.seochc.on.ca\/wp-content\/uploads\/2025\/12\/English.png",1728,2304,false]},"rttpg_author":{"display_name":"Stacey Simpson","author_link":"https:\/\/www.seochc.on.ca\/fr\/author\/staceys\/"},"rttpg_comment":0,"rttpg_category":null,"rttpg_excerpt":"The ACB Youth Wellness Program aims to provide culturally responsive, trauma informed support for African, Caribbean, and Black children and youth. Our programs are designed to be barrier free and engage more vulnerable children and youth living within our Ottawa catchment. This program is new and evolving.\u00a0 Short-Term Counselling: One-on-one sessions with a Social Worker&hellip;","_links":{"self":[{"href":"https:\/\/www.seochc.on.ca\/fr\/wp-json\/wp\/v2\/pages\/9720","targetHints":{"allow":["GET"]}}],"collection":[{"href":"https:\/\/www.seochc.on.ca\/fr\/wp-json\/wp\/v2\/pages"}],"about":[{"href":"https:\/\/www.seochc.on.ca\/fr\/wp-json\/wp\/v2\/types\/page"}],"author":[{"embeddable":true,"href":"https:\/\/www.seochc.on.ca\/fr\/wp-json\/wp\/v2\/users\/9"}],"replies":[{"embeddable":true,"href":"https:\/\/www.seochc.on.ca\/fr\/wp-json\/wp\/v2\/comments?post=9720"}],"version-history":[{"count":11,"href":"https:\/\/www.seochc.on.ca\/fr\/wp-json\/wp\/v2\/pages\/9720\/revisions"}],"predecessor-version":[{"id":9751,"href":"https:\/\/www.seochc.on.ca\/fr\/wp-json\/wp\/v2\/pages\/9720\/revisions\/9751"}],"wp:featuredmedia":[{"embeddable":true,"href":"https:\/\/www.seochc.on.ca\/fr\/wp-json\/wp\/v2\/media\/9725"}],"wp:attachment":[{"href":"https:\/\/www.seochc.on.ca\/fr\/wp-json\/wp\/v2\/media?parent=9720"}],"curies":[{"name":"wp","href":"https:\/\/api.w.org\/{rel}","templated":true}]}}